
{"id":1003,"date":"2024-01-03T08:00:06","date_gmt":"2024-01-03T08:00:06","guid":{"rendered":"https:\/\/vincenz-wengen.ch\/shop\/?post_type=product&#038;p=1003"},"modified":"2024-01-09T15:56:30","modified_gmt":"2024-01-09T15:56:30","slug":"gutschein","status":"publish","type":"product","link":"https:\/\/vincenz-wengen.ch\/shop\/produkt\/gutschein\/","title":{"rendered":"Geschenk-Gutschein-Test"},"content":{"rendered":"","protected":false},"excerpt":{"rendered":"<p><span style=\"font-size: 12pt;\"><strong>Geschenk-Gutscheine von B\u00e4ckerei-Konditorei Vincenz<br \/>\n<\/strong><\/span><\/p>\n<p>Ein Gutschein ist immer willkommen \u2013 als Geschenk oder auch f\u00fcr sich selbst.\u00a0 Der Wert des Gutscheins ist auf den notieren Betrag fixiert. Der Gutschein ist im Laden oder im online-Shop f\u00fcr alle Produkte (nur als Ganzes &amp; einmal) einl\u00f6sbar.<\/p>\n<ul>\n<li><span style=\"font-size: 10pt;\">Varianten: CHF 25.00 \/ 50.00 \/ 100.00 \/ 150.00 \/ 200.00<\/span><\/li>\n<li><span style=\"font-size: 10pt;\">Lieferfrist: direkt Online, pdf-Mail-Versand<\/span><\/li>\n<li><span style=\"font-size: 10pt;\">Wichtig: Gutscheine k\u00f6nnen nur als Ganzes (keine Teileinl\u00f6sung) eingel\u00f6st werden. Beachten Sie dies bei der Auswahl der Werte und Anzahl.<\/span><\/li>\n<\/ul>\n","protected":false},"featured_media":1132,"comment_status":"open","ping_status":"closed","template":"","meta":[],"product_brand":[],"product_cat":[32],"product_tag":[],"class_list":{"0":"post-1003","1":"product","2":"type-product","3":"status-publish","4":"has-post-thumbnail","6":"product_cat-gutschein","7":"product_shipping_class-kostenloser-versand-per-mail","9":"first","10":"instock","11":"purchasable","12":"product-type-variable"},"yoast_head":"<!-- This site is optimized with the Yoast SEO plugin v27.5 - https:\/\/yoast.com\/product\/yoast-seo-wordpress\/ -->\n<title>Geschenk-Gutschein-Test - B\u00e4ckerei-Konditorei Vincenz AG<\/title>\n<meta name=\"robots\" content=\"index, follow, max-snippet:-1, max-image-preview:large, max-video-preview:-1\" \/>\n<link rel=\"canonical\" href=\"https:\/\/vincenz-wengen.ch\/shop\/produkt\/gutschein\/\" \/>\n<meta property=\"og:locale\" content=\"de_DE\" \/>\n<meta property=\"og:type\" content=\"article\" \/>\n<meta property=\"og:title\" content=\"Geschenk-Gutschein-Test - B\u00e4ckerei-Konditorei Vincenz AG\" \/>\n<meta property=\"og:description\" content=\"Geschenk-Gutscheine von B\u00e4ckerei-Konditorei Vincenz   Ein Gutschein ist immer willkommen \u2013 als Geschenk oder auch f\u00fcr sich selbst.\u00a0 Der Wert des Gutscheins ist auf den notieren Betrag fixiert. Der Gutschein ist im Laden oder im online-Shop f\u00fcr alle Produkte (nur als Ganzes &amp; einmal) einl\u00f6sbar.   Varianten: CHF 25.00 \/ 50.00 \/ 100.00 \/ 150.00 \/ 200.00  Lieferfrist: direkt Online, pdf-Mail-Versand  Wichtig: Gutscheine k\u00f6nnen nur als Ganzes (keine Teileinl\u00f6sung) eingel\u00f6st werden. Beachten Sie dies bei der Auswahl der Werte und Anzahl.\" \/>\n<meta property=\"og:url\" content=\"https:\/\/vincenz-wengen.ch\/shop\/produkt\/gutschein\/\" \/>\n<meta property=\"og:site_name\" content=\"B\u00e4ckerei-Konditorei Vincenz AG\" \/>\n<meta property=\"article:modified_time\" content=\"2024-01-09T15:56:30+00:00\" \/>\n<meta property=\"og:image\" content=\"https:\/\/vincenz-wengen.ch\/shop\/wp-content\/uploads\/2023\/02\/Gutschein-Neutral-Web-Bild_IMG_5976-Q1400.jpg\" \/>\n\t<meta property=\"og:image:width\" content=\"1400\" \/>\n\t<meta property=\"og:image:height\" content=\"1400\" \/>\n\t<meta property=\"og:image:type\" content=\"image\/jpeg\" \/>\n<meta name=\"twitter:card\" content=\"summary_large_image\" \/>\n<meta name=\"twitter:label1\" content=\"Gesch\u00e4tzte Lesezeit\" \/>\n\t<meta name=\"twitter:data1\" content=\"1\u00a0Minute\" \/>\n<script type=\"application\/ld+json\" class=\"yoast-schema-graph\">{\"@context\":\"https:\\\/\\\/schema.org\",\"@graph\":[{\"@type\":\"WebPage\",\"@id\":\"https:\\\/\\\/vincenz-wengen.ch\\\/shop\\\/produkt\\\/gutschein\\\/\",\"url\":\"https:\\\/\\\/vincenz-wengen.ch\\\/shop\\\/produkt\\\/gutschein\\\/\",\"name\":\"Geschenk-Gutschein-Test - B\u00e4ckerei-Konditorei Vincenz AG\",\"isPartOf\":{\"@id\":\"https:\\\/\\\/vincenz-wengen.ch\\\/shop\\\/#website\"},\"primaryImageOfPage\":{\"@id\":\"https:\\\/\\\/vincenz-wengen.ch\\\/shop\\\/produkt\\\/gutschein\\\/#primaryimage\"},\"image\":{\"@id\":\"https:\\\/\\\/vincenz-wengen.ch\\\/shop\\\/produkt\\\/gutschein\\\/#primaryimage\"},\"thumbnailUrl\":\"https:\\\/\\\/vincenz-wengen.ch\\\/shop\\\/wp-content\\\/uploads\\\/2023\\\/02\\\/Gutschein-Neutral-Web-Bild_IMG_5976-Q1400.jpg\",\"datePublished\":\"2024-01-03T08:00:06+00:00\",\"dateModified\":\"2024-01-09T15:56:30+00:00\",\"breadcrumb\":{\"@id\":\"https:\\\/\\\/vincenz-wengen.ch\\\/shop\\\/produkt\\\/gutschein\\\/#breadcrumb\"},\"inLanguage\":\"de\",\"potentialAction\":[{\"@type\":\"ReadAction\",\"target\":[\"https:\\\/\\\/vincenz-wengen.ch\\\/shop\\\/produkt\\\/gutschein\\\/\"]}]},{\"@type\":\"ImageObject\",\"inLanguage\":\"de\",\"@id\":\"https:\\\/\\\/vincenz-wengen.ch\\\/shop\\\/produkt\\\/gutschein\\\/#primaryimage\",\"url\":\"https:\\\/\\\/vincenz-wengen.ch\\\/shop\\\/wp-content\\\/uploads\\\/2023\\\/02\\\/Gutschein-Neutral-Web-Bild_IMG_5976-Q1400.jpg\",\"contentUrl\":\"https:\\\/\\\/vincenz-wengen.ch\\\/shop\\\/wp-content\\\/uploads\\\/2023\\\/02\\\/Gutschein-Neutral-Web-Bild_IMG_5976-Q1400.jpg\",\"width\":1400,\"height\":1400},{\"@type\":\"BreadcrumbList\",\"@id\":\"https:\\\/\\\/vincenz-wengen.ch\\\/shop\\\/produkt\\\/gutschein\\\/#breadcrumb\",\"itemListElement\":[{\"@type\":\"ListItem\",\"position\":1,\"name\":\"Startseite\",\"item\":\"https:\\\/\\\/vincenz-wengen.ch\\\/shop\\\/\"},{\"@type\":\"ListItem\",\"position\":2,\"name\":\"Shop\",\"item\":\"https:\\\/\\\/vincenz-wengen.ch\\\/shop\\\/shop\\\/\"},{\"@type\":\"ListItem\",\"position\":3,\"name\":\"Geschenk-Gutschein-Test\"}]},{\"@type\":\"WebSite\",\"@id\":\"https:\\\/\\\/vincenz-wengen.ch\\\/shop\\\/#website\",\"url\":\"https:\\\/\\\/vincenz-wengen.ch\\\/shop\\\/\",\"name\":\"B\u00e4ckerei-Konditorei Vincenz AG\",\"description\":\"SHOP\",\"potentialAction\":[{\"@type\":\"SearchAction\",\"target\":{\"@type\":\"EntryPoint\",\"urlTemplate\":\"https:\\\/\\\/vincenz-wengen.ch\\\/shop\\\/?s={search_term_string}\"},\"query-input\":{\"@type\":\"PropertyValueSpecification\",\"valueRequired\":true,\"valueName\":\"search_term_string\"}}],\"inLanguage\":\"de\"}]}<\/script>\n<!-- \/ Yoast SEO plugin. -->","yoast_head_json":{"title":"Geschenk-Gutschein-Test - B\u00e4ckerei-Konditorei Vincenz AG","robots":{"index":"index","follow":"follow","max-snippet":"max-snippet:-1","max-image-preview":"max-image-preview:large","max-video-preview":"max-video-preview:-1"},"canonical":"https:\/\/vincenz-wengen.ch\/shop\/produkt\/gutschein\/","og_locale":"de_DE","og_type":"article","og_title":"Geschenk-Gutschein-Test - B\u00e4ckerei-Konditorei Vincenz AG","og_description":"Geschenk-Gutscheine von B\u00e4ckerei-Konditorei Vincenz   Ein Gutschein ist immer willkommen \u2013 als Geschenk oder auch f\u00fcr sich selbst.\u00a0 Der Wert des Gutscheins ist auf den notieren Betrag fixiert. Der Gutschein ist im Laden oder im online-Shop f\u00fcr alle Produkte (nur als Ganzes &amp; einmal) einl\u00f6sbar.   Varianten: CHF 25.00 \/ 50.00 \/ 100.00 \/ 150.00 \/ 200.00  Lieferfrist: direkt Online, pdf-Mail-Versand  Wichtig: Gutscheine k\u00f6nnen nur als Ganzes (keine Teileinl\u00f6sung) eingel\u00f6st werden. Beachten Sie dies bei der Auswahl der Werte und Anzahl.","og_url":"https:\/\/vincenz-wengen.ch\/shop\/produkt\/gutschein\/","og_site_name":"B\u00e4ckerei-Konditorei Vincenz AG","article_modified_time":"2024-01-09T15:56:30+00:00","og_image":[{"width":1400,"height":1400,"url":"https:\/\/vincenz-wengen.ch\/shop\/wp-content\/uploads\/2023\/02\/Gutschein-Neutral-Web-Bild_IMG_5976-Q1400.jpg","type":"image\/jpeg"}],"twitter_card":"summary_large_image","twitter_misc":{"Gesch\u00e4tzte Lesezeit":"1\u00a0Minute"},"schema":{"@context":"https:\/\/schema.org","@graph":[{"@type":"WebPage","@id":"https:\/\/vincenz-wengen.ch\/shop\/produkt\/gutschein\/","url":"https:\/\/vincenz-wengen.ch\/shop\/produkt\/gutschein\/","name":"Geschenk-Gutschein-Test - B\u00e4ckerei-Konditorei Vincenz AG","isPartOf":{"@id":"https:\/\/vincenz-wengen.ch\/shop\/#website"},"primaryImageOfPage":{"@id":"https:\/\/vincenz-wengen.ch\/shop\/produkt\/gutschein\/#primaryimage"},"image":{"@id":"https:\/\/vincenz-wengen.ch\/shop\/produkt\/gutschein\/#primaryimage"},"thumbnailUrl":"https:\/\/vincenz-wengen.ch\/shop\/wp-content\/uploads\/2023\/02\/Gutschein-Neutral-Web-Bild_IMG_5976-Q1400.jpg","datePublished":"2024-01-03T08:00:06+00:00","dateModified":"2024-01-09T15:56:30+00:00","breadcrumb":{"@id":"https:\/\/vincenz-wengen.ch\/shop\/produkt\/gutschein\/#breadcrumb"},"inLanguage":"de","potentialAction":[{"@type":"ReadAction","target":["https:\/\/vincenz-wengen.ch\/shop\/produkt\/gutschein\/"]}]},{"@type":"ImageObject","inLanguage":"de","@id":"https:\/\/vincenz-wengen.ch\/shop\/produkt\/gutschein\/#primaryimage","url":"https:\/\/vincenz-wengen.ch\/shop\/wp-content\/uploads\/2023\/02\/Gutschein-Neutral-Web-Bild_IMG_5976-Q1400.jpg","contentUrl":"https:\/\/vincenz-wengen.ch\/shop\/wp-content\/uploads\/2023\/02\/Gutschein-Neutral-Web-Bild_IMG_5976-Q1400.jpg","width":1400,"height":1400},{"@type":"BreadcrumbList","@id":"https:\/\/vincenz-wengen.ch\/shop\/produkt\/gutschein\/#breadcrumb","itemListElement":[{"@type":"ListItem","position":1,"name":"Startseite","item":"https:\/\/vincenz-wengen.ch\/shop\/"},{"@type":"ListItem","position":2,"name":"Shop","item":"https:\/\/vincenz-wengen.ch\/shop\/shop\/"},{"@type":"ListItem","position":3,"name":"Geschenk-Gutschein-Test"}]},{"@type":"WebSite","@id":"https:\/\/vincenz-wengen.ch\/shop\/#website","url":"https:\/\/vincenz-wengen.ch\/shop\/","name":"B\u00e4ckerei-Konditorei Vincenz AG","description":"SHOP","potentialAction":[{"@type":"SearchAction","target":{"@type":"EntryPoint","urlTemplate":"https:\/\/vincenz-wengen.ch\/shop\/?s={search_term_string}"},"query-input":{"@type":"PropertyValueSpecification","valueRequired":true,"valueName":"search_term_string"}}],"inLanguage":"de"}]}},"_links":{"self":[{"href":"https:\/\/vincenz-wengen.ch\/shop\/wp-json\/wp\/v2\/product\/1003","targetHints":{"allow":["GET"]}}],"collection":[{"href":"https:\/\/vincenz-wengen.ch\/shop\/wp-json\/wp\/v2\/product"}],"about":[{"href":"https:\/\/vincenz-wengen.ch\/shop\/wp-json\/wp\/v2\/types\/product"}],"replies":[{"embeddable":true,"href":"https:\/\/vincenz-wengen.ch\/shop\/wp-json\/wp\/v2\/comments?post=1003"}],"wp:featuredmedia":[{"embeddable":true,"href":"https:\/\/vincenz-wengen.ch\/shop\/wp-json\/wp\/v2\/media\/1132"}],"wp:attachment":[{"href":"https:\/\/vincenz-wengen.ch\/shop\/wp-json\/wp\/v2\/media?parent=1003"}],"wp:term":[{"taxonomy":"product_brand","embeddable":true,"href":"https:\/\/vincenz-wengen.ch\/shop\/wp-json\/wp\/v2\/product_brand?post=1003"},{"taxonomy":"product_cat","embeddable":true,"href":"https:\/\/vincenz-wengen.ch\/shop\/wp-json\/wp\/v2\/product_cat?post=1003"},{"taxonomy":"product_tag","embeddable":true,"href":"https:\/\/vincenz-wengen.ch\/shop\/wp-json\/wp\/v2\/product_tag?post=1003"}],"curies":[{"name":"wp","href":"https:\/\/api.w.org\/{rel}","templated":true}]}}