
{"id":1066,"date":"2023-09-20T07:41:33","date_gmt":"2023-09-20T07:41:33","guid":{"rendered":"https:\/\/vincenz-wengen.ch\/shop\/?post_type=product&#038;p=1066"},"modified":"2023-09-20T08:02:05","modified_gmt":"2023-09-20T08:02:05","slug":"wengener-toertli-nuss","status":"publish","type":"product","link":"https:\/\/vincenz-wengen.ch\/shop\/produkt\/wengener-toertli-nuss\/","title":{"rendered":"Wengener T\u00f6rtli (Nuss)"},"content":{"rendered":"<p style=\"text-align: center;\"><span style=\"font-size: 12pt;\"><strong>Haseln\u00fcsse<\/strong>, Zucker, <strong>Weissmehl<\/strong>, <strong>Butter<\/strong>, Wasser, <strong>Mandelmass<\/strong>e (<strong>Mandeln<\/strong>, Zucker, Wasser), <strong>Biscuitbr\u00f6sel<\/strong>, Aprikosenmarmelade, <strong>Eier<\/strong>, Zitronat, Zimt, Zitrone,<\/p>\n","protected":false},"excerpt":{"rendered":"<p><span style=\"font-size: 12pt;\"><strong>\u00c4usserlich zur\u00fcckhaltend, folgt von Innen eine s\u00fcsse Umarmung aus Haselnuss<br \/>\n<\/strong><\/span><span style=\"font-size: 12pt;\">Ein S\u00fcssgeb\u00e4ck das durch die Kombination von H\u00fclle und F\u00fcllung \u00fcberrascht. Rund herum ein k\u00f6stlicher M\u00fcrbteig mit ausgewogenem Butteranteil, damit er nicht zu trocken, nicht zu kr\u00fcmelig, sondern gerade richtig ist. Die Haselnuss-F\u00fcllung tr\u00e4gt eine ganz angenehme Zitronennote, was in Kombination mit dem M\u00fcrbteig wunderbar mundet.<\/span><\/p>\n<ul>\n<li>Gewicht: 150 Gramm<\/li>\n<li>Haltbarkeit: ca. 20 Tage<\/li>\n<li>Lieferfrist: ca. 2\u20133 Tage<\/li>\n<li>Art.Nr.: VIN-5999<\/li>\n<\/ul>\n","protected":false},"featured_media":1053,"comment_status":"closed","ping_status":"closed","template":"","meta":[],"product_brand":[],"product_cat":[17],"product_tag":[],"class_list":{"0":"post-1066","1":"product","2":"type-product","3":"status-publish","4":"has-post-thumbnail","6":"product_cat-suesswaren","8":"first","9":"instock","10":"taxable","11":"shipping-taxable","12":"purchasable","13":"product-type-simple"},"yoast_head":"<!-- This site is optimized with the Yoast SEO plugin v27.3 - https:\/\/yoast.com\/product\/yoast-seo-wordpress\/ -->\n<title>Wengener T\u00f6rtli (Nuss) - B\u00e4ckerei-Konditorei Vincenz AG<\/title>\n<meta name=\"robots\" content=\"index, follow, max-snippet:-1, max-image-preview:large, max-video-preview:-1\" \/>\n<link rel=\"canonical\" href=\"https:\/\/vincenz-wengen.ch\/shop\/produkt\/wengener-toertli-nuss\/\" \/>\n<meta property=\"og:locale\" content=\"de_DE\" \/>\n<meta property=\"og:type\" content=\"article\" \/>\n<meta property=\"og:title\" content=\"Wengener T\u00f6rtli (Nuss) - B\u00e4ckerei-Konditorei Vincenz AG\" \/>\n<meta property=\"og:description\" content=\"\u00c4usserlich zur\u00fcckhaltend, folgt von Innen eine s\u00fcsse Umarmung aus Haselnuss Ein S\u00fcssgeb\u00e4ck das durch die Kombination von H\u00fclle und F\u00fcllung \u00fcberrascht. Rund herum ein k\u00f6stlicher M\u00fcrbteig mit ausgewogenem Butteranteil, damit er nicht zu trocken, nicht zu kr\u00fcmelig, sondern gerade richtig ist. Die Haselnuss-F\u00fcllung tr\u00e4gt eine ganz angenehme Zitronennote, was in Kombination mit dem M\u00fcrbteig wunderbar mundet.   Gewicht: 150 Gramm  Haltbarkeit: ca. 20 Tage  Lieferfrist: ca. 2\u20133 Tage  Art.Nr.: VIN-5999\" \/>\n<meta property=\"og:url\" content=\"https:\/\/vincenz-wengen.ch\/shop\/produkt\/wengener-toertli-nuss\/\" \/>\n<meta property=\"og:site_name\" content=\"B\u00e4ckerei-Konditorei Vincenz AG\" \/>\n<meta property=\"article:modified_time\" content=\"2023-09-20T08:02:05+00:00\" \/>\n<meta property=\"og:image\" content=\"https:\/\/vincenz-wengen.ch\/shop\/wp-content\/uploads\/2023\/09\/Wengenertoertli_Nuss_IMG_6376_bear_Q1200.jpg\" \/>\n\t<meta property=\"og:image:width\" content=\"1200\" \/>\n\t<meta property=\"og:image:height\" content=\"1200\" \/>\n\t<meta property=\"og:image:type\" content=\"image\/jpeg\" \/>\n<meta name=\"twitter:card\" content=\"summary_large_image\" \/>\n<meta name=\"twitter:label1\" content=\"Gesch\u00e4tzte Lesezeit\" \/>\n\t<meta name=\"twitter:data1\" content=\"1\u00a0Minute\" \/>\n<script type=\"application\/ld+json\" class=\"yoast-schema-graph\">{\"@context\":\"https:\\\/\\\/schema.org\",\"@graph\":[{\"@type\":\"WebPage\",\"@id\":\"https:\\\/\\\/vincenz-wengen.ch\\\/shop\\\/produkt\\\/wengener-toertli-nuss\\\/\",\"url\":\"https:\\\/\\\/vincenz-wengen.ch\\\/shop\\\/produkt\\\/wengener-toertli-nuss\\\/\",\"name\":\"Wengener T\u00f6rtli (Nuss) - B\u00e4ckerei-Konditorei Vincenz AG\",\"isPartOf\":{\"@id\":\"https:\\\/\\\/vincenz-wengen.ch\\\/shop\\\/#website\"},\"primaryImageOfPage\":{\"@id\":\"https:\\\/\\\/vincenz-wengen.ch\\\/shop\\\/produkt\\\/wengener-toertli-nuss\\\/#primaryimage\"},\"image\":{\"@id\":\"https:\\\/\\\/vincenz-wengen.ch\\\/shop\\\/produkt\\\/wengener-toertli-nuss\\\/#primaryimage\"},\"thumbnailUrl\":\"https:\\\/\\\/vincenz-wengen.ch\\\/shop\\\/wp-content\\\/uploads\\\/2023\\\/09\\\/Wengenertoertli_Nuss_IMG_6376_bear_Q1200.jpg\",\"datePublished\":\"2023-09-20T07:41:33+00:00\",\"dateModified\":\"2023-09-20T08:02:05+00:00\",\"breadcrumb\":{\"@id\":\"https:\\\/\\\/vincenz-wengen.ch\\\/shop\\\/produkt\\\/wengener-toertli-nuss\\\/#breadcrumb\"},\"inLanguage\":\"de\",\"potentialAction\":[{\"@type\":\"ReadAction\",\"target\":[\"https:\\\/\\\/vincenz-wengen.ch\\\/shop\\\/produkt\\\/wengener-toertli-nuss\\\/\"]}]},{\"@type\":\"ImageObject\",\"inLanguage\":\"de\",\"@id\":\"https:\\\/\\\/vincenz-wengen.ch\\\/shop\\\/produkt\\\/wengener-toertli-nuss\\\/#primaryimage\",\"url\":\"https:\\\/\\\/vincenz-wengen.ch\\\/shop\\\/wp-content\\\/uploads\\\/2023\\\/09\\\/Wengenertoertli_Nuss_IMG_6376_bear_Q1200.jpg\",\"contentUrl\":\"https:\\\/\\\/vincenz-wengen.ch\\\/shop\\\/wp-content\\\/uploads\\\/2023\\\/09\\\/Wengenertoertli_Nuss_IMG_6376_bear_Q1200.jpg\",\"width\":1200,\"height\":1200},{\"@type\":\"BreadcrumbList\",\"@id\":\"https:\\\/\\\/vincenz-wengen.ch\\\/shop\\\/produkt\\\/wengener-toertli-nuss\\\/#breadcrumb\",\"itemListElement\":[{\"@type\":\"ListItem\",\"position\":1,\"name\":\"Startseite\",\"item\":\"https:\\\/\\\/vincenz-wengen.ch\\\/shop\\\/\"},{\"@type\":\"ListItem\",\"position\":2,\"name\":\"Shop\",\"item\":\"https:\\\/\\\/vincenz-wengen.ch\\\/shop\\\/shop\\\/\"},{\"@type\":\"ListItem\",\"position\":3,\"name\":\"Wengener T\u00f6rtli (Nuss)\"}]},{\"@type\":\"WebSite\",\"@id\":\"https:\\\/\\\/vincenz-wengen.ch\\\/shop\\\/#website\",\"url\":\"https:\\\/\\\/vincenz-wengen.ch\\\/shop\\\/\",\"name\":\"B\u00e4ckerei-Konditorei Vincenz AG\",\"description\":\"SHOP\",\"potentialAction\":[{\"@type\":\"SearchAction\",\"target\":{\"@type\":\"EntryPoint\",\"urlTemplate\":\"https:\\\/\\\/vincenz-wengen.ch\\\/shop\\\/?s={search_term_string}\"},\"query-input\":{\"@type\":\"PropertyValueSpecification\",\"valueRequired\":true,\"valueName\":\"search_term_string\"}}],\"inLanguage\":\"de\"}]}<\/script>\n<!-- \/ Yoast SEO plugin. -->","yoast_head_json":{"title":"Wengener T\u00f6rtli (Nuss) - B\u00e4ckerei-Konditorei Vincenz AG","robots":{"index":"index","follow":"follow","max-snippet":"max-snippet:-1","max-image-preview":"max-image-preview:large","max-video-preview":"max-video-preview:-1"},"canonical":"https:\/\/vincenz-wengen.ch\/shop\/produkt\/wengener-toertli-nuss\/","og_locale":"de_DE","og_type":"article","og_title":"Wengener T\u00f6rtli (Nuss) - B\u00e4ckerei-Konditorei Vincenz AG","og_description":"\u00c4usserlich zur\u00fcckhaltend, folgt von Innen eine s\u00fcsse Umarmung aus Haselnuss Ein S\u00fcssgeb\u00e4ck das durch die Kombination von H\u00fclle und F\u00fcllung \u00fcberrascht. Rund herum ein k\u00f6stlicher M\u00fcrbteig mit ausgewogenem Butteranteil, damit er nicht zu trocken, nicht zu kr\u00fcmelig, sondern gerade richtig ist. Die Haselnuss-F\u00fcllung tr\u00e4gt eine ganz angenehme Zitronennote, was in Kombination mit dem M\u00fcrbteig wunderbar mundet.   Gewicht: 150 Gramm  Haltbarkeit: ca. 20 Tage  Lieferfrist: ca. 2\u20133 Tage  Art.Nr.: VIN-5999","og_url":"https:\/\/vincenz-wengen.ch\/shop\/produkt\/wengener-toertli-nuss\/","og_site_name":"B\u00e4ckerei-Konditorei Vincenz AG","article_modified_time":"2023-09-20T08:02:05+00:00","og_image":[{"width":1200,"height":1200,"url":"https:\/\/vincenz-wengen.ch\/shop\/wp-content\/uploads\/2023\/09\/Wengenertoertli_Nuss_IMG_6376_bear_Q1200.jpg","type":"image\/jpeg"}],"twitter_card":"summary_large_image","twitter_misc":{"Gesch\u00e4tzte Lesezeit":"1\u00a0Minute"},"schema":{"@context":"https:\/\/schema.org","@graph":[{"@type":"WebPage","@id":"https:\/\/vincenz-wengen.ch\/shop\/produkt\/wengener-toertli-nuss\/","url":"https:\/\/vincenz-wengen.ch\/shop\/produkt\/wengener-toertli-nuss\/","name":"Wengener T\u00f6rtli (Nuss) - B\u00e4ckerei-Konditorei Vincenz AG","isPartOf":{"@id":"https:\/\/vincenz-wengen.ch\/shop\/#website"},"primaryImageOfPage":{"@id":"https:\/\/vincenz-wengen.ch\/shop\/produkt\/wengener-toertli-nuss\/#primaryimage"},"image":{"@id":"https:\/\/vincenz-wengen.ch\/shop\/produkt\/wengener-toertli-nuss\/#primaryimage"},"thumbnailUrl":"https:\/\/vincenz-wengen.ch\/shop\/wp-content\/uploads\/2023\/09\/Wengenertoertli_Nuss_IMG_6376_bear_Q1200.jpg","datePublished":"2023-09-20T07:41:33+00:00","dateModified":"2023-09-20T08:02:05+00:00","breadcrumb":{"@id":"https:\/\/vincenz-wengen.ch\/shop\/produkt\/wengener-toertli-nuss\/#breadcrumb"},"inLanguage":"de","potentialAction":[{"@type":"ReadAction","target":["https:\/\/vincenz-wengen.ch\/shop\/produkt\/wengener-toertli-nuss\/"]}]},{"@type":"ImageObject","inLanguage":"de","@id":"https:\/\/vincenz-wengen.ch\/shop\/produkt\/wengener-toertli-nuss\/#primaryimage","url":"https:\/\/vincenz-wengen.ch\/shop\/wp-content\/uploads\/2023\/09\/Wengenertoertli_Nuss_IMG_6376_bear_Q1200.jpg","contentUrl":"https:\/\/vincenz-wengen.ch\/shop\/wp-content\/uploads\/2023\/09\/Wengenertoertli_Nuss_IMG_6376_bear_Q1200.jpg","width":1200,"height":1200},{"@type":"BreadcrumbList","@id":"https:\/\/vincenz-wengen.ch\/shop\/produkt\/wengener-toertli-nuss\/#breadcrumb","itemListElement":[{"@type":"ListItem","position":1,"name":"Startseite","item":"https:\/\/vincenz-wengen.ch\/shop\/"},{"@type":"ListItem","position":2,"name":"Shop","item":"https:\/\/vincenz-wengen.ch\/shop\/shop\/"},{"@type":"ListItem","position":3,"name":"Wengener T\u00f6rtli (Nuss)"}]},{"@type":"WebSite","@id":"https:\/\/vincenz-wengen.ch\/shop\/#website","url":"https:\/\/vincenz-wengen.ch\/shop\/","name":"B\u00e4ckerei-Konditorei Vincenz AG","description":"SHOP","potentialAction":[{"@type":"SearchAction","target":{"@type":"EntryPoint","urlTemplate":"https:\/\/vincenz-wengen.ch\/shop\/?s={search_term_string}"},"query-input":{"@type":"PropertyValueSpecification","valueRequired":true,"valueName":"search_term_string"}}],"inLanguage":"de"}]}},"_links":{"self":[{"href":"https:\/\/vincenz-wengen.ch\/shop\/wp-json\/wp\/v2\/product\/1066","targetHints":{"allow":["GET"]}}],"collection":[{"href":"https:\/\/vincenz-wengen.ch\/shop\/wp-json\/wp\/v2\/product"}],"about":[{"href":"https:\/\/vincenz-wengen.ch\/shop\/wp-json\/wp\/v2\/types\/product"}],"replies":[{"embeddable":true,"href":"https:\/\/vincenz-wengen.ch\/shop\/wp-json\/wp\/v2\/comments?post=1066"}],"wp:featuredmedia":[{"embeddable":true,"href":"https:\/\/vincenz-wengen.ch\/shop\/wp-json\/wp\/v2\/media\/1053"}],"wp:attachment":[{"href":"https:\/\/vincenz-wengen.ch\/shop\/wp-json\/wp\/v2\/media?parent=1066"}],"wp:term":[{"taxonomy":"product_brand","embeddable":true,"href":"https:\/\/vincenz-wengen.ch\/shop\/wp-json\/wp\/v2\/product_brand?post=1066"},{"taxonomy":"product_cat","embeddable":true,"href":"https:\/\/vincenz-wengen.ch\/shop\/wp-json\/wp\/v2\/product_cat?post=1066"},{"taxonomy":"product_tag","embeddable":true,"href":"https:\/\/vincenz-wengen.ch\/shop\/wp-json\/wp\/v2\/product_tag?post=1066"}],"curies":[{"name":"wp","href":"https:\/\/api.w.org\/{rel}","templated":true}]}}