
{"id":1073,"date":"2023-09-20T10:15:43","date_gmt":"2023-09-20T10:15:43","guid":{"rendered":"https:\/\/vincenz-wengen.ch\/shop\/?post_type=product&#038;p=1073"},"modified":"2023-09-20T13:48:39","modified_gmt":"2023-09-20T13:48:39","slug":"linzertorte-toertchen","status":"publish","type":"product","link":"https:\/\/vincenz-wengen.ch\/shop\/produkt\/linzertorte-toertchen\/","title":{"rendered":"Linzertorte \/ -t\u00f6rtchen"},"content":{"rendered":"<p style=\"text-align: center;\"><span style=\"font-size: 12pt;\">Himbeermarmelade (Zucker, Himbeermark 12.5% Geliermittel (Pektin), S\u00e4uerungsmittel (Zitronens\u00e4ure)) Linzerteig (<strong>Ur Dinkelmehl<\/strong>, <strong>Butter (aus pasteurisiertem Rahm<\/strong>), <strong>Haseln\u00fcsse<\/strong>, Zucker, <strong>Vollei<\/strong>, <strong>Eigelb<\/strong>, Zitronenschalen, Zimt, Nelken (gemahlen)<\/span><\/p>\n","protected":false},"excerpt":{"rendered":"<p><span style=\"font-size: 12pt;\"><strong>Die bekannte Linzertorte \u2013 verziert nach Wengener Art<br \/>\n<\/strong><\/span><span style=\"font-size: 12pt;\">Alle kennen und lieben sie \u2013 die Linzertorte und das Linzert\u00f6rtchen. Ein herzhafter, feiner M\u00fcrbeteig mit vielen N\u00fcssen als Mantel und eine geschmacklich intensive Himbeermarmelade im Kern. Ob gross oder klein, sind sie h\u00fcbsch und nicht ganz klassisch mit einer Nuss-Garnitur verziert \u2013 kaum zu widerstehen.<\/span><\/p>\n<ul>\n<li>Gr\u00f6ssen\/Gewicht: Torte 380 Gramm, T\u00f6rtchen 95 Gramm<\/li>\n<li>Haltbarkeit: ca. 30-40 Tage<\/li>\n<li>Lieferfrist: ca. 2\u20133 Tage<\/li>\n<\/ul>\n","protected":false},"featured_media":1081,"comment_status":"closed","ping_status":"closed","template":"","meta":[],"product_brand":[],"product_cat":[17],"product_tag":[36,35,37],"class_list":{"0":"post-1073","1":"product","2":"type-product","3":"status-publish","4":"has-post-thumbnail","6":"product_cat-suesswaren","7":"product_tag-linzertoertchen","8":"product_tag-linzertorte","9":"product_tag-linzertoertli","11":"first","12":"instock","13":"taxable","14":"shipping-taxable","15":"purchasable","16":"product-type-variable"},"yoast_head":"<!-- This site is optimized with the Yoast SEO plugin v27.4 - https:\/\/yoast.com\/product\/yoast-seo-wordpress\/ -->\n<title>Linzertorte \/ -t\u00f6rtchen - B\u00e4ckerei-Konditorei Vincenz AG<\/title>\n<meta name=\"robots\" content=\"index, follow, max-snippet:-1, max-image-preview:large, max-video-preview:-1\" \/>\n<link rel=\"canonical\" href=\"https:\/\/vincenz-wengen.ch\/shop\/produkt\/linzertorte-toertchen\/\" \/>\n<meta property=\"og:locale\" content=\"de_DE\" \/>\n<meta property=\"og:type\" content=\"article\" \/>\n<meta property=\"og:title\" content=\"Linzertorte \/ -t\u00f6rtchen - B\u00e4ckerei-Konditorei Vincenz AG\" \/>\n<meta property=\"og:description\" content=\"Die bekannte Linzertorte \u2013 verziert nach Wengener Art Alle kennen und lieben sie \u2013 die Linzertorte und das Linzert\u00f6rtchen. Ein herzhafter, feiner M\u00fcrbeteig mit vielen N\u00fcssen als Mantel und eine geschmacklich intensive Himbeermarmelade im Kern. Ob gross oder klein, sind sie h\u00fcbsch und nicht ganz klassisch mit einer Nuss-Garnitur verziert \u2013 kaum zu widerstehen.   Gr\u00f6ssen\/Gewicht: Torte 380 Gramm, T\u00f6rtchen 95 Gramm  Haltbarkeit: ca. 30-40 Tage  Lieferfrist: ca. 2\u20133 Tage\" \/>\n<meta property=\"og:url\" content=\"https:\/\/vincenz-wengen.ch\/shop\/produkt\/linzertorte-toertchen\/\" \/>\n<meta property=\"og:site_name\" content=\"B\u00e4ckerei-Konditorei Vincenz AG\" \/>\n<meta property=\"article:modified_time\" content=\"2023-09-20T13:48:39+00:00\" \/>\n<meta property=\"og:image\" content=\"https:\/\/vincenz-wengen.ch\/shop\/wp-content\/uploads\/2023\/09\/Linzertorte-IMG_2779-bear_Dunkel_Q1200-2.jpg\" \/>\n\t<meta property=\"og:image:width\" content=\"1200\" \/>\n\t<meta property=\"og:image:height\" content=\"1200\" \/>\n\t<meta property=\"og:image:type\" content=\"image\/jpeg\" \/>\n<meta name=\"twitter:card\" content=\"summary_large_image\" \/>\n<meta name=\"twitter:label1\" content=\"Gesch\u00e4tzte Lesezeit\" \/>\n\t<meta name=\"twitter:data1\" content=\"1\u00a0Minute\" \/>\n<script type=\"application\/ld+json\" class=\"yoast-schema-graph\">{\"@context\":\"https:\\\/\\\/schema.org\",\"@graph\":[{\"@type\":\"WebPage\",\"@id\":\"https:\\\/\\\/vincenz-wengen.ch\\\/shop\\\/produkt\\\/linzertorte-toertchen\\\/\",\"url\":\"https:\\\/\\\/vincenz-wengen.ch\\\/shop\\\/produkt\\\/linzertorte-toertchen\\\/\",\"name\":\"Linzertorte \\\/ -t\u00f6rtchen - B\u00e4ckerei-Konditorei Vincenz AG\",\"isPartOf\":{\"@id\":\"https:\\\/\\\/vincenz-wengen.ch\\\/shop\\\/#website\"},\"primaryImageOfPage\":{\"@id\":\"https:\\\/\\\/vincenz-wengen.ch\\\/shop\\\/produkt\\\/linzertorte-toertchen\\\/#primaryimage\"},\"image\":{\"@id\":\"https:\\\/\\\/vincenz-wengen.ch\\\/shop\\\/produkt\\\/linzertorte-toertchen\\\/#primaryimage\"},\"thumbnailUrl\":\"https:\\\/\\\/vincenz-wengen.ch\\\/shop\\\/wp-content\\\/uploads\\\/2023\\\/09\\\/Linzertorte-IMG_2779-bear_Dunkel_Q1200-2.jpg\",\"datePublished\":\"2023-09-20T10:15:43+00:00\",\"dateModified\":\"2023-09-20T13:48:39+00:00\",\"breadcrumb\":{\"@id\":\"https:\\\/\\\/vincenz-wengen.ch\\\/shop\\\/produkt\\\/linzertorte-toertchen\\\/#breadcrumb\"},\"inLanguage\":\"de\",\"potentialAction\":[{\"@type\":\"ReadAction\",\"target\":[\"https:\\\/\\\/vincenz-wengen.ch\\\/shop\\\/produkt\\\/linzertorte-toertchen\\\/\"]}]},{\"@type\":\"ImageObject\",\"inLanguage\":\"de\",\"@id\":\"https:\\\/\\\/vincenz-wengen.ch\\\/shop\\\/produkt\\\/linzertorte-toertchen\\\/#primaryimage\",\"url\":\"https:\\\/\\\/vincenz-wengen.ch\\\/shop\\\/wp-content\\\/uploads\\\/2023\\\/09\\\/Linzertorte-IMG_2779-bear_Dunkel_Q1200-2.jpg\",\"contentUrl\":\"https:\\\/\\\/vincenz-wengen.ch\\\/shop\\\/wp-content\\\/uploads\\\/2023\\\/09\\\/Linzertorte-IMG_2779-bear_Dunkel_Q1200-2.jpg\",\"width\":1200,\"height\":1200},{\"@type\":\"BreadcrumbList\",\"@id\":\"https:\\\/\\\/vincenz-wengen.ch\\\/shop\\\/produkt\\\/linzertorte-toertchen\\\/#breadcrumb\",\"itemListElement\":[{\"@type\":\"ListItem\",\"position\":1,\"name\":\"Startseite\",\"item\":\"https:\\\/\\\/vincenz-wengen.ch\\\/shop\\\/\"},{\"@type\":\"ListItem\",\"position\":2,\"name\":\"Shop\",\"item\":\"https:\\\/\\\/vincenz-wengen.ch\\\/shop\\\/shop\\\/\"},{\"@type\":\"ListItem\",\"position\":3,\"name\":\"Linzertorte \\\/ -t\u00f6rtchen\"}]},{\"@type\":\"WebSite\",\"@id\":\"https:\\\/\\\/vincenz-wengen.ch\\\/shop\\\/#website\",\"url\":\"https:\\\/\\\/vincenz-wengen.ch\\\/shop\\\/\",\"name\":\"B\u00e4ckerei-Konditorei Vincenz AG\",\"description\":\"SHOP\",\"potentialAction\":[{\"@type\":\"SearchAction\",\"target\":{\"@type\":\"EntryPoint\",\"urlTemplate\":\"https:\\\/\\\/vincenz-wengen.ch\\\/shop\\\/?s={search_term_string}\"},\"query-input\":{\"@type\":\"PropertyValueSpecification\",\"valueRequired\":true,\"valueName\":\"search_term_string\"}}],\"inLanguage\":\"de\"}]}<\/script>\n<!-- \/ Yoast SEO plugin. -->","yoast_head_json":{"title":"Linzertorte \/ -t\u00f6rtchen - B\u00e4ckerei-Konditorei Vincenz AG","robots":{"index":"index","follow":"follow","max-snippet":"max-snippet:-1","max-image-preview":"max-image-preview:large","max-video-preview":"max-video-preview:-1"},"canonical":"https:\/\/vincenz-wengen.ch\/shop\/produkt\/linzertorte-toertchen\/","og_locale":"de_DE","og_type":"article","og_title":"Linzertorte \/ -t\u00f6rtchen - B\u00e4ckerei-Konditorei Vincenz AG","og_description":"Die bekannte Linzertorte \u2013 verziert nach Wengener Art Alle kennen und lieben sie \u2013 die Linzertorte und das Linzert\u00f6rtchen. Ein herzhafter, feiner M\u00fcrbeteig mit vielen N\u00fcssen als Mantel und eine geschmacklich intensive Himbeermarmelade im Kern. Ob gross oder klein, sind sie h\u00fcbsch und nicht ganz klassisch mit einer Nuss-Garnitur verziert \u2013 kaum zu widerstehen.   Gr\u00f6ssen\/Gewicht: Torte 380 Gramm, T\u00f6rtchen 95 Gramm  Haltbarkeit: ca. 30-40 Tage  Lieferfrist: ca. 2\u20133 Tage","og_url":"https:\/\/vincenz-wengen.ch\/shop\/produkt\/linzertorte-toertchen\/","og_site_name":"B\u00e4ckerei-Konditorei Vincenz AG","article_modified_time":"2023-09-20T13:48:39+00:00","og_image":[{"width":1200,"height":1200,"url":"https:\/\/vincenz-wengen.ch\/shop\/wp-content\/uploads\/2023\/09\/Linzertorte-IMG_2779-bear_Dunkel_Q1200-2.jpg","type":"image\/jpeg"}],"twitter_card":"summary_large_image","twitter_misc":{"Gesch\u00e4tzte Lesezeit":"1\u00a0Minute"},"schema":{"@context":"https:\/\/schema.org","@graph":[{"@type":"WebPage","@id":"https:\/\/vincenz-wengen.ch\/shop\/produkt\/linzertorte-toertchen\/","url":"https:\/\/vincenz-wengen.ch\/shop\/produkt\/linzertorte-toertchen\/","name":"Linzertorte \/ -t\u00f6rtchen - B\u00e4ckerei-Konditorei Vincenz AG","isPartOf":{"@id":"https:\/\/vincenz-wengen.ch\/shop\/#website"},"primaryImageOfPage":{"@id":"https:\/\/vincenz-wengen.ch\/shop\/produkt\/linzertorte-toertchen\/#primaryimage"},"image":{"@id":"https:\/\/vincenz-wengen.ch\/shop\/produkt\/linzertorte-toertchen\/#primaryimage"},"thumbnailUrl":"https:\/\/vincenz-wengen.ch\/shop\/wp-content\/uploads\/2023\/09\/Linzertorte-IMG_2779-bear_Dunkel_Q1200-2.jpg","datePublished":"2023-09-20T10:15:43+00:00","dateModified":"2023-09-20T13:48:39+00:00","breadcrumb":{"@id":"https:\/\/vincenz-wengen.ch\/shop\/produkt\/linzertorte-toertchen\/#breadcrumb"},"inLanguage":"de","potentialAction":[{"@type":"ReadAction","target":["https:\/\/vincenz-wengen.ch\/shop\/produkt\/linzertorte-toertchen\/"]}]},{"@type":"ImageObject","inLanguage":"de","@id":"https:\/\/vincenz-wengen.ch\/shop\/produkt\/linzertorte-toertchen\/#primaryimage","url":"https:\/\/vincenz-wengen.ch\/shop\/wp-content\/uploads\/2023\/09\/Linzertorte-IMG_2779-bear_Dunkel_Q1200-2.jpg","contentUrl":"https:\/\/vincenz-wengen.ch\/shop\/wp-content\/uploads\/2023\/09\/Linzertorte-IMG_2779-bear_Dunkel_Q1200-2.jpg","width":1200,"height":1200},{"@type":"BreadcrumbList","@id":"https:\/\/vincenz-wengen.ch\/shop\/produkt\/linzertorte-toertchen\/#breadcrumb","itemListElement":[{"@type":"ListItem","position":1,"name":"Startseite","item":"https:\/\/vincenz-wengen.ch\/shop\/"},{"@type":"ListItem","position":2,"name":"Shop","item":"https:\/\/vincenz-wengen.ch\/shop\/shop\/"},{"@type":"ListItem","position":3,"name":"Linzertorte \/ -t\u00f6rtchen"}]},{"@type":"WebSite","@id":"https:\/\/vincenz-wengen.ch\/shop\/#website","url":"https:\/\/vincenz-wengen.ch\/shop\/","name":"B\u00e4ckerei-Konditorei Vincenz AG","description":"SHOP","potentialAction":[{"@type":"SearchAction","target":{"@type":"EntryPoint","urlTemplate":"https:\/\/vincenz-wengen.ch\/shop\/?s={search_term_string}"},"query-input":{"@type":"PropertyValueSpecification","valueRequired":true,"valueName":"search_term_string"}}],"inLanguage":"de"}]}},"_links":{"self":[{"href":"https:\/\/vincenz-wengen.ch\/shop\/wp-json\/wp\/v2\/product\/1073","targetHints":{"allow":["GET"]}}],"collection":[{"href":"https:\/\/vincenz-wengen.ch\/shop\/wp-json\/wp\/v2\/product"}],"about":[{"href":"https:\/\/vincenz-wengen.ch\/shop\/wp-json\/wp\/v2\/types\/product"}],"replies":[{"embeddable":true,"href":"https:\/\/vincenz-wengen.ch\/shop\/wp-json\/wp\/v2\/comments?post=1073"}],"wp:featuredmedia":[{"embeddable":true,"href":"https:\/\/vincenz-wengen.ch\/shop\/wp-json\/wp\/v2\/media\/1081"}],"wp:attachment":[{"href":"https:\/\/vincenz-wengen.ch\/shop\/wp-json\/wp\/v2\/media?parent=1073"}],"wp:term":[{"taxonomy":"product_brand","embeddable":true,"href":"https:\/\/vincenz-wengen.ch\/shop\/wp-json\/wp\/v2\/product_brand?post=1073"},{"taxonomy":"product_cat","embeddable":true,"href":"https:\/\/vincenz-wengen.ch\/shop\/wp-json\/wp\/v2\/product_cat?post=1073"},{"taxonomy":"product_tag","embeddable":true,"href":"https:\/\/vincenz-wengen.ch\/shop\/wp-json\/wp\/v2\/product_tag?post=1073"}],"curies":[{"name":"wp","href":"https:\/\/api.w.org\/{rel}","templated":true}]}}