
{"id":1083,"date":"2023-09-20T14:05:46","date_gmt":"2023-09-20T14:05:46","guid":{"rendered":"https:\/\/vincenz-wengen.ch\/shop\/?post_type=product&#038;p=1083"},"modified":"2023-09-20T14:21:28","modified_gmt":"2023-09-20T14:21:28","slug":"bireweggli","status":"publish","type":"product","link":"https:\/\/vincenz-wengen.ch\/shop\/produkt\/bireweggli\/","title":{"rendered":"Bireweggli"},"content":{"rendered":"<p style=\"text-align: center;\"><span style=\"font-size: 12pt;\"><strong>Weissmehl<\/strong>, <strong>Butter<\/strong>, Wasser, Zucker, Hefe, Salz, Malz, F\u00fcllung: D\u00f6rrbirnen, Wasser, Zucker, Feigen, <strong>Haseln\u00fcsse<\/strong>, <strong>Biscuitbr\u00f6sel<\/strong>, Salz, Gew\u00fcrze<\/span><\/p>\n","protected":false},"excerpt":{"rendered":"<p><span style=\"font-size: 12pt;\"><strong>Bireweggli, etwas typisch Schweizerisches<br \/>\n<\/strong><\/span><span style=\"font-size: 12pt;\">In aller Schweizer Munde und in typisch Schweizer Gr\u00f6sse \u2013 \u00abs\u2019Bireweggli\u00bb. Ein traditionelles Geb\u00e4ck, dass in den Alpen seinen Ursprung hat und als \u00abWeggli\u00bb ideal f\u00fcr zwischendurch ist \u2013 herrlich erfrischend dank seiner F\u00fcllung aus D\u00f6rrbirnen, Feigen und N\u00fcssen.<\/span><\/p>\n<ul>\n<li>Gewicht: 90 Gramm<\/li>\n<li>Haltbarkeit: ca. 15 Tage<\/li>\n<li>Lieferfrist: ca. 2\u20133 Tage<\/li>\n<li>Art.Nr.: VIN-6005<\/li>\n<\/ul>\n","protected":false},"featured_media":1063,"comment_status":"closed","ping_status":"closed","template":"","meta":[],"product_brand":[],"product_cat":[17],"product_tag":[41,39,40,38],"class_list":{"0":"post-1083","1":"product","2":"type-product","3":"status-publish","4":"has-post-thumbnail","6":"product_cat-suesswaren","7":"product_tag-birebrot","8":"product_tag-bireweggli","9":"product_tag-birnbrot","10":"product_tag-birnweggli","12":"first","13":"instock","14":"taxable","15":"shipping-taxable","16":"purchasable","17":"product-type-simple"},"yoast_head":"<!-- This site is optimized with the Yoast SEO plugin v27.4 - https:\/\/yoast.com\/product\/yoast-seo-wordpress\/ -->\n<title>Bireweggli - B\u00e4ckerei-Konditorei Vincenz AG<\/title>\n<meta name=\"robots\" content=\"index, follow, max-snippet:-1, max-image-preview:large, max-video-preview:-1\" \/>\n<link rel=\"canonical\" href=\"https:\/\/vincenz-wengen.ch\/shop\/produkt\/bireweggli\/\" \/>\n<meta property=\"og:locale\" content=\"de_DE\" \/>\n<meta property=\"og:type\" content=\"article\" \/>\n<meta property=\"og:title\" content=\"Bireweggli - B\u00e4ckerei-Konditorei Vincenz AG\" \/>\n<meta property=\"og:description\" content=\"Bireweggli, etwas typisch Schweizerisches In aller Schweizer Munde und in typisch Schweizer Gr\u00f6sse \u2013 \u00abs\u2019Bireweggli\u00bb. Ein traditionelles Geb\u00e4ck, dass in den Alpen seinen Ursprung hat und als \u00abWeggli\u00bb ideal f\u00fcr zwischendurch ist \u2013 herrlich erfrischend dank seiner F\u00fcllung aus D\u00f6rrbirnen, Feigen und N\u00fcssen.   Gewicht: 90 Gramm  Haltbarkeit: ca. 15 Tage  Lieferfrist: ca. 2\u20133 Tage  Art.Nr.: VIN-6005\" \/>\n<meta property=\"og:url\" content=\"https:\/\/vincenz-wengen.ch\/shop\/produkt\/bireweggli\/\" \/>\n<meta property=\"og:site_name\" content=\"B\u00e4ckerei-Konditorei Vincenz AG\" \/>\n<meta property=\"article:modified_time\" content=\"2023-09-20T14:21:28+00:00\" \/>\n<meta property=\"og:image\" content=\"https:\/\/vincenz-wengen.ch\/shop\/wp-content\/uploads\/2023\/09\/Birnweggli_klein_3er_IMG_6384_bear_Q1200.jpg\" \/>\n\t<meta property=\"og:image:width\" content=\"1200\" \/>\n\t<meta property=\"og:image:height\" content=\"1200\" \/>\n\t<meta property=\"og:image:type\" content=\"image\/jpeg\" \/>\n<meta name=\"twitter:card\" content=\"summary_large_image\" \/>\n<meta name=\"twitter:label1\" content=\"Gesch\u00e4tzte Lesezeit\" \/>\n\t<meta name=\"twitter:data1\" content=\"1\u00a0Minute\" \/>\n<script type=\"application\/ld+json\" class=\"yoast-schema-graph\">{\"@context\":\"https:\\\/\\\/schema.org\",\"@graph\":[{\"@type\":\"WebPage\",\"@id\":\"https:\\\/\\\/vincenz-wengen.ch\\\/shop\\\/produkt\\\/bireweggli\\\/\",\"url\":\"https:\\\/\\\/vincenz-wengen.ch\\\/shop\\\/produkt\\\/bireweggli\\\/\",\"name\":\"Bireweggli - B\u00e4ckerei-Konditorei Vincenz AG\",\"isPartOf\":{\"@id\":\"https:\\\/\\\/vincenz-wengen.ch\\\/shop\\\/#website\"},\"primaryImageOfPage\":{\"@id\":\"https:\\\/\\\/vincenz-wengen.ch\\\/shop\\\/produkt\\\/bireweggli\\\/#primaryimage\"},\"image\":{\"@id\":\"https:\\\/\\\/vincenz-wengen.ch\\\/shop\\\/produkt\\\/bireweggli\\\/#primaryimage\"},\"thumbnailUrl\":\"https:\\\/\\\/vincenz-wengen.ch\\\/shop\\\/wp-content\\\/uploads\\\/2023\\\/09\\\/Birnweggli_klein_3er_IMG_6384_bear_Q1200.jpg\",\"datePublished\":\"2023-09-20T14:05:46+00:00\",\"dateModified\":\"2023-09-20T14:21:28+00:00\",\"breadcrumb\":{\"@id\":\"https:\\\/\\\/vincenz-wengen.ch\\\/shop\\\/produkt\\\/bireweggli\\\/#breadcrumb\"},\"inLanguage\":\"de\",\"potentialAction\":[{\"@type\":\"ReadAction\",\"target\":[\"https:\\\/\\\/vincenz-wengen.ch\\\/shop\\\/produkt\\\/bireweggli\\\/\"]}]},{\"@type\":\"ImageObject\",\"inLanguage\":\"de\",\"@id\":\"https:\\\/\\\/vincenz-wengen.ch\\\/shop\\\/produkt\\\/bireweggli\\\/#primaryimage\",\"url\":\"https:\\\/\\\/vincenz-wengen.ch\\\/shop\\\/wp-content\\\/uploads\\\/2023\\\/09\\\/Birnweggli_klein_3er_IMG_6384_bear_Q1200.jpg\",\"contentUrl\":\"https:\\\/\\\/vincenz-wengen.ch\\\/shop\\\/wp-content\\\/uploads\\\/2023\\\/09\\\/Birnweggli_klein_3er_IMG_6384_bear_Q1200.jpg\",\"width\":1200,\"height\":1200},{\"@type\":\"BreadcrumbList\",\"@id\":\"https:\\\/\\\/vincenz-wengen.ch\\\/shop\\\/produkt\\\/bireweggli\\\/#breadcrumb\",\"itemListElement\":[{\"@type\":\"ListItem\",\"position\":1,\"name\":\"Startseite\",\"item\":\"https:\\\/\\\/vincenz-wengen.ch\\\/shop\\\/\"},{\"@type\":\"ListItem\",\"position\":2,\"name\":\"Shop\",\"item\":\"https:\\\/\\\/vincenz-wengen.ch\\\/shop\\\/shop\\\/\"},{\"@type\":\"ListItem\",\"position\":3,\"name\":\"Bireweggli\"}]},{\"@type\":\"WebSite\",\"@id\":\"https:\\\/\\\/vincenz-wengen.ch\\\/shop\\\/#website\",\"url\":\"https:\\\/\\\/vincenz-wengen.ch\\\/shop\\\/\",\"name\":\"B\u00e4ckerei-Konditorei Vincenz AG\",\"description\":\"SHOP\",\"potentialAction\":[{\"@type\":\"SearchAction\",\"target\":{\"@type\":\"EntryPoint\",\"urlTemplate\":\"https:\\\/\\\/vincenz-wengen.ch\\\/shop\\\/?s={search_term_string}\"},\"query-input\":{\"@type\":\"PropertyValueSpecification\",\"valueRequired\":true,\"valueName\":\"search_term_string\"}}],\"inLanguage\":\"de\"}]}<\/script>\n<!-- \/ Yoast SEO plugin. -->","yoast_head_json":{"title":"Bireweggli - B\u00e4ckerei-Konditorei Vincenz AG","robots":{"index":"index","follow":"follow","max-snippet":"max-snippet:-1","max-image-preview":"max-image-preview:large","max-video-preview":"max-video-preview:-1"},"canonical":"https:\/\/vincenz-wengen.ch\/shop\/produkt\/bireweggli\/","og_locale":"de_DE","og_type":"article","og_title":"Bireweggli - B\u00e4ckerei-Konditorei Vincenz AG","og_description":"Bireweggli, etwas typisch Schweizerisches In aller Schweizer Munde und in typisch Schweizer Gr\u00f6sse \u2013 \u00abs\u2019Bireweggli\u00bb. Ein traditionelles Geb\u00e4ck, dass in den Alpen seinen Ursprung hat und als \u00abWeggli\u00bb ideal f\u00fcr zwischendurch ist \u2013 herrlich erfrischend dank seiner F\u00fcllung aus D\u00f6rrbirnen, Feigen und N\u00fcssen.   Gewicht: 90 Gramm  Haltbarkeit: ca. 15 Tage  Lieferfrist: ca. 2\u20133 Tage  Art.Nr.: VIN-6005","og_url":"https:\/\/vincenz-wengen.ch\/shop\/produkt\/bireweggli\/","og_site_name":"B\u00e4ckerei-Konditorei Vincenz AG","article_modified_time":"2023-09-20T14:21:28+00:00","og_image":[{"width":1200,"height":1200,"url":"https:\/\/vincenz-wengen.ch\/shop\/wp-content\/uploads\/2023\/09\/Birnweggli_klein_3er_IMG_6384_bear_Q1200.jpg","type":"image\/jpeg"}],"twitter_card":"summary_large_image","twitter_misc":{"Gesch\u00e4tzte Lesezeit":"1\u00a0Minute"},"schema":{"@context":"https:\/\/schema.org","@graph":[{"@type":"WebPage","@id":"https:\/\/vincenz-wengen.ch\/shop\/produkt\/bireweggli\/","url":"https:\/\/vincenz-wengen.ch\/shop\/produkt\/bireweggli\/","name":"Bireweggli - B\u00e4ckerei-Konditorei Vincenz AG","isPartOf":{"@id":"https:\/\/vincenz-wengen.ch\/shop\/#website"},"primaryImageOfPage":{"@id":"https:\/\/vincenz-wengen.ch\/shop\/produkt\/bireweggli\/#primaryimage"},"image":{"@id":"https:\/\/vincenz-wengen.ch\/shop\/produkt\/bireweggli\/#primaryimage"},"thumbnailUrl":"https:\/\/vincenz-wengen.ch\/shop\/wp-content\/uploads\/2023\/09\/Birnweggli_klein_3er_IMG_6384_bear_Q1200.jpg","datePublished":"2023-09-20T14:05:46+00:00","dateModified":"2023-09-20T14:21:28+00:00","breadcrumb":{"@id":"https:\/\/vincenz-wengen.ch\/shop\/produkt\/bireweggli\/#breadcrumb"},"inLanguage":"de","potentialAction":[{"@type":"ReadAction","target":["https:\/\/vincenz-wengen.ch\/shop\/produkt\/bireweggli\/"]}]},{"@type":"ImageObject","inLanguage":"de","@id":"https:\/\/vincenz-wengen.ch\/shop\/produkt\/bireweggli\/#primaryimage","url":"https:\/\/vincenz-wengen.ch\/shop\/wp-content\/uploads\/2023\/09\/Birnweggli_klein_3er_IMG_6384_bear_Q1200.jpg","contentUrl":"https:\/\/vincenz-wengen.ch\/shop\/wp-content\/uploads\/2023\/09\/Birnweggli_klein_3er_IMG_6384_bear_Q1200.jpg","width":1200,"height":1200},{"@type":"BreadcrumbList","@id":"https:\/\/vincenz-wengen.ch\/shop\/produkt\/bireweggli\/#breadcrumb","itemListElement":[{"@type":"ListItem","position":1,"name":"Startseite","item":"https:\/\/vincenz-wengen.ch\/shop\/"},{"@type":"ListItem","position":2,"name":"Shop","item":"https:\/\/vincenz-wengen.ch\/shop\/shop\/"},{"@type":"ListItem","position":3,"name":"Bireweggli"}]},{"@type":"WebSite","@id":"https:\/\/vincenz-wengen.ch\/shop\/#website","url":"https:\/\/vincenz-wengen.ch\/shop\/","name":"B\u00e4ckerei-Konditorei Vincenz AG","description":"SHOP","potentialAction":[{"@type":"SearchAction","target":{"@type":"EntryPoint","urlTemplate":"https:\/\/vincenz-wengen.ch\/shop\/?s={search_term_string}"},"query-input":{"@type":"PropertyValueSpecification","valueRequired":true,"valueName":"search_term_string"}}],"inLanguage":"de"}]}},"_links":{"self":[{"href":"https:\/\/vincenz-wengen.ch\/shop\/wp-json\/wp\/v2\/product\/1083","targetHints":{"allow":["GET"]}}],"collection":[{"href":"https:\/\/vincenz-wengen.ch\/shop\/wp-json\/wp\/v2\/product"}],"about":[{"href":"https:\/\/vincenz-wengen.ch\/shop\/wp-json\/wp\/v2\/types\/product"}],"replies":[{"embeddable":true,"href":"https:\/\/vincenz-wengen.ch\/shop\/wp-json\/wp\/v2\/comments?post=1083"}],"wp:featuredmedia":[{"embeddable":true,"href":"https:\/\/vincenz-wengen.ch\/shop\/wp-json\/wp\/v2\/media\/1063"}],"wp:attachment":[{"href":"https:\/\/vincenz-wengen.ch\/shop\/wp-json\/wp\/v2\/media?parent=1083"}],"wp:term":[{"taxonomy":"product_brand","embeddable":true,"href":"https:\/\/vincenz-wengen.ch\/shop\/wp-json\/wp\/v2\/product_brand?post=1083"},{"taxonomy":"product_cat","embeddable":true,"href":"https:\/\/vincenz-wengen.ch\/shop\/wp-json\/wp\/v2\/product_cat?post=1083"},{"taxonomy":"product_tag","embeddable":true,"href":"https:\/\/vincenz-wengen.ch\/shop\/wp-json\/wp\/v2\/product_tag?post=1083"}],"curies":[{"name":"wp","href":"https:\/\/api.w.org\/{rel}","templated":true}]}}