
{"id":109,"date":"2021-11-17T14:06:32","date_gmt":"2021-11-17T14:06:32","guid":{"rendered":"https:\/\/vincenz-wengen.ch\/shop\/?post_type=product&#038;p=109"},"modified":"2023-02-16T13:39:54","modified_gmt":"2023-02-16T13:39:54","slug":"eiger-gruessli","status":"publish","type":"product","link":"https:\/\/vincenz-wengen.ch\/shop\/produkt\/eiger-gruessli\/","title":{"rendered":"Eiger Gr\u00fcessli"},"content":{"rendered":"<p style=\"text-align: center;\"><span style=\"font-size: 12pt;\">Couv. Marac. Criolait 38% dfl. (Zucker, Kakaobutter, Kakaokerne, <strong>Magermilchpulver (CH)<\/strong>, <strong>Vollmilchpulver (CH)<\/strong>, <strong>Rahmpulver (CH)<\/strong>, Emulgator (E322: Sojalezithin), Vanille*Madagaskar), <strong>Vollrahm UHT<\/strong>, Zucker, Marc de Champagne 55%, Butter, Glucosesirup, Sorbitsirup E420 (aus Mais- und Weizenst\u00e4rke)<\/span><\/p>\n","protected":false},"excerpt":{"rendered":"<p><span style=\"font-size: 12pt;\"><strong>Das Eiger Gr\u00fcessli, eine feine, einzigartige Praline die Sie zum Tr\u00e4umen verf\u00fchrt.<\/strong><\/span><br \/>\n<span style=\"font-size: 12pt;\">Eine Praline mit zartschmelzender F\u00fcllung verfeinert mit Marc du Champagne und umh\u00fcllt von Grand Cru Milchschokolade. Ganz einfach eine Verf\u00fchrung!<\/span><\/p>\n<ul>\n<li><span style=\"font-size: 10pt; font-family: Arial, Helvetica, sans-serif;\">Einheiten:<br \/>\n&#8211; Box mit 6 St\u00fcck (65 Gramm)<br \/>\n&#8211; Box mit 15 St\u00fcck (165 Gramm)<\/span><\/li>\n<li><span style=\"font-size: 10pt; font-family: Arial, Helvetica, sans-serif;\">Haltbarkeit: ca. 55 Tage <\/span><\/li>\n<li><span style=\"font-size: 10pt; font-family: Arial, Helvetica, sans-serif;\">Lieferfrist: ca. 2-3 Tage <\/span><\/li>\n<\/ul>\n","protected":false},"featured_media":892,"comment_status":"closed","ping_status":"closed","template":"","meta":[],"product_brand":[],"product_cat":[18],"product_tag":[],"class_list":{"0":"post-109","1":"product","2":"type-product","3":"status-publish","4":"has-post-thumbnail","6":"product_cat-schoko-spezialitaeten","8":"first","9":"instock","10":"taxable","11":"shipping-taxable","12":"purchasable","13":"product-type-variable"},"yoast_head":"<!-- This site is optimized with the Yoast SEO plugin v27.4 - https:\/\/yoast.com\/product\/yoast-seo-wordpress\/ -->\n<title>Eiger Gr\u00fcessli - B\u00e4ckerei-Konditorei Vincenz AG<\/title>\n<meta name=\"robots\" content=\"index, follow, max-snippet:-1, max-image-preview:large, max-video-preview:-1\" \/>\n<link rel=\"canonical\" href=\"https:\/\/vincenz-wengen.ch\/shop\/produkt\/eiger-gruessli\/\" \/>\n<meta property=\"og:locale\" content=\"de_DE\" \/>\n<meta property=\"og:type\" content=\"article\" \/>\n<meta property=\"og:title\" content=\"Eiger Gr\u00fcessli - B\u00e4ckerei-Konditorei Vincenz AG\" \/>\n<meta property=\"og:description\" content=\"Das Eiger Gr\u00fcessli, eine feine, einzigartige Praline die Sie zum Tr\u00e4umen verf\u00fchrt. Eine Praline mit zartschmelzender F\u00fcllung verfeinert mit Marc du Champagne und umh\u00fcllt von Grand Cru Milchschokolade. Ganz einfach eine Verf\u00fchrung!   Einheiten: - Box mit 6 St\u00fcck (65 Gramm) - Box mit 15 St\u00fcck (165 Gramm)  Haltbarkeit: ca. 55 Tage   Lieferfrist: ca. 2-3 Tage\" \/>\n<meta property=\"og:url\" content=\"https:\/\/vincenz-wengen.ch\/shop\/produkt\/eiger-gruessli\/\" \/>\n<meta property=\"og:site_name\" content=\"B\u00e4ckerei-Konditorei Vincenz AG\" \/>\n<meta property=\"article:modified_time\" content=\"2023-02-16T13:39:54+00:00\" \/>\n<meta property=\"og:image\" content=\"https:\/\/vincenz-wengen.ch\/shop\/wp-content\/uploads\/2023\/02\/Eiger-Gruessli-15er-IMG_6260_Q1200.jpg\" \/>\n\t<meta property=\"og:image:width\" content=\"1200\" \/>\n\t<meta property=\"og:image:height\" content=\"1200\" \/>\n\t<meta property=\"og:image:type\" content=\"image\/jpeg\" \/>\n<meta name=\"twitter:card\" content=\"summary_large_image\" \/>\n<meta name=\"twitter:label1\" content=\"Gesch\u00e4tzte Lesezeit\" \/>\n\t<meta name=\"twitter:data1\" content=\"1\u00a0Minute\" \/>\n<script type=\"application\/ld+json\" class=\"yoast-schema-graph\">{\"@context\":\"https:\\\/\\\/schema.org\",\"@graph\":[{\"@type\":\"WebPage\",\"@id\":\"https:\\\/\\\/vincenz-wengen.ch\\\/shop\\\/produkt\\\/eiger-gruessli\\\/\",\"url\":\"https:\\\/\\\/vincenz-wengen.ch\\\/shop\\\/produkt\\\/eiger-gruessli\\\/\",\"name\":\"Eiger Gr\u00fcessli - B\u00e4ckerei-Konditorei Vincenz AG\",\"isPartOf\":{\"@id\":\"https:\\\/\\\/vincenz-wengen.ch\\\/shop\\\/#website\"},\"primaryImageOfPage\":{\"@id\":\"https:\\\/\\\/vincenz-wengen.ch\\\/shop\\\/produkt\\\/eiger-gruessli\\\/#primaryimage\"},\"image\":{\"@id\":\"https:\\\/\\\/vincenz-wengen.ch\\\/shop\\\/produkt\\\/eiger-gruessli\\\/#primaryimage\"},\"thumbnailUrl\":\"https:\\\/\\\/vincenz-wengen.ch\\\/shop\\\/wp-content\\\/uploads\\\/2023\\\/02\\\/Eiger-Gruessli-15er-IMG_6260_Q1200.jpg\",\"datePublished\":\"2021-11-17T14:06:32+00:00\",\"dateModified\":\"2023-02-16T13:39:54+00:00\",\"breadcrumb\":{\"@id\":\"https:\\\/\\\/vincenz-wengen.ch\\\/shop\\\/produkt\\\/eiger-gruessli\\\/#breadcrumb\"},\"inLanguage\":\"de\",\"potentialAction\":[{\"@type\":\"ReadAction\",\"target\":[\"https:\\\/\\\/vincenz-wengen.ch\\\/shop\\\/produkt\\\/eiger-gruessli\\\/\"]}]},{\"@type\":\"ImageObject\",\"inLanguage\":\"de\",\"@id\":\"https:\\\/\\\/vincenz-wengen.ch\\\/shop\\\/produkt\\\/eiger-gruessli\\\/#primaryimage\",\"url\":\"https:\\\/\\\/vincenz-wengen.ch\\\/shop\\\/wp-content\\\/uploads\\\/2023\\\/02\\\/Eiger-Gruessli-15er-IMG_6260_Q1200.jpg\",\"contentUrl\":\"https:\\\/\\\/vincenz-wengen.ch\\\/shop\\\/wp-content\\\/uploads\\\/2023\\\/02\\\/Eiger-Gruessli-15er-IMG_6260_Q1200.jpg\",\"width\":1200,\"height\":1200},{\"@type\":\"BreadcrumbList\",\"@id\":\"https:\\\/\\\/vincenz-wengen.ch\\\/shop\\\/produkt\\\/eiger-gruessli\\\/#breadcrumb\",\"itemListElement\":[{\"@type\":\"ListItem\",\"position\":1,\"name\":\"Startseite\",\"item\":\"https:\\\/\\\/vincenz-wengen.ch\\\/shop\\\/\"},{\"@type\":\"ListItem\",\"position\":2,\"name\":\"Shop\",\"item\":\"https:\\\/\\\/vincenz-wengen.ch\\\/shop\\\/shop\\\/\"},{\"@type\":\"ListItem\",\"position\":3,\"name\":\"Eiger Gr\u00fcessli\"}]},{\"@type\":\"WebSite\",\"@id\":\"https:\\\/\\\/vincenz-wengen.ch\\\/shop\\\/#website\",\"url\":\"https:\\\/\\\/vincenz-wengen.ch\\\/shop\\\/\",\"name\":\"B\u00e4ckerei-Konditorei Vincenz AG\",\"description\":\"SHOP\",\"potentialAction\":[{\"@type\":\"SearchAction\",\"target\":{\"@type\":\"EntryPoint\",\"urlTemplate\":\"https:\\\/\\\/vincenz-wengen.ch\\\/shop\\\/?s={search_term_string}\"},\"query-input\":{\"@type\":\"PropertyValueSpecification\",\"valueRequired\":true,\"valueName\":\"search_term_string\"}}],\"inLanguage\":\"de\"}]}<\/script>\n<!-- \/ Yoast SEO plugin. -->","yoast_head_json":{"title":"Eiger Gr\u00fcessli - B\u00e4ckerei-Konditorei Vincenz AG","robots":{"index":"index","follow":"follow","max-snippet":"max-snippet:-1","max-image-preview":"max-image-preview:large","max-video-preview":"max-video-preview:-1"},"canonical":"https:\/\/vincenz-wengen.ch\/shop\/produkt\/eiger-gruessli\/","og_locale":"de_DE","og_type":"article","og_title":"Eiger Gr\u00fcessli - B\u00e4ckerei-Konditorei Vincenz AG","og_description":"Das Eiger Gr\u00fcessli, eine feine, einzigartige Praline die Sie zum Tr\u00e4umen verf\u00fchrt. Eine Praline mit zartschmelzender F\u00fcllung verfeinert mit Marc du Champagne und umh\u00fcllt von Grand Cru Milchschokolade. Ganz einfach eine Verf\u00fchrung!   Einheiten: - Box mit 6 St\u00fcck (65 Gramm) - Box mit 15 St\u00fcck (165 Gramm)  Haltbarkeit: ca. 55 Tage   Lieferfrist: ca. 2-3 Tage","og_url":"https:\/\/vincenz-wengen.ch\/shop\/produkt\/eiger-gruessli\/","og_site_name":"B\u00e4ckerei-Konditorei Vincenz AG","article_modified_time":"2023-02-16T13:39:54+00:00","og_image":[{"width":1200,"height":1200,"url":"https:\/\/vincenz-wengen.ch\/shop\/wp-content\/uploads\/2023\/02\/Eiger-Gruessli-15er-IMG_6260_Q1200.jpg","type":"image\/jpeg"}],"twitter_card":"summary_large_image","twitter_misc":{"Gesch\u00e4tzte Lesezeit":"1\u00a0Minute"},"schema":{"@context":"https:\/\/schema.org","@graph":[{"@type":"WebPage","@id":"https:\/\/vincenz-wengen.ch\/shop\/produkt\/eiger-gruessli\/","url":"https:\/\/vincenz-wengen.ch\/shop\/produkt\/eiger-gruessli\/","name":"Eiger Gr\u00fcessli - B\u00e4ckerei-Konditorei Vincenz AG","isPartOf":{"@id":"https:\/\/vincenz-wengen.ch\/shop\/#website"},"primaryImageOfPage":{"@id":"https:\/\/vincenz-wengen.ch\/shop\/produkt\/eiger-gruessli\/#primaryimage"},"image":{"@id":"https:\/\/vincenz-wengen.ch\/shop\/produkt\/eiger-gruessli\/#primaryimage"},"thumbnailUrl":"https:\/\/vincenz-wengen.ch\/shop\/wp-content\/uploads\/2023\/02\/Eiger-Gruessli-15er-IMG_6260_Q1200.jpg","datePublished":"2021-11-17T14:06:32+00:00","dateModified":"2023-02-16T13:39:54+00:00","breadcrumb":{"@id":"https:\/\/vincenz-wengen.ch\/shop\/produkt\/eiger-gruessli\/#breadcrumb"},"inLanguage":"de","potentialAction":[{"@type":"ReadAction","target":["https:\/\/vincenz-wengen.ch\/shop\/produkt\/eiger-gruessli\/"]}]},{"@type":"ImageObject","inLanguage":"de","@id":"https:\/\/vincenz-wengen.ch\/shop\/produkt\/eiger-gruessli\/#primaryimage","url":"https:\/\/vincenz-wengen.ch\/shop\/wp-content\/uploads\/2023\/02\/Eiger-Gruessli-15er-IMG_6260_Q1200.jpg","contentUrl":"https:\/\/vincenz-wengen.ch\/shop\/wp-content\/uploads\/2023\/02\/Eiger-Gruessli-15er-IMG_6260_Q1200.jpg","width":1200,"height":1200},{"@type":"BreadcrumbList","@id":"https:\/\/vincenz-wengen.ch\/shop\/produkt\/eiger-gruessli\/#breadcrumb","itemListElement":[{"@type":"ListItem","position":1,"name":"Startseite","item":"https:\/\/vincenz-wengen.ch\/shop\/"},{"@type":"ListItem","position":2,"name":"Shop","item":"https:\/\/vincenz-wengen.ch\/shop\/shop\/"},{"@type":"ListItem","position":3,"name":"Eiger Gr\u00fcessli"}]},{"@type":"WebSite","@id":"https:\/\/vincenz-wengen.ch\/shop\/#website","url":"https:\/\/vincenz-wengen.ch\/shop\/","name":"B\u00e4ckerei-Konditorei Vincenz AG","description":"SHOP","potentialAction":[{"@type":"SearchAction","target":{"@type":"EntryPoint","urlTemplate":"https:\/\/vincenz-wengen.ch\/shop\/?s={search_term_string}"},"query-input":{"@type":"PropertyValueSpecification","valueRequired":true,"valueName":"search_term_string"}}],"inLanguage":"de"}]}},"_links":{"self":[{"href":"https:\/\/vincenz-wengen.ch\/shop\/wp-json\/wp\/v2\/product\/109","targetHints":{"allow":["GET"]}}],"collection":[{"href":"https:\/\/vincenz-wengen.ch\/shop\/wp-json\/wp\/v2\/product"}],"about":[{"href":"https:\/\/vincenz-wengen.ch\/shop\/wp-json\/wp\/v2\/types\/product"}],"replies":[{"embeddable":true,"href":"https:\/\/vincenz-wengen.ch\/shop\/wp-json\/wp\/v2\/comments?post=109"}],"wp:featuredmedia":[{"embeddable":true,"href":"https:\/\/vincenz-wengen.ch\/shop\/wp-json\/wp\/v2\/media\/892"}],"wp:attachment":[{"href":"https:\/\/vincenz-wengen.ch\/shop\/wp-json\/wp\/v2\/media?parent=109"}],"wp:term":[{"taxonomy":"product_brand","embeddable":true,"href":"https:\/\/vincenz-wengen.ch\/shop\/wp-json\/wp\/v2\/product_brand?post=109"},{"taxonomy":"product_cat","embeddable":true,"href":"https:\/\/vincenz-wengen.ch\/shop\/wp-json\/wp\/v2\/product_cat?post=109"},{"taxonomy":"product_tag","embeddable":true,"href":"https:\/\/vincenz-wengen.ch\/shop\/wp-json\/wp\/v2\/product_tag?post=109"}],"curies":[{"name":"wp","href":"https:\/\/api.w.org\/{rel}","templated":true}]}}