
{"id":114,"date":"2021-11-17T14:09:00","date_gmt":"2021-11-17T14:09:00","guid":{"rendered":"https:\/\/vincenz-wengen.ch\/shop\/?post_type=product&#038;p=114"},"modified":"2023-02-16T13:41:51","modified_gmt":"2023-02-16T13:41:51","slug":"lauberhoernli","status":"publish","type":"product","link":"https:\/\/vincenz-wengen.ch\/shop\/produkt\/lauberhoernli\/","title":{"rendered":"Lauberh\u00f6rnli"},"content":{"rendered":"<p style=\"text-align: center;\"><span style=\"font-size: 12pt;\">Couv.Maraca. Creole 49% (Zucker, Kakaokerne, Kakaobutter, <strong>Rahmpulver (CH)<\/strong>, <strong>Magermilchpulver (CH)<\/strong>, Emulgator (E322: Soja Lezithin), Vanille*Madagaskar), <strong>Mandeln<\/strong>, <strong>H\u00fchnereiweiss<\/strong>, Pralinencreme (Zucker, <strong>Haseln\u00fcsse<\/strong>), <strong>Butter<\/strong>, Zucker<\/span><\/p>\n","protected":false},"excerpt":{"rendered":"<p><span style=\"font-size: 12pt;\"><strong>Das Lauberh\u00f6rnli begeistert grosse und kleine Schleckm\u00e4uler.<\/strong><\/span><br \/>\n<span style=\"font-size: 12pt;\">Mit den Lauberh\u00f6rnli begeistern Sie grosse und kleine Schleckm\u00e4uler. Feinste Pralinen, gef\u00fcllt mit einer zarten Pralinencreme und einem Kr\u00f6nchen mit Mandel-Splitter. Alkoholfrei und jederzeit bereit f\u00fcr Komplimente.<\/span><\/p>\n<ul>\n<li><span style=\"font-size: 10pt;\">Einheit:<br \/>\n\u2013 Box mit 6 St\u00fcck (50 Gramm)<br \/>\n\u2013 Box mit 15 St\u00fcck (115 Gramm)<\/span><\/li>\n<li><span style=\"font-size: 10pt;\">Haltbarkeit: ca. 50 Tage<\/span><\/li>\n<li><span style=\"font-size: 10pt;\">Lieferfrist: ca. 2-3 Tage<\/span><\/li>\n<\/ul>\n","protected":false},"featured_media":906,"comment_status":"closed","ping_status":"closed","template":"","meta":[],"product_brand":[],"product_cat":[18],"product_tag":[],"class_list":{"0":"post-114","1":"product","2":"type-product","3":"status-publish","4":"has-post-thumbnail","6":"product_cat-schoko-spezialitaeten","8":"first","9":"instock","10":"taxable","11":"shipping-taxable","12":"purchasable","13":"product-type-variable"},"yoast_head":"<!-- This site is optimized with the Yoast SEO plugin v27.4 - https:\/\/yoast.com\/product\/yoast-seo-wordpress\/ -->\n<title>Lauberh\u00f6rnli - B\u00e4ckerei-Konditorei Vincenz AG<\/title>\n<meta name=\"robots\" content=\"index, follow, max-snippet:-1, max-image-preview:large, max-video-preview:-1\" \/>\n<link rel=\"canonical\" href=\"https:\/\/vincenz-wengen.ch\/shop\/produkt\/lauberhoernli\/\" \/>\n<meta property=\"og:locale\" content=\"de_DE\" \/>\n<meta property=\"og:type\" content=\"article\" \/>\n<meta property=\"og:title\" content=\"Lauberh\u00f6rnli - B\u00e4ckerei-Konditorei Vincenz AG\" \/>\n<meta property=\"og:description\" content=\"Das Lauberh\u00f6rnli begeistert grosse und kleine Schleckm\u00e4uler. Mit den Lauberh\u00f6rnli begeistern Sie grosse und kleine Schleckm\u00e4uler. Feinste Pralinen, gef\u00fcllt mit einer zarten Pralinencreme und einem Kr\u00f6nchen mit Mandel-Splitter. Alkoholfrei und jederzeit bereit f\u00fcr Komplimente.   Einheit: \u2013 Box mit 6 St\u00fcck (50 Gramm) \u2013 Box mit 15 St\u00fcck (115 Gramm)  Haltbarkeit: ca. 50 Tage  Lieferfrist: ca. 2-3 Tage\" \/>\n<meta property=\"og:url\" content=\"https:\/\/vincenz-wengen.ch\/shop\/produkt\/lauberhoernli\/\" \/>\n<meta property=\"og:site_name\" content=\"B\u00e4ckerei-Konditorei Vincenz AG\" \/>\n<meta property=\"article:modified_time\" content=\"2023-02-16T13:41:51+00:00\" \/>\n<meta property=\"og:image\" content=\"https:\/\/vincenz-wengen.ch\/shop\/wp-content\/uploads\/2023\/02\/Lauberhoernli-15er-IMG_6512_2100x1400.jpg\" \/>\n\t<meta property=\"og:image:width\" content=\"2100\" \/>\n\t<meta property=\"og:image:height\" content=\"1400\" \/>\n\t<meta property=\"og:image:type\" content=\"image\/jpeg\" \/>\n<meta name=\"twitter:card\" content=\"summary_large_image\" \/>\n<meta name=\"twitter:label1\" content=\"Gesch\u00e4tzte Lesezeit\" \/>\n\t<meta name=\"twitter:data1\" content=\"1\u00a0Minute\" \/>\n<script type=\"application\/ld+json\" class=\"yoast-schema-graph\">{\"@context\":\"https:\\\/\\\/schema.org\",\"@graph\":[{\"@type\":\"WebPage\",\"@id\":\"https:\\\/\\\/vincenz-wengen.ch\\\/shop\\\/produkt\\\/lauberhoernli\\\/\",\"url\":\"https:\\\/\\\/vincenz-wengen.ch\\\/shop\\\/produkt\\\/lauberhoernli\\\/\",\"name\":\"Lauberh\u00f6rnli - B\u00e4ckerei-Konditorei Vincenz AG\",\"isPartOf\":{\"@id\":\"https:\\\/\\\/vincenz-wengen.ch\\\/shop\\\/#website\"},\"primaryImageOfPage\":{\"@id\":\"https:\\\/\\\/vincenz-wengen.ch\\\/shop\\\/produkt\\\/lauberhoernli\\\/#primaryimage\"},\"image\":{\"@id\":\"https:\\\/\\\/vincenz-wengen.ch\\\/shop\\\/produkt\\\/lauberhoernli\\\/#primaryimage\"},\"thumbnailUrl\":\"https:\\\/\\\/vincenz-wengen.ch\\\/shop\\\/wp-content\\\/uploads\\\/2023\\\/02\\\/Lauberhoernli-15er-IMG_6512_2100x1400.jpg\",\"datePublished\":\"2021-11-17T14:09:00+00:00\",\"dateModified\":\"2023-02-16T13:41:51+00:00\",\"breadcrumb\":{\"@id\":\"https:\\\/\\\/vincenz-wengen.ch\\\/shop\\\/produkt\\\/lauberhoernli\\\/#breadcrumb\"},\"inLanguage\":\"de\",\"potentialAction\":[{\"@type\":\"ReadAction\",\"target\":[\"https:\\\/\\\/vincenz-wengen.ch\\\/shop\\\/produkt\\\/lauberhoernli\\\/\"]}]},{\"@type\":\"ImageObject\",\"inLanguage\":\"de\",\"@id\":\"https:\\\/\\\/vincenz-wengen.ch\\\/shop\\\/produkt\\\/lauberhoernli\\\/#primaryimage\",\"url\":\"https:\\\/\\\/vincenz-wengen.ch\\\/shop\\\/wp-content\\\/uploads\\\/2023\\\/02\\\/Lauberhoernli-15er-IMG_6512_2100x1400.jpg\",\"contentUrl\":\"https:\\\/\\\/vincenz-wengen.ch\\\/shop\\\/wp-content\\\/uploads\\\/2023\\\/02\\\/Lauberhoernli-15er-IMG_6512_2100x1400.jpg\",\"width\":2100,\"height\":1400},{\"@type\":\"BreadcrumbList\",\"@id\":\"https:\\\/\\\/vincenz-wengen.ch\\\/shop\\\/produkt\\\/lauberhoernli\\\/#breadcrumb\",\"itemListElement\":[{\"@type\":\"ListItem\",\"position\":1,\"name\":\"Startseite\",\"item\":\"https:\\\/\\\/vincenz-wengen.ch\\\/shop\\\/\"},{\"@type\":\"ListItem\",\"position\":2,\"name\":\"Shop\",\"item\":\"https:\\\/\\\/vincenz-wengen.ch\\\/shop\\\/shop\\\/\"},{\"@type\":\"ListItem\",\"position\":3,\"name\":\"Lauberh\u00f6rnli\"}]},{\"@type\":\"WebSite\",\"@id\":\"https:\\\/\\\/vincenz-wengen.ch\\\/shop\\\/#website\",\"url\":\"https:\\\/\\\/vincenz-wengen.ch\\\/shop\\\/\",\"name\":\"B\u00e4ckerei-Konditorei Vincenz AG\",\"description\":\"SHOP\",\"potentialAction\":[{\"@type\":\"SearchAction\",\"target\":{\"@type\":\"EntryPoint\",\"urlTemplate\":\"https:\\\/\\\/vincenz-wengen.ch\\\/shop\\\/?s={search_term_string}\"},\"query-input\":{\"@type\":\"PropertyValueSpecification\",\"valueRequired\":true,\"valueName\":\"search_term_string\"}}],\"inLanguage\":\"de\"}]}<\/script>\n<!-- \/ Yoast SEO plugin. -->","yoast_head_json":{"title":"Lauberh\u00f6rnli - B\u00e4ckerei-Konditorei Vincenz AG","robots":{"index":"index","follow":"follow","max-snippet":"max-snippet:-1","max-image-preview":"max-image-preview:large","max-video-preview":"max-video-preview:-1"},"canonical":"https:\/\/vincenz-wengen.ch\/shop\/produkt\/lauberhoernli\/","og_locale":"de_DE","og_type":"article","og_title":"Lauberh\u00f6rnli - B\u00e4ckerei-Konditorei Vincenz AG","og_description":"Das Lauberh\u00f6rnli begeistert grosse und kleine Schleckm\u00e4uler. Mit den Lauberh\u00f6rnli begeistern Sie grosse und kleine Schleckm\u00e4uler. Feinste Pralinen, gef\u00fcllt mit einer zarten Pralinencreme und einem Kr\u00f6nchen mit Mandel-Splitter. Alkoholfrei und jederzeit bereit f\u00fcr Komplimente.   Einheit: \u2013 Box mit 6 St\u00fcck (50 Gramm) \u2013 Box mit 15 St\u00fcck (115 Gramm)  Haltbarkeit: ca. 50 Tage  Lieferfrist: ca. 2-3 Tage","og_url":"https:\/\/vincenz-wengen.ch\/shop\/produkt\/lauberhoernli\/","og_site_name":"B\u00e4ckerei-Konditorei Vincenz AG","article_modified_time":"2023-02-16T13:41:51+00:00","og_image":[{"width":2100,"height":1400,"url":"https:\/\/vincenz-wengen.ch\/shop\/wp-content\/uploads\/2023\/02\/Lauberhoernli-15er-IMG_6512_2100x1400.jpg","type":"image\/jpeg"}],"twitter_card":"summary_large_image","twitter_misc":{"Gesch\u00e4tzte Lesezeit":"1\u00a0Minute"},"schema":{"@context":"https:\/\/schema.org","@graph":[{"@type":"WebPage","@id":"https:\/\/vincenz-wengen.ch\/shop\/produkt\/lauberhoernli\/","url":"https:\/\/vincenz-wengen.ch\/shop\/produkt\/lauberhoernli\/","name":"Lauberh\u00f6rnli - B\u00e4ckerei-Konditorei Vincenz AG","isPartOf":{"@id":"https:\/\/vincenz-wengen.ch\/shop\/#website"},"primaryImageOfPage":{"@id":"https:\/\/vincenz-wengen.ch\/shop\/produkt\/lauberhoernli\/#primaryimage"},"image":{"@id":"https:\/\/vincenz-wengen.ch\/shop\/produkt\/lauberhoernli\/#primaryimage"},"thumbnailUrl":"https:\/\/vincenz-wengen.ch\/shop\/wp-content\/uploads\/2023\/02\/Lauberhoernli-15er-IMG_6512_2100x1400.jpg","datePublished":"2021-11-17T14:09:00+00:00","dateModified":"2023-02-16T13:41:51+00:00","breadcrumb":{"@id":"https:\/\/vincenz-wengen.ch\/shop\/produkt\/lauberhoernli\/#breadcrumb"},"inLanguage":"de","potentialAction":[{"@type":"ReadAction","target":["https:\/\/vincenz-wengen.ch\/shop\/produkt\/lauberhoernli\/"]}]},{"@type":"ImageObject","inLanguage":"de","@id":"https:\/\/vincenz-wengen.ch\/shop\/produkt\/lauberhoernli\/#primaryimage","url":"https:\/\/vincenz-wengen.ch\/shop\/wp-content\/uploads\/2023\/02\/Lauberhoernli-15er-IMG_6512_2100x1400.jpg","contentUrl":"https:\/\/vincenz-wengen.ch\/shop\/wp-content\/uploads\/2023\/02\/Lauberhoernli-15er-IMG_6512_2100x1400.jpg","width":2100,"height":1400},{"@type":"BreadcrumbList","@id":"https:\/\/vincenz-wengen.ch\/shop\/produkt\/lauberhoernli\/#breadcrumb","itemListElement":[{"@type":"ListItem","position":1,"name":"Startseite","item":"https:\/\/vincenz-wengen.ch\/shop\/"},{"@type":"ListItem","position":2,"name":"Shop","item":"https:\/\/vincenz-wengen.ch\/shop\/shop\/"},{"@type":"ListItem","position":3,"name":"Lauberh\u00f6rnli"}]},{"@type":"WebSite","@id":"https:\/\/vincenz-wengen.ch\/shop\/#website","url":"https:\/\/vincenz-wengen.ch\/shop\/","name":"B\u00e4ckerei-Konditorei Vincenz AG","description":"SHOP","potentialAction":[{"@type":"SearchAction","target":{"@type":"EntryPoint","urlTemplate":"https:\/\/vincenz-wengen.ch\/shop\/?s={search_term_string}"},"query-input":{"@type":"PropertyValueSpecification","valueRequired":true,"valueName":"search_term_string"}}],"inLanguage":"de"}]}},"_links":{"self":[{"href":"https:\/\/vincenz-wengen.ch\/shop\/wp-json\/wp\/v2\/product\/114","targetHints":{"allow":["GET"]}}],"collection":[{"href":"https:\/\/vincenz-wengen.ch\/shop\/wp-json\/wp\/v2\/product"}],"about":[{"href":"https:\/\/vincenz-wengen.ch\/shop\/wp-json\/wp\/v2\/types\/product"}],"replies":[{"embeddable":true,"href":"https:\/\/vincenz-wengen.ch\/shop\/wp-json\/wp\/v2\/comments?post=114"}],"wp:featuredmedia":[{"embeddable":true,"href":"https:\/\/vincenz-wengen.ch\/shop\/wp-json\/wp\/v2\/media\/906"}],"wp:attachment":[{"href":"https:\/\/vincenz-wengen.ch\/shop\/wp-json\/wp\/v2\/media?parent=114"}],"wp:term":[{"taxonomy":"product_brand","embeddable":true,"href":"https:\/\/vincenz-wengen.ch\/shop\/wp-json\/wp\/v2\/product_brand?post=114"},{"taxonomy":"product_cat","embeddable":true,"href":"https:\/\/vincenz-wengen.ch\/shop\/wp-json\/wp\/v2\/product_cat?post=114"},{"taxonomy":"product_tag","embeddable":true,"href":"https:\/\/vincenz-wengen.ch\/shop\/wp-json\/wp\/v2\/product_tag?post=114"}],"curies":[{"name":"wp","href":"https:\/\/api.w.org\/{rel}","templated":true}]}}