
{"id":125,"date":"2021-11-17T14:21:22","date_gmt":"2021-11-17T14:21:22","guid":{"rendered":"https:\/\/vincenz-wengen.ch\/shop\/?post_type=product&#038;p=125"},"modified":"2023-11-17T13:03:26","modified_gmt":"2023-11-17T13:03:26","slug":"moench-kristall","status":"publish","type":"product","link":"https:\/\/vincenz-wengen.ch\/shop\/produkt\/moench-kristall\/","title":{"rendered":"M\u00f6nch Kristall"},"content":{"rendered":"<p style=\"text-align: center;\"><span style=\"font-size: 12pt;\">Pralinencreme (<strong>Mandel 60%<\/strong>, Caramel, Zucker), Couv. Edelweiss Rondo 36% Fe (Zucker, Kakaobutter, <strong>Vollmilchpulver (CH)<\/strong>, <strong>Magermilchpulver (CH)<\/strong>, Emulgator (E322: Sojal\u00e9cithin), Vanille-Extrakt)<\/span><\/p>\n","protected":false},"excerpt":{"rendered":"<p><span style=\"font-size: 12pt;\"><strong>Die Praline mit mystisch blauem Schimmer<br \/>\n<\/strong>Sie ist dem dem M\u00f6nch, eines der der Dreigestirne der Wengener Bergwelt, gewidmet. Herrlich zart schmelzende Mandel-Caramel-F\u00fcllung, gespickt mit Mandelsplittern. Das Ganze umh\u00fcllt mit einer d\u00fcnnen, weissen Schokoladenschicht \u2013 eine Gaumenfreude f\u00fcr jeden Schokoladen-Fan. Von der Jury der Swiss Bakery Trophy f\u00fcr 2022\/23 mit Bronce-Auszeichnung gek\u00fcrt.<\/span><\/p>\n<ul>\n<li><span style=\"font-size: 10pt;\">Einheit: Box mit 12 St\u00fcck<\/span><\/li>\n<li><span style=\"font-size: 10pt;\">Gewicht: 140 Gramm<\/span><\/li>\n<li><span style=\"font-size: 10pt;\">Haltbarkeit: ca. 75 Tage<\/span><\/li>\n<li><span style=\"font-size: 10pt;\">Lieferfrist: ca. 2-3 Tage<\/span><\/li>\n<li><span style=\"font-size: 10pt;\">Art.Nr. VIN-7011<\/span><\/li>\n<\/ul>\n","protected":false},"featured_media":315,"comment_status":"closed","ping_status":"closed","template":"","meta":[],"product_brand":[],"product_cat":[18],"product_tag":[],"class_list":{"0":"post-125","1":"product","2":"type-product","3":"status-publish","4":"has-post-thumbnail","6":"product_cat-schoko-spezialitaeten","8":"first","9":"instock","10":"taxable","11":"shipping-taxable","12":"purchasable","13":"product-type-simple"},"yoast_head":"<!-- This site is optimized with the Yoast SEO plugin v27.4 - https:\/\/yoast.com\/product\/yoast-seo-wordpress\/ -->\n<title>M\u00f6nch Kristall - B\u00e4ckerei-Konditorei Vincenz AG<\/title>\n<meta name=\"robots\" content=\"index, follow, max-snippet:-1, max-image-preview:large, max-video-preview:-1\" \/>\n<link rel=\"canonical\" href=\"https:\/\/vincenz-wengen.ch\/shop\/produkt\/moench-kristall\/\" \/>\n<meta property=\"og:locale\" content=\"de_DE\" \/>\n<meta property=\"og:type\" content=\"article\" \/>\n<meta property=\"og:title\" content=\"M\u00f6nch Kristall - B\u00e4ckerei-Konditorei Vincenz AG\" \/>\n<meta property=\"og:description\" content=\"Die Praline mit mystisch blauem Schimmer Sie ist dem dem M\u00f6nch, eines der der Dreigestirne der Wengener Bergwelt, gewidmet. Herrlich zart schmelzende Mandel-Caramel-F\u00fcllung, gespickt mit Mandelsplittern. Das Ganze umh\u00fcllt mit einer d\u00fcnnen, weissen Schokoladenschicht \u2013 eine Gaumenfreude f\u00fcr jeden Schokoladen-Fan. Von der Jury der Swiss Bakery Trophy f\u00fcr 2022\/23 mit Bronce-Auszeichnung gek\u00fcrt.   Einheit: Box mit 12 St\u00fcck  Gewicht: 140 Gramm  Haltbarkeit: ca. 75 Tage  Lieferfrist: ca. 2-3 Tage  Art.Nr. VIN-7011\" \/>\n<meta property=\"og:url\" content=\"https:\/\/vincenz-wengen.ch\/shop\/produkt\/moench-kristall\/\" \/>\n<meta property=\"og:site_name\" content=\"B\u00e4ckerei-Konditorei Vincenz AG\" \/>\n<meta property=\"article:modified_time\" content=\"2023-11-17T13:03:26+00:00\" \/>\n<meta property=\"og:image\" content=\"https:\/\/vincenz-wengen.ch\/shop\/wp-content\/uploads\/2021\/11\/Moench-Kristall-Produkt-Solo-Bronce-IMG_5326-2100x1400-1.jpg\" \/>\n\t<meta property=\"og:image:width\" content=\"2100\" \/>\n\t<meta property=\"og:image:height\" content=\"1400\" \/>\n\t<meta property=\"og:image:type\" content=\"image\/jpeg\" \/>\n<meta name=\"twitter:card\" content=\"summary_large_image\" \/>\n<meta name=\"twitter:label1\" content=\"Gesch\u00e4tzte Lesezeit\" \/>\n\t<meta name=\"twitter:data1\" content=\"1\u00a0Minute\" \/>\n<script type=\"application\/ld+json\" class=\"yoast-schema-graph\">{\"@context\":\"https:\\\/\\\/schema.org\",\"@graph\":[{\"@type\":\"WebPage\",\"@id\":\"https:\\\/\\\/vincenz-wengen.ch\\\/shop\\\/produkt\\\/moench-kristall\\\/\",\"url\":\"https:\\\/\\\/vincenz-wengen.ch\\\/shop\\\/produkt\\\/moench-kristall\\\/\",\"name\":\"M\u00f6nch Kristall - B\u00e4ckerei-Konditorei Vincenz AG\",\"isPartOf\":{\"@id\":\"https:\\\/\\\/vincenz-wengen.ch\\\/shop\\\/#website\"},\"primaryImageOfPage\":{\"@id\":\"https:\\\/\\\/vincenz-wengen.ch\\\/shop\\\/produkt\\\/moench-kristall\\\/#primaryimage\"},\"image\":{\"@id\":\"https:\\\/\\\/vincenz-wengen.ch\\\/shop\\\/produkt\\\/moench-kristall\\\/#primaryimage\"},\"thumbnailUrl\":\"https:\\\/\\\/vincenz-wengen.ch\\\/shop\\\/wp-content\\\/uploads\\\/2021\\\/11\\\/Moench-Kristall-Produkt-Solo-Bronce-IMG_5326-2100x1400-1.jpg\",\"datePublished\":\"2021-11-17T14:21:22+00:00\",\"dateModified\":\"2023-11-17T13:03:26+00:00\",\"breadcrumb\":{\"@id\":\"https:\\\/\\\/vincenz-wengen.ch\\\/shop\\\/produkt\\\/moench-kristall\\\/#breadcrumb\"},\"inLanguage\":\"de\",\"potentialAction\":[{\"@type\":\"ReadAction\",\"target\":[\"https:\\\/\\\/vincenz-wengen.ch\\\/shop\\\/produkt\\\/moench-kristall\\\/\"]}]},{\"@type\":\"ImageObject\",\"inLanguage\":\"de\",\"@id\":\"https:\\\/\\\/vincenz-wengen.ch\\\/shop\\\/produkt\\\/moench-kristall\\\/#primaryimage\",\"url\":\"https:\\\/\\\/vincenz-wengen.ch\\\/shop\\\/wp-content\\\/uploads\\\/2021\\\/11\\\/Moench-Kristall-Produkt-Solo-Bronce-IMG_5326-2100x1400-1.jpg\",\"contentUrl\":\"https:\\\/\\\/vincenz-wengen.ch\\\/shop\\\/wp-content\\\/uploads\\\/2021\\\/11\\\/Moench-Kristall-Produkt-Solo-Bronce-IMG_5326-2100x1400-1.jpg\",\"width\":2100,\"height\":1400},{\"@type\":\"BreadcrumbList\",\"@id\":\"https:\\\/\\\/vincenz-wengen.ch\\\/shop\\\/produkt\\\/moench-kristall\\\/#breadcrumb\",\"itemListElement\":[{\"@type\":\"ListItem\",\"position\":1,\"name\":\"Startseite\",\"item\":\"https:\\\/\\\/vincenz-wengen.ch\\\/shop\\\/\"},{\"@type\":\"ListItem\",\"position\":2,\"name\":\"Shop\",\"item\":\"https:\\\/\\\/vincenz-wengen.ch\\\/shop\\\/shop\\\/\"},{\"@type\":\"ListItem\",\"position\":3,\"name\":\"M\u00f6nch Kristall\"}]},{\"@type\":\"WebSite\",\"@id\":\"https:\\\/\\\/vincenz-wengen.ch\\\/shop\\\/#website\",\"url\":\"https:\\\/\\\/vincenz-wengen.ch\\\/shop\\\/\",\"name\":\"B\u00e4ckerei-Konditorei Vincenz AG\",\"description\":\"SHOP\",\"potentialAction\":[{\"@type\":\"SearchAction\",\"target\":{\"@type\":\"EntryPoint\",\"urlTemplate\":\"https:\\\/\\\/vincenz-wengen.ch\\\/shop\\\/?s={search_term_string}\"},\"query-input\":{\"@type\":\"PropertyValueSpecification\",\"valueRequired\":true,\"valueName\":\"search_term_string\"}}],\"inLanguage\":\"de\"}]}<\/script>\n<!-- \/ Yoast SEO plugin. -->","yoast_head_json":{"title":"M\u00f6nch Kristall - B\u00e4ckerei-Konditorei Vincenz AG","robots":{"index":"index","follow":"follow","max-snippet":"max-snippet:-1","max-image-preview":"max-image-preview:large","max-video-preview":"max-video-preview:-1"},"canonical":"https:\/\/vincenz-wengen.ch\/shop\/produkt\/moench-kristall\/","og_locale":"de_DE","og_type":"article","og_title":"M\u00f6nch Kristall - B\u00e4ckerei-Konditorei Vincenz AG","og_description":"Die Praline mit mystisch blauem Schimmer Sie ist dem dem M\u00f6nch, eines der der Dreigestirne der Wengener Bergwelt, gewidmet. Herrlich zart schmelzende Mandel-Caramel-F\u00fcllung, gespickt mit Mandelsplittern. Das Ganze umh\u00fcllt mit einer d\u00fcnnen, weissen Schokoladenschicht \u2013 eine Gaumenfreude f\u00fcr jeden Schokoladen-Fan. Von der Jury der Swiss Bakery Trophy f\u00fcr 2022\/23 mit Bronce-Auszeichnung gek\u00fcrt.   Einheit: Box mit 12 St\u00fcck  Gewicht: 140 Gramm  Haltbarkeit: ca. 75 Tage  Lieferfrist: ca. 2-3 Tage  Art.Nr. VIN-7011","og_url":"https:\/\/vincenz-wengen.ch\/shop\/produkt\/moench-kristall\/","og_site_name":"B\u00e4ckerei-Konditorei Vincenz AG","article_modified_time":"2023-11-17T13:03:26+00:00","og_image":[{"width":2100,"height":1400,"url":"https:\/\/vincenz-wengen.ch\/shop\/wp-content\/uploads\/2021\/11\/Moench-Kristall-Produkt-Solo-Bronce-IMG_5326-2100x1400-1.jpg","type":"image\/jpeg"}],"twitter_card":"summary_large_image","twitter_misc":{"Gesch\u00e4tzte Lesezeit":"1\u00a0Minute"},"schema":{"@context":"https:\/\/schema.org","@graph":[{"@type":"WebPage","@id":"https:\/\/vincenz-wengen.ch\/shop\/produkt\/moench-kristall\/","url":"https:\/\/vincenz-wengen.ch\/shop\/produkt\/moench-kristall\/","name":"M\u00f6nch Kristall - B\u00e4ckerei-Konditorei Vincenz AG","isPartOf":{"@id":"https:\/\/vincenz-wengen.ch\/shop\/#website"},"primaryImageOfPage":{"@id":"https:\/\/vincenz-wengen.ch\/shop\/produkt\/moench-kristall\/#primaryimage"},"image":{"@id":"https:\/\/vincenz-wengen.ch\/shop\/produkt\/moench-kristall\/#primaryimage"},"thumbnailUrl":"https:\/\/vincenz-wengen.ch\/shop\/wp-content\/uploads\/2021\/11\/Moench-Kristall-Produkt-Solo-Bronce-IMG_5326-2100x1400-1.jpg","datePublished":"2021-11-17T14:21:22+00:00","dateModified":"2023-11-17T13:03:26+00:00","breadcrumb":{"@id":"https:\/\/vincenz-wengen.ch\/shop\/produkt\/moench-kristall\/#breadcrumb"},"inLanguage":"de","potentialAction":[{"@type":"ReadAction","target":["https:\/\/vincenz-wengen.ch\/shop\/produkt\/moench-kristall\/"]}]},{"@type":"ImageObject","inLanguage":"de","@id":"https:\/\/vincenz-wengen.ch\/shop\/produkt\/moench-kristall\/#primaryimage","url":"https:\/\/vincenz-wengen.ch\/shop\/wp-content\/uploads\/2021\/11\/Moench-Kristall-Produkt-Solo-Bronce-IMG_5326-2100x1400-1.jpg","contentUrl":"https:\/\/vincenz-wengen.ch\/shop\/wp-content\/uploads\/2021\/11\/Moench-Kristall-Produkt-Solo-Bronce-IMG_5326-2100x1400-1.jpg","width":2100,"height":1400},{"@type":"BreadcrumbList","@id":"https:\/\/vincenz-wengen.ch\/shop\/produkt\/moench-kristall\/#breadcrumb","itemListElement":[{"@type":"ListItem","position":1,"name":"Startseite","item":"https:\/\/vincenz-wengen.ch\/shop\/"},{"@type":"ListItem","position":2,"name":"Shop","item":"https:\/\/vincenz-wengen.ch\/shop\/shop\/"},{"@type":"ListItem","position":3,"name":"M\u00f6nch Kristall"}]},{"@type":"WebSite","@id":"https:\/\/vincenz-wengen.ch\/shop\/#website","url":"https:\/\/vincenz-wengen.ch\/shop\/","name":"B\u00e4ckerei-Konditorei Vincenz AG","description":"SHOP","potentialAction":[{"@type":"SearchAction","target":{"@type":"EntryPoint","urlTemplate":"https:\/\/vincenz-wengen.ch\/shop\/?s={search_term_string}"},"query-input":{"@type":"PropertyValueSpecification","valueRequired":true,"valueName":"search_term_string"}}],"inLanguage":"de"}]}},"_links":{"self":[{"href":"https:\/\/vincenz-wengen.ch\/shop\/wp-json\/wp\/v2\/product\/125","targetHints":{"allow":["GET"]}}],"collection":[{"href":"https:\/\/vincenz-wengen.ch\/shop\/wp-json\/wp\/v2\/product"}],"about":[{"href":"https:\/\/vincenz-wengen.ch\/shop\/wp-json\/wp\/v2\/types\/product"}],"replies":[{"embeddable":true,"href":"https:\/\/vincenz-wengen.ch\/shop\/wp-json\/wp\/v2\/comments?post=125"}],"wp:featuredmedia":[{"embeddable":true,"href":"https:\/\/vincenz-wengen.ch\/shop\/wp-json\/wp\/v2\/media\/315"}],"wp:attachment":[{"href":"https:\/\/vincenz-wengen.ch\/shop\/wp-json\/wp\/v2\/media?parent=125"}],"wp:term":[{"taxonomy":"product_brand","embeddable":true,"href":"https:\/\/vincenz-wengen.ch\/shop\/wp-json\/wp\/v2\/product_brand?post=125"},{"taxonomy":"product_cat","embeddable":true,"href":"https:\/\/vincenz-wengen.ch\/shop\/wp-json\/wp\/v2\/product_cat?post=125"},{"taxonomy":"product_tag","embeddable":true,"href":"https:\/\/vincenz-wengen.ch\/shop\/wp-json\/wp\/v2\/product_tag?post=125"}],"curies":[{"name":"wp","href":"https:\/\/api.w.org\/{rel}","templated":true}]}}