
{"id":131,"date":"2021-11-17T14:27:28","date_gmt":"2021-11-17T14:27:28","guid":{"rendered":"https:\/\/vincenz-wengen.ch\/shop\/?post_type=product&#038;p=131"},"modified":"2023-02-16T13:47:31","modified_gmt":"2023-02-16T13:47:31","slug":"gipfelwiis","status":"publish","type":"product","link":"https:\/\/vincenz-wengen.ch\/shop\/produkt\/gipfelwiis\/","title":{"rendered":"Gipfelwiiss"},"content":{"rendered":"<p style=\"text-align: center;\"><span style=\"font-size: 12pt;\">Gianduja Haselnuss (<strong>Haselnusskerne,<\/strong> Zucker), Couverture Marac. Criolait 38% (Zucker, Kakaobutter, Kakaokerne, <span style=\"font-family: Helvetica; font-size: 12pt;\"><strong>Magermilchpulver (CH)<\/strong>, <strong>Vollmilchpulver (CH<\/strong>), <strong>Rahmpulver (CH)<\/strong><\/span>, Vanille)<\/span><\/p>\n","protected":false},"excerpt":{"rendered":"<p><span style=\"font-size: 12pt;\"><strong>Die wohl s\u00fcsseste Gipfelkette mit Gold-Zertifikat<br \/>\n<\/strong><\/span><span style=\"font-size: 12pt;\">\u00abGipfelwiiss\u00bb ist die neuste Kreation, einzigartig und entsprechend auch ein unvergesslicher Genuss. Eiger, M\u00f6nch, Jungfrau und Silberhorn mit weissen Gipfelspitzen zeigen sich ganz in Schokolade. Feinste Milchcouverture mit sanftem Honig-Caramel Geschmack bilden die Bergform und umh\u00fcllen eine edle Pralinenf\u00fcllung aus Piemonteser Haseln\u00fcssen, weisse Schokolade verziert die Bergspitzen. Verschiedene Aromen in Kombination f\u00fcr ein unvergessliches Erlebnis.<\/span><\/p>\n<ul>\n<li>Gewicht: 120 Gramm<\/li>\n<li>Haltbarkeit: ca. 4 Monate<\/li>\n<li>Lieferfrist: ca. 2-3 Tage<\/li>\n<li>Art.Nr. VIN-7450<\/li>\n<\/ul>\n","protected":false},"featured_media":379,"comment_status":"closed","ping_status":"closed","template":"","meta":[],"product_brand":[],"product_cat":[18],"product_tag":[],"class_list":{"0":"post-131","1":"product","2":"type-product","3":"status-publish","4":"has-post-thumbnail","6":"product_cat-schoko-spezialitaeten","8":"first","9":"instock","10":"taxable","11":"shipping-taxable","12":"purchasable","13":"product-type-simple"},"yoast_head":"<!-- This site is optimized with the Yoast SEO plugin v27.4 - https:\/\/yoast.com\/product\/yoast-seo-wordpress\/ -->\n<title>Gipfelwiiss - B\u00e4ckerei-Konditorei Vincenz AG<\/title>\n<meta name=\"robots\" content=\"index, follow, max-snippet:-1, max-image-preview:large, max-video-preview:-1\" \/>\n<link rel=\"canonical\" href=\"https:\/\/vincenz-wengen.ch\/shop\/produkt\/gipfelwiis\/\" \/>\n<meta property=\"og:locale\" content=\"de_DE\" \/>\n<meta property=\"og:type\" content=\"article\" \/>\n<meta property=\"og:title\" content=\"Gipfelwiiss - B\u00e4ckerei-Konditorei Vincenz AG\" \/>\n<meta property=\"og:description\" content=\"Die wohl s\u00fcsseste Gipfelkette mit Gold-Zertifikat \u00abGipfelwiiss\u00bb ist die neuste Kreation, einzigartig und entsprechend auch ein unvergesslicher Genuss. Eiger, M\u00f6nch, Jungfrau und Silberhorn mit weissen Gipfelspitzen zeigen sich ganz in Schokolade. Feinste Milchcouverture mit sanftem Honig-Caramel Geschmack bilden die Bergform und umh\u00fcllen eine edle Pralinenf\u00fcllung aus Piemonteser Haseln\u00fcssen, weisse Schokolade verziert die Bergspitzen. Verschiedene Aromen in Kombination f\u00fcr ein unvergessliches Erlebnis.   Gewicht: 120 Gramm  Haltbarkeit: ca. 4 Monate  Lieferfrist: ca. 2-3 Tage  Art.Nr. VIN-7450\" \/>\n<meta property=\"og:url\" content=\"https:\/\/vincenz-wengen.ch\/shop\/produkt\/gipfelwiis\/\" \/>\n<meta property=\"og:site_name\" content=\"B\u00e4ckerei-Konditorei Vincenz AG\" \/>\n<meta property=\"article:modified_time\" content=\"2023-02-16T13:47:31+00:00\" \/>\n<meta property=\"og:image\" content=\"https:\/\/vincenz-wengen.ch\/shop\/wp-content\/uploads\/2021\/12\/Gipfelwiiss-Gross-Solo-Schoggi-Gold-IMG_5935-1400x1400-1.jpg\" \/>\n\t<meta property=\"og:image:width\" content=\"1400\" \/>\n\t<meta property=\"og:image:height\" content=\"1400\" \/>\n\t<meta property=\"og:image:type\" content=\"image\/jpeg\" \/>\n<meta name=\"twitter:card\" content=\"summary_large_image\" \/>\n<meta name=\"twitter:label1\" content=\"Gesch\u00e4tzte Lesezeit\" \/>\n\t<meta name=\"twitter:data1\" content=\"1\u00a0Minute\" \/>\n<script type=\"application\/ld+json\" class=\"yoast-schema-graph\">{\"@context\":\"https:\\\/\\\/schema.org\",\"@graph\":[{\"@type\":\"WebPage\",\"@id\":\"https:\\\/\\\/vincenz-wengen.ch\\\/shop\\\/produkt\\\/gipfelwiis\\\/\",\"url\":\"https:\\\/\\\/vincenz-wengen.ch\\\/shop\\\/produkt\\\/gipfelwiis\\\/\",\"name\":\"Gipfelwiiss - B\u00e4ckerei-Konditorei Vincenz AG\",\"isPartOf\":{\"@id\":\"https:\\\/\\\/vincenz-wengen.ch\\\/shop\\\/#website\"},\"primaryImageOfPage\":{\"@id\":\"https:\\\/\\\/vincenz-wengen.ch\\\/shop\\\/produkt\\\/gipfelwiis\\\/#primaryimage\"},\"image\":{\"@id\":\"https:\\\/\\\/vincenz-wengen.ch\\\/shop\\\/produkt\\\/gipfelwiis\\\/#primaryimage\"},\"thumbnailUrl\":\"https:\\\/\\\/vincenz-wengen.ch\\\/shop\\\/wp-content\\\/uploads\\\/2021\\\/12\\\/Gipfelwiiss-Gross-Solo-Schoggi-Gold-IMG_5935-1400x1400-1.jpg\",\"datePublished\":\"2021-11-17T14:27:28+00:00\",\"dateModified\":\"2023-02-16T13:47:31+00:00\",\"breadcrumb\":{\"@id\":\"https:\\\/\\\/vincenz-wengen.ch\\\/shop\\\/produkt\\\/gipfelwiis\\\/#breadcrumb\"},\"inLanguage\":\"de\",\"potentialAction\":[{\"@type\":\"ReadAction\",\"target\":[\"https:\\\/\\\/vincenz-wengen.ch\\\/shop\\\/produkt\\\/gipfelwiis\\\/\"]}]},{\"@type\":\"ImageObject\",\"inLanguage\":\"de\",\"@id\":\"https:\\\/\\\/vincenz-wengen.ch\\\/shop\\\/produkt\\\/gipfelwiis\\\/#primaryimage\",\"url\":\"https:\\\/\\\/vincenz-wengen.ch\\\/shop\\\/wp-content\\\/uploads\\\/2021\\\/12\\\/Gipfelwiiss-Gross-Solo-Schoggi-Gold-IMG_5935-1400x1400-1.jpg\",\"contentUrl\":\"https:\\\/\\\/vincenz-wengen.ch\\\/shop\\\/wp-content\\\/uploads\\\/2021\\\/12\\\/Gipfelwiiss-Gross-Solo-Schoggi-Gold-IMG_5935-1400x1400-1.jpg\",\"width\":1400,\"height\":1400},{\"@type\":\"BreadcrumbList\",\"@id\":\"https:\\\/\\\/vincenz-wengen.ch\\\/shop\\\/produkt\\\/gipfelwiis\\\/#breadcrumb\",\"itemListElement\":[{\"@type\":\"ListItem\",\"position\":1,\"name\":\"Startseite\",\"item\":\"https:\\\/\\\/vincenz-wengen.ch\\\/shop\\\/\"},{\"@type\":\"ListItem\",\"position\":2,\"name\":\"Shop\",\"item\":\"https:\\\/\\\/vincenz-wengen.ch\\\/shop\\\/shop\\\/\"},{\"@type\":\"ListItem\",\"position\":3,\"name\":\"Gipfelwiiss\"}]},{\"@type\":\"WebSite\",\"@id\":\"https:\\\/\\\/vincenz-wengen.ch\\\/shop\\\/#website\",\"url\":\"https:\\\/\\\/vincenz-wengen.ch\\\/shop\\\/\",\"name\":\"B\u00e4ckerei-Konditorei Vincenz AG\",\"description\":\"SHOP\",\"potentialAction\":[{\"@type\":\"SearchAction\",\"target\":{\"@type\":\"EntryPoint\",\"urlTemplate\":\"https:\\\/\\\/vincenz-wengen.ch\\\/shop\\\/?s={search_term_string}\"},\"query-input\":{\"@type\":\"PropertyValueSpecification\",\"valueRequired\":true,\"valueName\":\"search_term_string\"}}],\"inLanguage\":\"de\"}]}<\/script>\n<!-- \/ Yoast SEO plugin. -->","yoast_head_json":{"title":"Gipfelwiiss - B\u00e4ckerei-Konditorei Vincenz AG","robots":{"index":"index","follow":"follow","max-snippet":"max-snippet:-1","max-image-preview":"max-image-preview:large","max-video-preview":"max-video-preview:-1"},"canonical":"https:\/\/vincenz-wengen.ch\/shop\/produkt\/gipfelwiis\/","og_locale":"de_DE","og_type":"article","og_title":"Gipfelwiiss - B\u00e4ckerei-Konditorei Vincenz AG","og_description":"Die wohl s\u00fcsseste Gipfelkette mit Gold-Zertifikat \u00abGipfelwiiss\u00bb ist die neuste Kreation, einzigartig und entsprechend auch ein unvergesslicher Genuss. Eiger, M\u00f6nch, Jungfrau und Silberhorn mit weissen Gipfelspitzen zeigen sich ganz in Schokolade. Feinste Milchcouverture mit sanftem Honig-Caramel Geschmack bilden die Bergform und umh\u00fcllen eine edle Pralinenf\u00fcllung aus Piemonteser Haseln\u00fcssen, weisse Schokolade verziert die Bergspitzen. Verschiedene Aromen in Kombination f\u00fcr ein unvergessliches Erlebnis.   Gewicht: 120 Gramm  Haltbarkeit: ca. 4 Monate  Lieferfrist: ca. 2-3 Tage  Art.Nr. VIN-7450","og_url":"https:\/\/vincenz-wengen.ch\/shop\/produkt\/gipfelwiis\/","og_site_name":"B\u00e4ckerei-Konditorei Vincenz AG","article_modified_time":"2023-02-16T13:47:31+00:00","og_image":[{"width":1400,"height":1400,"url":"https:\/\/vincenz-wengen.ch\/shop\/wp-content\/uploads\/2021\/12\/Gipfelwiiss-Gross-Solo-Schoggi-Gold-IMG_5935-1400x1400-1.jpg","type":"image\/jpeg"}],"twitter_card":"summary_large_image","twitter_misc":{"Gesch\u00e4tzte Lesezeit":"1\u00a0Minute"},"schema":{"@context":"https:\/\/schema.org","@graph":[{"@type":"WebPage","@id":"https:\/\/vincenz-wengen.ch\/shop\/produkt\/gipfelwiis\/","url":"https:\/\/vincenz-wengen.ch\/shop\/produkt\/gipfelwiis\/","name":"Gipfelwiiss - B\u00e4ckerei-Konditorei Vincenz AG","isPartOf":{"@id":"https:\/\/vincenz-wengen.ch\/shop\/#website"},"primaryImageOfPage":{"@id":"https:\/\/vincenz-wengen.ch\/shop\/produkt\/gipfelwiis\/#primaryimage"},"image":{"@id":"https:\/\/vincenz-wengen.ch\/shop\/produkt\/gipfelwiis\/#primaryimage"},"thumbnailUrl":"https:\/\/vincenz-wengen.ch\/shop\/wp-content\/uploads\/2021\/12\/Gipfelwiiss-Gross-Solo-Schoggi-Gold-IMG_5935-1400x1400-1.jpg","datePublished":"2021-11-17T14:27:28+00:00","dateModified":"2023-02-16T13:47:31+00:00","breadcrumb":{"@id":"https:\/\/vincenz-wengen.ch\/shop\/produkt\/gipfelwiis\/#breadcrumb"},"inLanguage":"de","potentialAction":[{"@type":"ReadAction","target":["https:\/\/vincenz-wengen.ch\/shop\/produkt\/gipfelwiis\/"]}]},{"@type":"ImageObject","inLanguage":"de","@id":"https:\/\/vincenz-wengen.ch\/shop\/produkt\/gipfelwiis\/#primaryimage","url":"https:\/\/vincenz-wengen.ch\/shop\/wp-content\/uploads\/2021\/12\/Gipfelwiiss-Gross-Solo-Schoggi-Gold-IMG_5935-1400x1400-1.jpg","contentUrl":"https:\/\/vincenz-wengen.ch\/shop\/wp-content\/uploads\/2021\/12\/Gipfelwiiss-Gross-Solo-Schoggi-Gold-IMG_5935-1400x1400-1.jpg","width":1400,"height":1400},{"@type":"BreadcrumbList","@id":"https:\/\/vincenz-wengen.ch\/shop\/produkt\/gipfelwiis\/#breadcrumb","itemListElement":[{"@type":"ListItem","position":1,"name":"Startseite","item":"https:\/\/vincenz-wengen.ch\/shop\/"},{"@type":"ListItem","position":2,"name":"Shop","item":"https:\/\/vincenz-wengen.ch\/shop\/shop\/"},{"@type":"ListItem","position":3,"name":"Gipfelwiiss"}]},{"@type":"WebSite","@id":"https:\/\/vincenz-wengen.ch\/shop\/#website","url":"https:\/\/vincenz-wengen.ch\/shop\/","name":"B\u00e4ckerei-Konditorei Vincenz AG","description":"SHOP","potentialAction":[{"@type":"SearchAction","target":{"@type":"EntryPoint","urlTemplate":"https:\/\/vincenz-wengen.ch\/shop\/?s={search_term_string}"},"query-input":{"@type":"PropertyValueSpecification","valueRequired":true,"valueName":"search_term_string"}}],"inLanguage":"de"}]}},"_links":{"self":[{"href":"https:\/\/vincenz-wengen.ch\/shop\/wp-json\/wp\/v2\/product\/131","targetHints":{"allow":["GET"]}}],"collection":[{"href":"https:\/\/vincenz-wengen.ch\/shop\/wp-json\/wp\/v2\/product"}],"about":[{"href":"https:\/\/vincenz-wengen.ch\/shop\/wp-json\/wp\/v2\/types\/product"}],"replies":[{"embeddable":true,"href":"https:\/\/vincenz-wengen.ch\/shop\/wp-json\/wp\/v2\/comments?post=131"}],"wp:featuredmedia":[{"embeddable":true,"href":"https:\/\/vincenz-wengen.ch\/shop\/wp-json\/wp\/v2\/media\/379"}],"wp:attachment":[{"href":"https:\/\/vincenz-wengen.ch\/shop\/wp-json\/wp\/v2\/media?parent=131"}],"wp:term":[{"taxonomy":"product_brand","embeddable":true,"href":"https:\/\/vincenz-wengen.ch\/shop\/wp-json\/wp\/v2\/product_brand?post=131"},{"taxonomy":"product_cat","embeddable":true,"href":"https:\/\/vincenz-wengen.ch\/shop\/wp-json\/wp\/v2\/product_cat?post=131"},{"taxonomy":"product_tag","embeddable":true,"href":"https:\/\/vincenz-wengen.ch\/shop\/wp-json\/wp\/v2\/product_tag?post=131"}],"curies":[{"name":"wp","href":"https:\/\/api.w.org\/{rel}","templated":true}]}}