
{"id":1500,"date":"2025-02-10T12:23:35","date_gmt":"2025-02-10T12:23:35","guid":{"rendered":"https:\/\/vincenz-wengen.ch\/shop\/?post_type=product&#038;p=1500"},"modified":"2025-02-10T12:36:45","modified_gmt":"2025-02-10T12:36:45","slug":"urdinkel-schokoladen-sable","status":"publish","type":"product","link":"https:\/\/vincenz-wengen.ch\/shop\/produkt\/urdinkel-schokoladen-sable\/","title":{"rendered":"Urdinkel Schokoladen-Sabl\u00e9"},"content":{"rendered":"<p style=\"text-align: center;\"><strong>Urdinkelmehl<\/strong>, <strong>Butter<\/strong> (aus pasteurisiertem Rahm), Zucker, Couverture, Maracaibo Clasificado 65% Rondo (Kakaokerne, Zucker, Kakaobutter, Emulgator (E322: Sojalezithin), Vanille*Madagaskar), Kakaopulver (Kakaopulver 99.69%, Vanille 0.31%), <strong>H\u00fchnereiweiss<\/strong> <strong>(Eier aus Freilandhaltung), Vollrahm Eigermilch (pasturisert)<\/strong>, Speisesalz (Natriumchlorid, Iod, Antiklumpmittel (E536))<\/p>\n","protected":false},"excerpt":{"rendered":"<p><span style=\"font-size: 12pt;\"><strong>Urdinkel Schoggi-Sabl\u00e9 \u2013 M\u00fcrbeteig mit Schoggi-Genuss<br \/>\n<\/strong><\/span><span style=\"font-size: 12pt;\">Die Urdinkel-Schoggi-Sabl\u00e9 vereinen zarten M\u00fcrbeteig mit feinem Kakao, kleinen Schokoladenst\u00fcckchen und hochwertigem Urdinkelmehl. Die perfekte Balance aus knuspriger Textur und intensivem Geschmack macht dieses Geb\u00e4ck zu einem s\u00fcssen Genuss f\u00fcr jede Gelegenheit!<\/span><\/p>\n<ul>\n<li>Gewicht: ca. 150 Gramm<\/li>\n<li>Haltbarkeit: ca. 50 Tage<\/li>\n<li>Lieferfrist: ca. 2\u20133 Tage<\/li>\n<li>Art.Nr.: VIN-1577<\/li>\n<\/ul>\n","protected":false},"featured_media":1465,"comment_status":"closed","ping_status":"closed","template":"","meta":[],"product_brand":[],"product_cat":[60],"product_tag":[],"class_list":{"0":"post-1500","1":"product","2":"type-product","3":"status-publish","4":"has-post-thumbnail","6":"product_cat-guetzli","8":"first","9":"instock","10":"taxable","11":"shipping-taxable","12":"purchasable","13":"product-type-simple"},"yoast_head":"<!-- This site is optimized with the Yoast SEO plugin v27.4 - https:\/\/yoast.com\/product\/yoast-seo-wordpress\/ -->\n<title>Urdinkel Schokoladen-Sabl\u00e9 - B\u00e4ckerei-Konditorei Vincenz AG<\/title>\n<meta name=\"robots\" content=\"index, follow, max-snippet:-1, max-image-preview:large, max-video-preview:-1\" \/>\n<link rel=\"canonical\" href=\"https:\/\/vincenz-wengen.ch\/shop\/produkt\/urdinkel-schokoladen-sable\/\" \/>\n<meta property=\"og:locale\" content=\"de_DE\" \/>\n<meta property=\"og:type\" content=\"article\" \/>\n<meta property=\"og:title\" content=\"Urdinkel Schokoladen-Sabl\u00e9 - B\u00e4ckerei-Konditorei Vincenz AG\" \/>\n<meta property=\"og:description\" content=\"Urdinkel Schoggi-Sabl\u00e9 \u2013 M\u00fcrbeteig mit Schoggi-Genuss Die Urdinkel-Schoggi-Sabl\u00e9 vereinen zarten M\u00fcrbeteig mit feinem Kakao, kleinen Schokoladenst\u00fcckchen und hochwertigem Urdinkelmehl. Die perfekte Balance aus knuspriger Textur und intensivem Geschmack macht dieses Geb\u00e4ck zu einem s\u00fcssen Genuss f\u00fcr jede Gelegenheit!   Gewicht: ca. 150 Gramm  Haltbarkeit: ca. 50 Tage  Lieferfrist: ca. 2\u20133 Tage  Art.Nr.: VIN-1577\" \/>\n<meta property=\"og:url\" content=\"https:\/\/vincenz-wengen.ch\/shop\/produkt\/urdinkel-schokoladen-sable\/\" \/>\n<meta property=\"og:site_name\" content=\"B\u00e4ckerei-Konditorei Vincenz AG\" \/>\n<meta property=\"article:modified_time\" content=\"2025-02-10T12:36:45+00:00\" \/>\n<meta property=\"og:image\" content=\"https:\/\/vincenz-wengen.ch\/shop\/wp-content\/uploads\/2025\/01\/Ur-Dinkel-Schoggisable-IMG_9059-2100px.jpg\" \/>\n\t<meta property=\"og:image:width\" content=\"2100\" \/>\n\t<meta property=\"og:image:height\" content=\"1400\" \/>\n\t<meta property=\"og:image:type\" content=\"image\/jpeg\" \/>\n<meta name=\"twitter:card\" content=\"summary_large_image\" \/>\n<meta name=\"twitter:label1\" content=\"Gesch\u00e4tzte Lesezeit\" \/>\n\t<meta name=\"twitter:data1\" content=\"1\u00a0Minute\" \/>\n<script type=\"application\/ld+json\" class=\"yoast-schema-graph\">{\"@context\":\"https:\\\/\\\/schema.org\",\"@graph\":[{\"@type\":\"WebPage\",\"@id\":\"https:\\\/\\\/vincenz-wengen.ch\\\/shop\\\/produkt\\\/urdinkel-schokoladen-sable\\\/\",\"url\":\"https:\\\/\\\/vincenz-wengen.ch\\\/shop\\\/produkt\\\/urdinkel-schokoladen-sable\\\/\",\"name\":\"Urdinkel Schokoladen-Sabl\u00e9 - B\u00e4ckerei-Konditorei Vincenz AG\",\"isPartOf\":{\"@id\":\"https:\\\/\\\/vincenz-wengen.ch\\\/shop\\\/#website\"},\"primaryImageOfPage\":{\"@id\":\"https:\\\/\\\/vincenz-wengen.ch\\\/shop\\\/produkt\\\/urdinkel-schokoladen-sable\\\/#primaryimage\"},\"image\":{\"@id\":\"https:\\\/\\\/vincenz-wengen.ch\\\/shop\\\/produkt\\\/urdinkel-schokoladen-sable\\\/#primaryimage\"},\"thumbnailUrl\":\"https:\\\/\\\/vincenz-wengen.ch\\\/shop\\\/wp-content\\\/uploads\\\/2025\\\/01\\\/Ur-Dinkel-Schoggisable-IMG_9059-2100px.jpg\",\"datePublished\":\"2025-02-10T12:23:35+00:00\",\"dateModified\":\"2025-02-10T12:36:45+00:00\",\"breadcrumb\":{\"@id\":\"https:\\\/\\\/vincenz-wengen.ch\\\/shop\\\/produkt\\\/urdinkel-schokoladen-sable\\\/#breadcrumb\"},\"inLanguage\":\"de\",\"potentialAction\":[{\"@type\":\"ReadAction\",\"target\":[\"https:\\\/\\\/vincenz-wengen.ch\\\/shop\\\/produkt\\\/urdinkel-schokoladen-sable\\\/\"]}]},{\"@type\":\"ImageObject\",\"inLanguage\":\"de\",\"@id\":\"https:\\\/\\\/vincenz-wengen.ch\\\/shop\\\/produkt\\\/urdinkel-schokoladen-sable\\\/#primaryimage\",\"url\":\"https:\\\/\\\/vincenz-wengen.ch\\\/shop\\\/wp-content\\\/uploads\\\/2025\\\/01\\\/Ur-Dinkel-Schoggisable-IMG_9059-2100px.jpg\",\"contentUrl\":\"https:\\\/\\\/vincenz-wengen.ch\\\/shop\\\/wp-content\\\/uploads\\\/2025\\\/01\\\/Ur-Dinkel-Schoggisable-IMG_9059-2100px.jpg\",\"width\":2100,\"height\":1400},{\"@type\":\"BreadcrumbList\",\"@id\":\"https:\\\/\\\/vincenz-wengen.ch\\\/shop\\\/produkt\\\/urdinkel-schokoladen-sable\\\/#breadcrumb\",\"itemListElement\":[{\"@type\":\"ListItem\",\"position\":1,\"name\":\"Startseite\",\"item\":\"https:\\\/\\\/vincenz-wengen.ch\\\/shop\\\/\"},{\"@type\":\"ListItem\",\"position\":2,\"name\":\"Shop\",\"item\":\"https:\\\/\\\/vincenz-wengen.ch\\\/shop\\\/shop\\\/\"},{\"@type\":\"ListItem\",\"position\":3,\"name\":\"Urdinkel Schokoladen-Sabl\u00e9\"}]},{\"@type\":\"WebSite\",\"@id\":\"https:\\\/\\\/vincenz-wengen.ch\\\/shop\\\/#website\",\"url\":\"https:\\\/\\\/vincenz-wengen.ch\\\/shop\\\/\",\"name\":\"B\u00e4ckerei-Konditorei Vincenz AG\",\"description\":\"SHOP\",\"potentialAction\":[{\"@type\":\"SearchAction\",\"target\":{\"@type\":\"EntryPoint\",\"urlTemplate\":\"https:\\\/\\\/vincenz-wengen.ch\\\/shop\\\/?s={search_term_string}\"},\"query-input\":{\"@type\":\"PropertyValueSpecification\",\"valueRequired\":true,\"valueName\":\"search_term_string\"}}],\"inLanguage\":\"de\"}]}<\/script>\n<!-- \/ Yoast SEO plugin. -->","yoast_head_json":{"title":"Urdinkel Schokoladen-Sabl\u00e9 - B\u00e4ckerei-Konditorei Vincenz AG","robots":{"index":"index","follow":"follow","max-snippet":"max-snippet:-1","max-image-preview":"max-image-preview:large","max-video-preview":"max-video-preview:-1"},"canonical":"https:\/\/vincenz-wengen.ch\/shop\/produkt\/urdinkel-schokoladen-sable\/","og_locale":"de_DE","og_type":"article","og_title":"Urdinkel Schokoladen-Sabl\u00e9 - B\u00e4ckerei-Konditorei Vincenz AG","og_description":"Urdinkel Schoggi-Sabl\u00e9 \u2013 M\u00fcrbeteig mit Schoggi-Genuss Die Urdinkel-Schoggi-Sabl\u00e9 vereinen zarten M\u00fcrbeteig mit feinem Kakao, kleinen Schokoladenst\u00fcckchen und hochwertigem Urdinkelmehl. Die perfekte Balance aus knuspriger Textur und intensivem Geschmack macht dieses Geb\u00e4ck zu einem s\u00fcssen Genuss f\u00fcr jede Gelegenheit!   Gewicht: ca. 150 Gramm  Haltbarkeit: ca. 50 Tage  Lieferfrist: ca. 2\u20133 Tage  Art.Nr.: VIN-1577","og_url":"https:\/\/vincenz-wengen.ch\/shop\/produkt\/urdinkel-schokoladen-sable\/","og_site_name":"B\u00e4ckerei-Konditorei Vincenz AG","article_modified_time":"2025-02-10T12:36:45+00:00","og_image":[{"width":2100,"height":1400,"url":"https:\/\/vincenz-wengen.ch\/shop\/wp-content\/uploads\/2025\/01\/Ur-Dinkel-Schoggisable-IMG_9059-2100px.jpg","type":"image\/jpeg"}],"twitter_card":"summary_large_image","twitter_misc":{"Gesch\u00e4tzte Lesezeit":"1\u00a0Minute"},"schema":{"@context":"https:\/\/schema.org","@graph":[{"@type":"WebPage","@id":"https:\/\/vincenz-wengen.ch\/shop\/produkt\/urdinkel-schokoladen-sable\/","url":"https:\/\/vincenz-wengen.ch\/shop\/produkt\/urdinkel-schokoladen-sable\/","name":"Urdinkel Schokoladen-Sabl\u00e9 - B\u00e4ckerei-Konditorei Vincenz AG","isPartOf":{"@id":"https:\/\/vincenz-wengen.ch\/shop\/#website"},"primaryImageOfPage":{"@id":"https:\/\/vincenz-wengen.ch\/shop\/produkt\/urdinkel-schokoladen-sable\/#primaryimage"},"image":{"@id":"https:\/\/vincenz-wengen.ch\/shop\/produkt\/urdinkel-schokoladen-sable\/#primaryimage"},"thumbnailUrl":"https:\/\/vincenz-wengen.ch\/shop\/wp-content\/uploads\/2025\/01\/Ur-Dinkel-Schoggisable-IMG_9059-2100px.jpg","datePublished":"2025-02-10T12:23:35+00:00","dateModified":"2025-02-10T12:36:45+00:00","breadcrumb":{"@id":"https:\/\/vincenz-wengen.ch\/shop\/produkt\/urdinkel-schokoladen-sable\/#breadcrumb"},"inLanguage":"de","potentialAction":[{"@type":"ReadAction","target":["https:\/\/vincenz-wengen.ch\/shop\/produkt\/urdinkel-schokoladen-sable\/"]}]},{"@type":"ImageObject","inLanguage":"de","@id":"https:\/\/vincenz-wengen.ch\/shop\/produkt\/urdinkel-schokoladen-sable\/#primaryimage","url":"https:\/\/vincenz-wengen.ch\/shop\/wp-content\/uploads\/2025\/01\/Ur-Dinkel-Schoggisable-IMG_9059-2100px.jpg","contentUrl":"https:\/\/vincenz-wengen.ch\/shop\/wp-content\/uploads\/2025\/01\/Ur-Dinkel-Schoggisable-IMG_9059-2100px.jpg","width":2100,"height":1400},{"@type":"BreadcrumbList","@id":"https:\/\/vincenz-wengen.ch\/shop\/produkt\/urdinkel-schokoladen-sable\/#breadcrumb","itemListElement":[{"@type":"ListItem","position":1,"name":"Startseite","item":"https:\/\/vincenz-wengen.ch\/shop\/"},{"@type":"ListItem","position":2,"name":"Shop","item":"https:\/\/vincenz-wengen.ch\/shop\/shop\/"},{"@type":"ListItem","position":3,"name":"Urdinkel Schokoladen-Sabl\u00e9"}]},{"@type":"WebSite","@id":"https:\/\/vincenz-wengen.ch\/shop\/#website","url":"https:\/\/vincenz-wengen.ch\/shop\/","name":"B\u00e4ckerei-Konditorei Vincenz AG","description":"SHOP","potentialAction":[{"@type":"SearchAction","target":{"@type":"EntryPoint","urlTemplate":"https:\/\/vincenz-wengen.ch\/shop\/?s={search_term_string}"},"query-input":{"@type":"PropertyValueSpecification","valueRequired":true,"valueName":"search_term_string"}}],"inLanguage":"de"}]}},"_links":{"self":[{"href":"https:\/\/vincenz-wengen.ch\/shop\/wp-json\/wp\/v2\/product\/1500","targetHints":{"allow":["GET"]}}],"collection":[{"href":"https:\/\/vincenz-wengen.ch\/shop\/wp-json\/wp\/v2\/product"}],"about":[{"href":"https:\/\/vincenz-wengen.ch\/shop\/wp-json\/wp\/v2\/types\/product"}],"replies":[{"embeddable":true,"href":"https:\/\/vincenz-wengen.ch\/shop\/wp-json\/wp\/v2\/comments?post=1500"}],"wp:featuredmedia":[{"embeddable":true,"href":"https:\/\/vincenz-wengen.ch\/shop\/wp-json\/wp\/v2\/media\/1465"}],"wp:attachment":[{"href":"https:\/\/vincenz-wengen.ch\/shop\/wp-json\/wp\/v2\/media?parent=1500"}],"wp:term":[{"taxonomy":"product_brand","embeddable":true,"href":"https:\/\/vincenz-wengen.ch\/shop\/wp-json\/wp\/v2\/product_brand?post=1500"},{"taxonomy":"product_cat","embeddable":true,"href":"https:\/\/vincenz-wengen.ch\/shop\/wp-json\/wp\/v2\/product_cat?post=1500"},{"taxonomy":"product_tag","embeddable":true,"href":"https:\/\/vincenz-wengen.ch\/shop\/wp-json\/wp\/v2\/product_tag?post=1500"}],"curies":[{"name":"wp","href":"https:\/\/api.w.org\/{rel}","templated":true}]}}