
{"id":1506,"date":"2025-02-10T12:58:20","date_gmt":"2025-02-10T12:58:20","guid":{"rendered":"https:\/\/vincenz-wengen.ch\/shop\/?post_type=product&#038;p=1506"},"modified":"2025-02-10T17:31:48","modified_gmt":"2025-02-10T17:31:48","slug":"urdinkel-mandelstaengeli","status":"publish","type":"product","link":"https:\/\/vincenz-wengen.ch\/shop\/produkt\/urdinkel-mandelstaengeli\/","title":{"rendered":"Urdinkel Mandelst\u00e4ngeli"},"content":{"rendered":"<p style=\"text-align: center;\"><strong>Urdinkel Weissmehl IPS, Mandeln, Butter<\/strong>, Rohr-Rohzucker, <strong>Vollei (Schweizer Freiland),<\/strong>\u00a0 Zucker, Geriebene Zitronenschalen (Italien), Vanille, Backtriebmittel (E450, E500ii, E341), <strong>Weizenst\u00e4rke,<\/strong> Wasser, Nat\u00fcrliches Zitronenaroma, S\u00e4uerungsmittel (Citronens\u00e4ure), Farbstoff (Carotin)<\/p>\n","protected":false},"excerpt":{"rendered":"<p><span style=\"font-size: 12pt;\"><strong>Urdinkel-Mandelst\u00e4ngeli \u2013 der Klassiker mit Knack<br \/>\n<\/strong><\/span><span style=\"font-size: 12pt;\">Das Urdinkel-Mandelst\u00e4ngeli sind mit dem Klassiker vergleichbar. Grosse Mandelst\u00fccke sorgen f\u00fcr den typischen Knack und geben ihm seinen unverwechselbaren Charakter, w\u00e4hrend das feine Urdinkelmehl den Geschmack harmonisch abrundet. Immer ein gerngesehenes Konfekt, dass Ihre G\u00e4ste erfreut und begeistert.<\/span><\/p>\n<ul>\n<li>Gewicht: ca. 200 Gramm<\/li>\n<li>Haltbarkeit: ca. 50 Tage<\/li>\n<li>Lieferfrist: ca. 2\u20133 Tage<\/li>\n<li>Art.Nr.: VIN-1587<\/li>\n<\/ul>\n","protected":false},"featured_media":1462,"comment_status":"closed","ping_status":"closed","template":"","meta":[],"product_brand":[],"product_cat":[60],"product_tag":[],"class_list":{"0":"post-1506","1":"product","2":"type-product","3":"status-publish","4":"has-post-thumbnail","6":"product_cat-guetzli","8":"first","9":"instock","10":"taxable","11":"shipping-taxable","12":"purchasable","13":"product-type-simple"},"yoast_head":"<!-- This site is optimized with the Yoast SEO plugin v27.4 - https:\/\/yoast.com\/product\/yoast-seo-wordpress\/ -->\n<title>Urdinkel Mandelst\u00e4ngeli - B\u00e4ckerei-Konditorei Vincenz AG<\/title>\n<meta name=\"robots\" content=\"index, follow, max-snippet:-1, max-image-preview:large, max-video-preview:-1\" \/>\n<link rel=\"canonical\" href=\"https:\/\/vincenz-wengen.ch\/shop\/produkt\/urdinkel-mandelstaengeli\/\" \/>\n<meta property=\"og:locale\" content=\"de_DE\" \/>\n<meta property=\"og:type\" content=\"article\" \/>\n<meta property=\"og:title\" content=\"Urdinkel Mandelst\u00e4ngeli - B\u00e4ckerei-Konditorei Vincenz AG\" \/>\n<meta property=\"og:description\" content=\"Urdinkel-Mandelst\u00e4ngeli \u2013 der Klassiker mit Knack Das Urdinkel-Mandelst\u00e4ngeli sind mit dem Klassiker vergleichbar. Grosse Mandelst\u00fccke sorgen f\u00fcr den typischen Knack und geben ihm seinen unverwechselbaren Charakter, w\u00e4hrend das feine Urdinkelmehl den Geschmack harmonisch abrundet. Immer ein gerngesehenes Konfekt, dass Ihre G\u00e4ste erfreut und begeistert.   Gewicht: ca. 200 Gramm  Haltbarkeit: ca. 50 Tage  Lieferfrist: ca. 2\u20133 Tage  Art.Nr.: VIN-1587\" \/>\n<meta property=\"og:url\" content=\"https:\/\/vincenz-wengen.ch\/shop\/produkt\/urdinkel-mandelstaengeli\/\" \/>\n<meta property=\"og:site_name\" content=\"B\u00e4ckerei-Konditorei Vincenz AG\" \/>\n<meta property=\"article:modified_time\" content=\"2025-02-10T17:31:48+00:00\" \/>\n<meta property=\"og:image\" content=\"https:\/\/vincenz-wengen.ch\/shop\/wp-content\/uploads\/2025\/01\/Ur-Dinkel-Mandelstaengeli-IMG_9004-2100px.jpg\" \/>\n\t<meta property=\"og:image:width\" content=\"2100\" \/>\n\t<meta property=\"og:image:height\" content=\"1400\" \/>\n\t<meta property=\"og:image:type\" content=\"image\/jpeg\" \/>\n<meta name=\"twitter:card\" content=\"summary_large_image\" \/>\n<meta name=\"twitter:label1\" content=\"Gesch\u00e4tzte Lesezeit\" \/>\n\t<meta name=\"twitter:data1\" content=\"1\u00a0Minute\" \/>\n<script type=\"application\/ld+json\" class=\"yoast-schema-graph\">{\"@context\":\"https:\\\/\\\/schema.org\",\"@graph\":[{\"@type\":\"WebPage\",\"@id\":\"https:\\\/\\\/vincenz-wengen.ch\\\/shop\\\/produkt\\\/urdinkel-mandelstaengeli\\\/\",\"url\":\"https:\\\/\\\/vincenz-wengen.ch\\\/shop\\\/produkt\\\/urdinkel-mandelstaengeli\\\/\",\"name\":\"Urdinkel Mandelst\u00e4ngeli - B\u00e4ckerei-Konditorei Vincenz AG\",\"isPartOf\":{\"@id\":\"https:\\\/\\\/vincenz-wengen.ch\\\/shop\\\/#website\"},\"primaryImageOfPage\":{\"@id\":\"https:\\\/\\\/vincenz-wengen.ch\\\/shop\\\/produkt\\\/urdinkel-mandelstaengeli\\\/#primaryimage\"},\"image\":{\"@id\":\"https:\\\/\\\/vincenz-wengen.ch\\\/shop\\\/produkt\\\/urdinkel-mandelstaengeli\\\/#primaryimage\"},\"thumbnailUrl\":\"https:\\\/\\\/vincenz-wengen.ch\\\/shop\\\/wp-content\\\/uploads\\\/2025\\\/01\\\/Ur-Dinkel-Mandelstaengeli-IMG_9004-2100px.jpg\",\"datePublished\":\"2025-02-10T12:58:20+00:00\",\"dateModified\":\"2025-02-10T17:31:48+00:00\",\"breadcrumb\":{\"@id\":\"https:\\\/\\\/vincenz-wengen.ch\\\/shop\\\/produkt\\\/urdinkel-mandelstaengeli\\\/#breadcrumb\"},\"inLanguage\":\"de\",\"potentialAction\":[{\"@type\":\"ReadAction\",\"target\":[\"https:\\\/\\\/vincenz-wengen.ch\\\/shop\\\/produkt\\\/urdinkel-mandelstaengeli\\\/\"]}]},{\"@type\":\"ImageObject\",\"inLanguage\":\"de\",\"@id\":\"https:\\\/\\\/vincenz-wengen.ch\\\/shop\\\/produkt\\\/urdinkel-mandelstaengeli\\\/#primaryimage\",\"url\":\"https:\\\/\\\/vincenz-wengen.ch\\\/shop\\\/wp-content\\\/uploads\\\/2025\\\/01\\\/Ur-Dinkel-Mandelstaengeli-IMG_9004-2100px.jpg\",\"contentUrl\":\"https:\\\/\\\/vincenz-wengen.ch\\\/shop\\\/wp-content\\\/uploads\\\/2025\\\/01\\\/Ur-Dinkel-Mandelstaengeli-IMG_9004-2100px.jpg\",\"width\":2100,\"height\":1400},{\"@type\":\"BreadcrumbList\",\"@id\":\"https:\\\/\\\/vincenz-wengen.ch\\\/shop\\\/produkt\\\/urdinkel-mandelstaengeli\\\/#breadcrumb\",\"itemListElement\":[{\"@type\":\"ListItem\",\"position\":1,\"name\":\"Startseite\",\"item\":\"https:\\\/\\\/vincenz-wengen.ch\\\/shop\\\/\"},{\"@type\":\"ListItem\",\"position\":2,\"name\":\"Shop\",\"item\":\"https:\\\/\\\/vincenz-wengen.ch\\\/shop\\\/shop\\\/\"},{\"@type\":\"ListItem\",\"position\":3,\"name\":\"Urdinkel Mandelst\u00e4ngeli\"}]},{\"@type\":\"WebSite\",\"@id\":\"https:\\\/\\\/vincenz-wengen.ch\\\/shop\\\/#website\",\"url\":\"https:\\\/\\\/vincenz-wengen.ch\\\/shop\\\/\",\"name\":\"B\u00e4ckerei-Konditorei Vincenz AG\",\"description\":\"SHOP\",\"potentialAction\":[{\"@type\":\"SearchAction\",\"target\":{\"@type\":\"EntryPoint\",\"urlTemplate\":\"https:\\\/\\\/vincenz-wengen.ch\\\/shop\\\/?s={search_term_string}\"},\"query-input\":{\"@type\":\"PropertyValueSpecification\",\"valueRequired\":true,\"valueName\":\"search_term_string\"}}],\"inLanguage\":\"de\"}]}<\/script>\n<!-- \/ Yoast SEO plugin. -->","yoast_head_json":{"title":"Urdinkel Mandelst\u00e4ngeli - B\u00e4ckerei-Konditorei Vincenz AG","robots":{"index":"index","follow":"follow","max-snippet":"max-snippet:-1","max-image-preview":"max-image-preview:large","max-video-preview":"max-video-preview:-1"},"canonical":"https:\/\/vincenz-wengen.ch\/shop\/produkt\/urdinkel-mandelstaengeli\/","og_locale":"de_DE","og_type":"article","og_title":"Urdinkel Mandelst\u00e4ngeli - B\u00e4ckerei-Konditorei Vincenz AG","og_description":"Urdinkel-Mandelst\u00e4ngeli \u2013 der Klassiker mit Knack Das Urdinkel-Mandelst\u00e4ngeli sind mit dem Klassiker vergleichbar. Grosse Mandelst\u00fccke sorgen f\u00fcr den typischen Knack und geben ihm seinen unverwechselbaren Charakter, w\u00e4hrend das feine Urdinkelmehl den Geschmack harmonisch abrundet. Immer ein gerngesehenes Konfekt, dass Ihre G\u00e4ste erfreut und begeistert.   Gewicht: ca. 200 Gramm  Haltbarkeit: ca. 50 Tage  Lieferfrist: ca. 2\u20133 Tage  Art.Nr.: VIN-1587","og_url":"https:\/\/vincenz-wengen.ch\/shop\/produkt\/urdinkel-mandelstaengeli\/","og_site_name":"B\u00e4ckerei-Konditorei Vincenz AG","article_modified_time":"2025-02-10T17:31:48+00:00","og_image":[{"width":2100,"height":1400,"url":"https:\/\/vincenz-wengen.ch\/shop\/wp-content\/uploads\/2025\/01\/Ur-Dinkel-Mandelstaengeli-IMG_9004-2100px.jpg","type":"image\/jpeg"}],"twitter_card":"summary_large_image","twitter_misc":{"Gesch\u00e4tzte Lesezeit":"1\u00a0Minute"},"schema":{"@context":"https:\/\/schema.org","@graph":[{"@type":"WebPage","@id":"https:\/\/vincenz-wengen.ch\/shop\/produkt\/urdinkel-mandelstaengeli\/","url":"https:\/\/vincenz-wengen.ch\/shop\/produkt\/urdinkel-mandelstaengeli\/","name":"Urdinkel Mandelst\u00e4ngeli - B\u00e4ckerei-Konditorei Vincenz AG","isPartOf":{"@id":"https:\/\/vincenz-wengen.ch\/shop\/#website"},"primaryImageOfPage":{"@id":"https:\/\/vincenz-wengen.ch\/shop\/produkt\/urdinkel-mandelstaengeli\/#primaryimage"},"image":{"@id":"https:\/\/vincenz-wengen.ch\/shop\/produkt\/urdinkel-mandelstaengeli\/#primaryimage"},"thumbnailUrl":"https:\/\/vincenz-wengen.ch\/shop\/wp-content\/uploads\/2025\/01\/Ur-Dinkel-Mandelstaengeli-IMG_9004-2100px.jpg","datePublished":"2025-02-10T12:58:20+00:00","dateModified":"2025-02-10T17:31:48+00:00","breadcrumb":{"@id":"https:\/\/vincenz-wengen.ch\/shop\/produkt\/urdinkel-mandelstaengeli\/#breadcrumb"},"inLanguage":"de","potentialAction":[{"@type":"ReadAction","target":["https:\/\/vincenz-wengen.ch\/shop\/produkt\/urdinkel-mandelstaengeli\/"]}]},{"@type":"ImageObject","inLanguage":"de","@id":"https:\/\/vincenz-wengen.ch\/shop\/produkt\/urdinkel-mandelstaengeli\/#primaryimage","url":"https:\/\/vincenz-wengen.ch\/shop\/wp-content\/uploads\/2025\/01\/Ur-Dinkel-Mandelstaengeli-IMG_9004-2100px.jpg","contentUrl":"https:\/\/vincenz-wengen.ch\/shop\/wp-content\/uploads\/2025\/01\/Ur-Dinkel-Mandelstaengeli-IMG_9004-2100px.jpg","width":2100,"height":1400},{"@type":"BreadcrumbList","@id":"https:\/\/vincenz-wengen.ch\/shop\/produkt\/urdinkel-mandelstaengeli\/#breadcrumb","itemListElement":[{"@type":"ListItem","position":1,"name":"Startseite","item":"https:\/\/vincenz-wengen.ch\/shop\/"},{"@type":"ListItem","position":2,"name":"Shop","item":"https:\/\/vincenz-wengen.ch\/shop\/shop\/"},{"@type":"ListItem","position":3,"name":"Urdinkel Mandelst\u00e4ngeli"}]},{"@type":"WebSite","@id":"https:\/\/vincenz-wengen.ch\/shop\/#website","url":"https:\/\/vincenz-wengen.ch\/shop\/","name":"B\u00e4ckerei-Konditorei Vincenz AG","description":"SHOP","potentialAction":[{"@type":"SearchAction","target":{"@type":"EntryPoint","urlTemplate":"https:\/\/vincenz-wengen.ch\/shop\/?s={search_term_string}"},"query-input":{"@type":"PropertyValueSpecification","valueRequired":true,"valueName":"search_term_string"}}],"inLanguage":"de"}]}},"_links":{"self":[{"href":"https:\/\/vincenz-wengen.ch\/shop\/wp-json\/wp\/v2\/product\/1506","targetHints":{"allow":["GET"]}}],"collection":[{"href":"https:\/\/vincenz-wengen.ch\/shop\/wp-json\/wp\/v2\/product"}],"about":[{"href":"https:\/\/vincenz-wengen.ch\/shop\/wp-json\/wp\/v2\/types\/product"}],"replies":[{"embeddable":true,"href":"https:\/\/vincenz-wengen.ch\/shop\/wp-json\/wp\/v2\/comments?post=1506"}],"wp:featuredmedia":[{"embeddable":true,"href":"https:\/\/vincenz-wengen.ch\/shop\/wp-json\/wp\/v2\/media\/1462"}],"wp:attachment":[{"href":"https:\/\/vincenz-wengen.ch\/shop\/wp-json\/wp\/v2\/media?parent=1506"}],"wp:term":[{"taxonomy":"product_brand","embeddable":true,"href":"https:\/\/vincenz-wengen.ch\/shop\/wp-json\/wp\/v2\/product_brand?post=1506"},{"taxonomy":"product_cat","embeddable":true,"href":"https:\/\/vincenz-wengen.ch\/shop\/wp-json\/wp\/v2\/product_cat?post=1506"},{"taxonomy":"product_tag","embeddable":true,"href":"https:\/\/vincenz-wengen.ch\/shop\/wp-json\/wp\/v2\/product_tag?post=1506"}],"curies":[{"name":"wp","href":"https:\/\/api.w.org\/{rel}","templated":true}]}}