
{"id":239,"date":"2021-11-18T22:43:34","date_gmt":"2021-11-18T22:43:34","guid":{"rendered":"https:\/\/vincenz-wengen.ch\/shop\/?post_type=product&#038;p=239"},"modified":"2021-12-03T15:32:07","modified_gmt":"2021-12-03T15:32:07","slug":"kuhfladen","status":"publish","type":"product","link":"https:\/\/vincenz-wengen.ch\/shop\/produkt\/kuhfladen\/","title":{"rendered":"Kuhfladen"},"content":{"rendered":"<p style=\"text-align: center;\"><span style=\"font-size: 12pt;\"><strong>Mit Haselnussf\u00fcllung:<\/strong> Weizenmehl, Honig (Seeland), Zucker, UrDinkelmehl, Milch, Vollei, Sternanis, Anis, Korianderkorn, Zimt, Nelken, Muskatnuss, Ingwer, Triebsalz (Ammoniumhydrogencarbonat (E503ii), Magnesiumcarbonat (E504)), Kaliumcarbonat (E501), Zimt, Haseln\u00fcsse, Apfelmarmelade, Biscuitbr\u00f6sel (N\u00fcsse, Weizen), Wasser<\/span><\/p>\n<p style=\"text-align: center;\"><span style=\"font-size: 12pt;\"><strong>Mit Mandelf\u00fcllung:<\/strong> Weizenmehl, Honig (Seeland), Zucker, Ur Dinkelmehl, Milch, Vollei, Wasser, Triebsalz , Zimt, Nelken, Muskatnuss, F\u00fcllung (Mandel (50%), Zucker, Feuchthaltemittel (Sorbit), Invertzucker, Orangeat, Zitronat)<\/span><\/p>\n","protected":false},"excerpt":{"rendered":"<p><span style=\"font-size: 12pt;\"><strong>Herzhaft in den Kuhfladen beissen<\/strong><\/span><br \/>\n<span style=\"font-size: 12pt;\">Den kultigen Kuhfladen werden Sie lieben und mit Begeisterung geniessen. Ein Lebkuchengeb\u00e4ck das im Appenzellerland als Biberfladen bekannt ist und bei Vincenz mit kreativem Dekor zum Kuhfladen wird. Das s\u00fcsse Geb\u00e4ck gibt es in zwei Varianten &#8211; traditionell mit Haselnussf\u00fcllung oder als Alternative mit Mandelf\u00fcllung.<\/span><\/p>\n<ul>\n<li><span style=\"font-size: 10pt;\">Haltbarkeit: ca. 30 Tage<\/span><\/li>\n<li><span style=\"font-size: 10pt;\">Lieferzeit: ca. 2-3 Tage<\/span><\/li>\n<\/ul>\n<p>&nbsp;<\/p>\n","protected":false},"featured_media":217,"comment_status":"closed","ping_status":"closed","template":"","meta":[],"product_brand":[],"product_cat":[17],"product_tag":[],"class_list":{"0":"post-239","1":"product","2":"type-product","3":"status-publish","4":"has-post-thumbnail","6":"product_cat-suesswaren","8":"first","9":"instock","10":"taxable","11":"shipping-taxable","12":"purchasable","13":"product-type-variable"},"yoast_head":"<!-- This site is optimized with the Yoast SEO plugin v27.4 - https:\/\/yoast.com\/product\/yoast-seo-wordpress\/ -->\n<title>Kuhfladen - B\u00e4ckerei-Konditorei Vincenz AG<\/title>\n<meta name=\"robots\" content=\"index, follow, max-snippet:-1, max-image-preview:large, max-video-preview:-1\" \/>\n<link rel=\"canonical\" href=\"https:\/\/vincenz-wengen.ch\/shop\/produkt\/kuhfladen\/\" \/>\n<meta property=\"og:locale\" content=\"de_DE\" \/>\n<meta property=\"og:type\" content=\"article\" \/>\n<meta property=\"og:title\" content=\"Kuhfladen - B\u00e4ckerei-Konditorei Vincenz AG\" \/>\n<meta property=\"og:description\" content=\"Herzhaft in den Kuhfladen beissen Den kultigen Kuhfladen werden Sie lieben und mit Begeisterung geniessen. Ein Lebkuchengeb\u00e4ck das im Appenzellerland als Biberfladen bekannt ist und bei Vincenz mit kreativem Dekor zum Kuhfladen wird. Das s\u00fcsse Geb\u00e4ck gibt es in zwei Varianten - traditionell mit Haselnussf\u00fcllung oder als Alternative mit Mandelf\u00fcllung.   Haltbarkeit: ca. 30 Tage  Lieferzeit: ca. 2-3 Tage  &nbsp;\" \/>\n<meta property=\"og:url\" content=\"https:\/\/vincenz-wengen.ch\/shop\/produkt\/kuhfladen\/\" \/>\n<meta property=\"og:site_name\" content=\"B\u00e4ckerei-Konditorei Vincenz AG\" \/>\n<meta property=\"article:modified_time\" content=\"2021-12-03T15:32:07+00:00\" \/>\n<meta property=\"og:image\" content=\"https:\/\/vincenz-wengen.ch\/shop\/wp-content\/uploads\/2021\/11\/Kufladen-weiss-pink-IMG_4275-bear-2100x1400-1.jpg\" \/>\n\t<meta property=\"og:image:width\" content=\"2100\" \/>\n\t<meta property=\"og:image:height\" content=\"1400\" \/>\n\t<meta property=\"og:image:type\" content=\"image\/jpeg\" \/>\n<meta name=\"twitter:card\" content=\"summary_large_image\" \/>\n<script type=\"application\/ld+json\" class=\"yoast-schema-graph\">{\"@context\":\"https:\\\/\\\/schema.org\",\"@graph\":[{\"@type\":\"WebPage\",\"@id\":\"https:\\\/\\\/vincenz-wengen.ch\\\/shop\\\/produkt\\\/kuhfladen\\\/\",\"url\":\"https:\\\/\\\/vincenz-wengen.ch\\\/shop\\\/produkt\\\/kuhfladen\\\/\",\"name\":\"Kuhfladen - B\u00e4ckerei-Konditorei Vincenz AG\",\"isPartOf\":{\"@id\":\"https:\\\/\\\/vincenz-wengen.ch\\\/shop\\\/#website\"},\"primaryImageOfPage\":{\"@id\":\"https:\\\/\\\/vincenz-wengen.ch\\\/shop\\\/produkt\\\/kuhfladen\\\/#primaryimage\"},\"image\":{\"@id\":\"https:\\\/\\\/vincenz-wengen.ch\\\/shop\\\/produkt\\\/kuhfladen\\\/#primaryimage\"},\"thumbnailUrl\":\"https:\\\/\\\/vincenz-wengen.ch\\\/shop\\\/wp-content\\\/uploads\\\/2021\\\/11\\\/Kufladen-weiss-pink-IMG_4275-bear-2100x1400-1.jpg\",\"datePublished\":\"2021-11-18T22:43:34+00:00\",\"dateModified\":\"2021-12-03T15:32:07+00:00\",\"breadcrumb\":{\"@id\":\"https:\\\/\\\/vincenz-wengen.ch\\\/shop\\\/produkt\\\/kuhfladen\\\/#breadcrumb\"},\"inLanguage\":\"de\",\"potentialAction\":[{\"@type\":\"ReadAction\",\"target\":[\"https:\\\/\\\/vincenz-wengen.ch\\\/shop\\\/produkt\\\/kuhfladen\\\/\"]}]},{\"@type\":\"ImageObject\",\"inLanguage\":\"de\",\"@id\":\"https:\\\/\\\/vincenz-wengen.ch\\\/shop\\\/produkt\\\/kuhfladen\\\/#primaryimage\",\"url\":\"https:\\\/\\\/vincenz-wengen.ch\\\/shop\\\/wp-content\\\/uploads\\\/2021\\\/11\\\/Kufladen-weiss-pink-IMG_4275-bear-2100x1400-1.jpg\",\"contentUrl\":\"https:\\\/\\\/vincenz-wengen.ch\\\/shop\\\/wp-content\\\/uploads\\\/2021\\\/11\\\/Kufladen-weiss-pink-IMG_4275-bear-2100x1400-1.jpg\",\"width\":2100,\"height\":1400},{\"@type\":\"BreadcrumbList\",\"@id\":\"https:\\\/\\\/vincenz-wengen.ch\\\/shop\\\/produkt\\\/kuhfladen\\\/#breadcrumb\",\"itemListElement\":[{\"@type\":\"ListItem\",\"position\":1,\"name\":\"Startseite\",\"item\":\"https:\\\/\\\/vincenz-wengen.ch\\\/shop\\\/\"},{\"@type\":\"ListItem\",\"position\":2,\"name\":\"Shop\",\"item\":\"https:\\\/\\\/vincenz-wengen.ch\\\/shop\\\/shop\\\/\"},{\"@type\":\"ListItem\",\"position\":3,\"name\":\"Kuhfladen\"}]},{\"@type\":\"WebSite\",\"@id\":\"https:\\\/\\\/vincenz-wengen.ch\\\/shop\\\/#website\",\"url\":\"https:\\\/\\\/vincenz-wengen.ch\\\/shop\\\/\",\"name\":\"B\u00e4ckerei-Konditorei Vincenz AG\",\"description\":\"SHOP\",\"potentialAction\":[{\"@type\":\"SearchAction\",\"target\":{\"@type\":\"EntryPoint\",\"urlTemplate\":\"https:\\\/\\\/vincenz-wengen.ch\\\/shop\\\/?s={search_term_string}\"},\"query-input\":{\"@type\":\"PropertyValueSpecification\",\"valueRequired\":true,\"valueName\":\"search_term_string\"}}],\"inLanguage\":\"de\"}]}<\/script>\n<!-- \/ Yoast SEO plugin. -->","yoast_head_json":{"title":"Kuhfladen - B\u00e4ckerei-Konditorei Vincenz AG","robots":{"index":"index","follow":"follow","max-snippet":"max-snippet:-1","max-image-preview":"max-image-preview:large","max-video-preview":"max-video-preview:-1"},"canonical":"https:\/\/vincenz-wengen.ch\/shop\/produkt\/kuhfladen\/","og_locale":"de_DE","og_type":"article","og_title":"Kuhfladen - B\u00e4ckerei-Konditorei Vincenz AG","og_description":"Herzhaft in den Kuhfladen beissen Den kultigen Kuhfladen werden Sie lieben und mit Begeisterung geniessen. Ein Lebkuchengeb\u00e4ck das im Appenzellerland als Biberfladen bekannt ist und bei Vincenz mit kreativem Dekor zum Kuhfladen wird. Das s\u00fcsse Geb\u00e4ck gibt es in zwei Varianten - traditionell mit Haselnussf\u00fcllung oder als Alternative mit Mandelf\u00fcllung.   Haltbarkeit: ca. 30 Tage  Lieferzeit: ca. 2-3 Tage  &nbsp;","og_url":"https:\/\/vincenz-wengen.ch\/shop\/produkt\/kuhfladen\/","og_site_name":"B\u00e4ckerei-Konditorei Vincenz AG","article_modified_time":"2021-12-03T15:32:07+00:00","og_image":[{"width":2100,"height":1400,"url":"https:\/\/vincenz-wengen.ch\/shop\/wp-content\/uploads\/2021\/11\/Kufladen-weiss-pink-IMG_4275-bear-2100x1400-1.jpg","type":"image\/jpeg"}],"twitter_card":"summary_large_image","schema":{"@context":"https:\/\/schema.org","@graph":[{"@type":"WebPage","@id":"https:\/\/vincenz-wengen.ch\/shop\/produkt\/kuhfladen\/","url":"https:\/\/vincenz-wengen.ch\/shop\/produkt\/kuhfladen\/","name":"Kuhfladen - B\u00e4ckerei-Konditorei Vincenz AG","isPartOf":{"@id":"https:\/\/vincenz-wengen.ch\/shop\/#website"},"primaryImageOfPage":{"@id":"https:\/\/vincenz-wengen.ch\/shop\/produkt\/kuhfladen\/#primaryimage"},"image":{"@id":"https:\/\/vincenz-wengen.ch\/shop\/produkt\/kuhfladen\/#primaryimage"},"thumbnailUrl":"https:\/\/vincenz-wengen.ch\/shop\/wp-content\/uploads\/2021\/11\/Kufladen-weiss-pink-IMG_4275-bear-2100x1400-1.jpg","datePublished":"2021-11-18T22:43:34+00:00","dateModified":"2021-12-03T15:32:07+00:00","breadcrumb":{"@id":"https:\/\/vincenz-wengen.ch\/shop\/produkt\/kuhfladen\/#breadcrumb"},"inLanguage":"de","potentialAction":[{"@type":"ReadAction","target":["https:\/\/vincenz-wengen.ch\/shop\/produkt\/kuhfladen\/"]}]},{"@type":"ImageObject","inLanguage":"de","@id":"https:\/\/vincenz-wengen.ch\/shop\/produkt\/kuhfladen\/#primaryimage","url":"https:\/\/vincenz-wengen.ch\/shop\/wp-content\/uploads\/2021\/11\/Kufladen-weiss-pink-IMG_4275-bear-2100x1400-1.jpg","contentUrl":"https:\/\/vincenz-wengen.ch\/shop\/wp-content\/uploads\/2021\/11\/Kufladen-weiss-pink-IMG_4275-bear-2100x1400-1.jpg","width":2100,"height":1400},{"@type":"BreadcrumbList","@id":"https:\/\/vincenz-wengen.ch\/shop\/produkt\/kuhfladen\/#breadcrumb","itemListElement":[{"@type":"ListItem","position":1,"name":"Startseite","item":"https:\/\/vincenz-wengen.ch\/shop\/"},{"@type":"ListItem","position":2,"name":"Shop","item":"https:\/\/vincenz-wengen.ch\/shop\/shop\/"},{"@type":"ListItem","position":3,"name":"Kuhfladen"}]},{"@type":"WebSite","@id":"https:\/\/vincenz-wengen.ch\/shop\/#website","url":"https:\/\/vincenz-wengen.ch\/shop\/","name":"B\u00e4ckerei-Konditorei Vincenz AG","description":"SHOP","potentialAction":[{"@type":"SearchAction","target":{"@type":"EntryPoint","urlTemplate":"https:\/\/vincenz-wengen.ch\/shop\/?s={search_term_string}"},"query-input":{"@type":"PropertyValueSpecification","valueRequired":true,"valueName":"search_term_string"}}],"inLanguage":"de"}]}},"_links":{"self":[{"href":"https:\/\/vincenz-wengen.ch\/shop\/wp-json\/wp\/v2\/product\/239","targetHints":{"allow":["GET"]}}],"collection":[{"href":"https:\/\/vincenz-wengen.ch\/shop\/wp-json\/wp\/v2\/product"}],"about":[{"href":"https:\/\/vincenz-wengen.ch\/shop\/wp-json\/wp\/v2\/types\/product"}],"replies":[{"embeddable":true,"href":"https:\/\/vincenz-wengen.ch\/shop\/wp-json\/wp\/v2\/comments?post=239"}],"wp:featuredmedia":[{"embeddable":true,"href":"https:\/\/vincenz-wengen.ch\/shop\/wp-json\/wp\/v2\/media\/217"}],"wp:attachment":[{"href":"https:\/\/vincenz-wengen.ch\/shop\/wp-json\/wp\/v2\/media?parent=239"}],"wp:term":[{"taxonomy":"product_brand","embeddable":true,"href":"https:\/\/vincenz-wengen.ch\/shop\/wp-json\/wp\/v2\/product_brand?post=239"},{"taxonomy":"product_cat","embeddable":true,"href":"https:\/\/vincenz-wengen.ch\/shop\/wp-json\/wp\/v2\/product_cat?post=239"},{"taxonomy":"product_tag","embeddable":true,"href":"https:\/\/vincenz-wengen.ch\/shop\/wp-json\/wp\/v2\/product_tag?post=239"}],"curies":[{"name":"wp","href":"https:\/\/api.w.org\/{rel}","templated":true}]}}