
{"id":244,"date":"2021-11-18T22:46:53","date_gmt":"2021-11-18T22:46:53","guid":{"rendered":"https:\/\/vincenz-wengen.ch\/shop\/?post_type=product&#038;p=244"},"modified":"2023-09-20T10:13:38","modified_gmt":"2023-09-20T10:13:38","slug":"nusstorte","status":"publish","type":"product","link":"https:\/\/vincenz-wengen.ch\/shop\/produkt\/nusstorte\/","title":{"rendered":"Nusstorte \/ -t\u00f6rtchen"},"content":{"rendered":"<p style=\"text-align: center;\"><span style=\"font-size: 12pt;\"><strong>Baumnusskerne<\/strong> (T\u00fcrkei), Zucker, <strong>Urdinkelmehl<\/strong>, <strong>Vollrahm 35<\/strong>% (Eiger Milch AG), <strong>Butter<\/strong> (Eiger Milch AG), <strong>Kaffeerahm UHT 15%<\/strong>, <strong>Vollei<\/strong>, Zitronen<\/span><\/p>\n","protected":false},"excerpt":{"rendered":"<p><span style=\"font-size: 12pt;\"><strong>Die Nusstorte ist ein Klassiker und begeistert jeden Nuss-Liebhaber<br \/>\n<\/strong><\/span><span style=\"font-size: 12pt;\">Die weit bekannte Nusstorte aus M\u00fcrbeteig, mit karamellisierten, grob gehackten Baumn\u00fcssen gef\u00fcllt ist immer eine Versuchung wert. Hier finden Sie die Wengener Variante der Nusstorte, auch in Kleinformat als T\u00f6rtchen oder als Schnitte.<\/span><\/p>\n<ul>\n<li>Gr\u00f6ssen\/Gewicht: Torte 430 Gramm, T\u00f6rtchen 150 Gramm, Schnitte 100 Gramm<\/li>\n<li>Haltbarkeit: ca. 45 Tage<\/li>\n<li>Lieferfrist: ca. 2\u20133 Tage<\/li>\n<\/ul>\n","protected":false},"featured_media":248,"comment_status":"closed","ping_status":"closed","template":"","meta":[],"product_brand":[],"product_cat":[17],"product_tag":[],"class_list":{"0":"post-244","1":"product","2":"type-product","3":"status-publish","4":"has-post-thumbnail","6":"product_cat-suesswaren","8":"first","9":"instock","10":"taxable","11":"shipping-taxable","12":"purchasable","13":"product-type-variable"},"yoast_head":"<!-- This site is optimized with the Yoast SEO plugin v27.4 - https:\/\/yoast.com\/product\/yoast-seo-wordpress\/ -->\n<title>Nusstorte \/ -t\u00f6rtchen - B\u00e4ckerei-Konditorei Vincenz AG<\/title>\n<meta name=\"robots\" content=\"index, follow, max-snippet:-1, max-image-preview:large, max-video-preview:-1\" \/>\n<link rel=\"canonical\" href=\"https:\/\/vincenz-wengen.ch\/shop\/produkt\/nusstorte\/\" \/>\n<meta property=\"og:locale\" content=\"de_DE\" \/>\n<meta property=\"og:type\" content=\"article\" \/>\n<meta property=\"og:title\" content=\"Nusstorte \/ -t\u00f6rtchen - B\u00e4ckerei-Konditorei Vincenz AG\" \/>\n<meta property=\"og:description\" content=\"Die Nusstorte ist ein Klassiker und begeistert jeden Nuss-Liebhaber Die weit bekannte Nusstorte aus M\u00fcrbeteig, mit karamellisierten, grob gehackten Baumn\u00fcssen gef\u00fcllt ist immer eine Versuchung wert. Hier finden Sie die Wengener Variante der Nusstorte, auch in Kleinformat als T\u00f6rtchen oder als Schnitte.   Gr\u00f6ssen\/Gewicht: Torte 430 Gramm, T\u00f6rtchen 150 Gramm, Schnitte 100 Gramm  Haltbarkeit: ca. 45 Tage  Lieferfrist: ca. 2\u20133 Tage\" \/>\n<meta property=\"og:url\" content=\"https:\/\/vincenz-wengen.ch\/shop\/produkt\/nusstorte\/\" \/>\n<meta property=\"og:site_name\" content=\"B\u00e4ckerei-Konditorei Vincenz AG\" \/>\n<meta property=\"article:modified_time\" content=\"2023-09-20T10:13:38+00:00\" \/>\n<meta property=\"og:image\" content=\"https:\/\/vincenz-wengen.ch\/shop\/wp-content\/uploads\/2021\/11\/Nusstorte-mit-Nuss-IMG_2776-bear.jpg\" \/>\n\t<meta property=\"og:image:width\" content=\"2100\" \/>\n\t<meta property=\"og:image:height\" content=\"1400\" \/>\n\t<meta property=\"og:image:type\" content=\"image\/jpeg\" \/>\n<meta name=\"twitter:card\" content=\"summary_large_image\" \/>\n<meta name=\"twitter:label1\" content=\"Gesch\u00e4tzte Lesezeit\" \/>\n\t<meta name=\"twitter:data1\" content=\"1\u00a0Minute\" \/>\n<script type=\"application\/ld+json\" class=\"yoast-schema-graph\">{\"@context\":\"https:\\\/\\\/schema.org\",\"@graph\":[{\"@type\":\"WebPage\",\"@id\":\"https:\\\/\\\/vincenz-wengen.ch\\\/shop\\\/produkt\\\/nusstorte\\\/\",\"url\":\"https:\\\/\\\/vincenz-wengen.ch\\\/shop\\\/produkt\\\/nusstorte\\\/\",\"name\":\"Nusstorte \\\/ -t\u00f6rtchen - B\u00e4ckerei-Konditorei Vincenz AG\",\"isPartOf\":{\"@id\":\"https:\\\/\\\/vincenz-wengen.ch\\\/shop\\\/#website\"},\"primaryImageOfPage\":{\"@id\":\"https:\\\/\\\/vincenz-wengen.ch\\\/shop\\\/produkt\\\/nusstorte\\\/#primaryimage\"},\"image\":{\"@id\":\"https:\\\/\\\/vincenz-wengen.ch\\\/shop\\\/produkt\\\/nusstorte\\\/#primaryimage\"},\"thumbnailUrl\":\"https:\\\/\\\/vincenz-wengen.ch\\\/shop\\\/wp-content\\\/uploads\\\/2021\\\/11\\\/Nusstorte-mit-Nuss-IMG_2776-bear.jpg\",\"datePublished\":\"2021-11-18T22:46:53+00:00\",\"dateModified\":\"2023-09-20T10:13:38+00:00\",\"breadcrumb\":{\"@id\":\"https:\\\/\\\/vincenz-wengen.ch\\\/shop\\\/produkt\\\/nusstorte\\\/#breadcrumb\"},\"inLanguage\":\"de\",\"potentialAction\":[{\"@type\":\"ReadAction\",\"target\":[\"https:\\\/\\\/vincenz-wengen.ch\\\/shop\\\/produkt\\\/nusstorte\\\/\"]}]},{\"@type\":\"ImageObject\",\"inLanguage\":\"de\",\"@id\":\"https:\\\/\\\/vincenz-wengen.ch\\\/shop\\\/produkt\\\/nusstorte\\\/#primaryimage\",\"url\":\"https:\\\/\\\/vincenz-wengen.ch\\\/shop\\\/wp-content\\\/uploads\\\/2021\\\/11\\\/Nusstorte-mit-Nuss-IMG_2776-bear.jpg\",\"contentUrl\":\"https:\\\/\\\/vincenz-wengen.ch\\\/shop\\\/wp-content\\\/uploads\\\/2021\\\/11\\\/Nusstorte-mit-Nuss-IMG_2776-bear.jpg\",\"width\":2100,\"height\":1400},{\"@type\":\"BreadcrumbList\",\"@id\":\"https:\\\/\\\/vincenz-wengen.ch\\\/shop\\\/produkt\\\/nusstorte\\\/#breadcrumb\",\"itemListElement\":[{\"@type\":\"ListItem\",\"position\":1,\"name\":\"Startseite\",\"item\":\"https:\\\/\\\/vincenz-wengen.ch\\\/shop\\\/\"},{\"@type\":\"ListItem\",\"position\":2,\"name\":\"Shop\",\"item\":\"https:\\\/\\\/vincenz-wengen.ch\\\/shop\\\/shop\\\/\"},{\"@type\":\"ListItem\",\"position\":3,\"name\":\"Nusstorte \\\/ -t\u00f6rtchen\"}]},{\"@type\":\"WebSite\",\"@id\":\"https:\\\/\\\/vincenz-wengen.ch\\\/shop\\\/#website\",\"url\":\"https:\\\/\\\/vincenz-wengen.ch\\\/shop\\\/\",\"name\":\"B\u00e4ckerei-Konditorei Vincenz AG\",\"description\":\"SHOP\",\"potentialAction\":[{\"@type\":\"SearchAction\",\"target\":{\"@type\":\"EntryPoint\",\"urlTemplate\":\"https:\\\/\\\/vincenz-wengen.ch\\\/shop\\\/?s={search_term_string}\"},\"query-input\":{\"@type\":\"PropertyValueSpecification\",\"valueRequired\":true,\"valueName\":\"search_term_string\"}}],\"inLanguage\":\"de\"}]}<\/script>\n<!-- \/ Yoast SEO plugin. -->","yoast_head_json":{"title":"Nusstorte \/ -t\u00f6rtchen - B\u00e4ckerei-Konditorei Vincenz AG","robots":{"index":"index","follow":"follow","max-snippet":"max-snippet:-1","max-image-preview":"max-image-preview:large","max-video-preview":"max-video-preview:-1"},"canonical":"https:\/\/vincenz-wengen.ch\/shop\/produkt\/nusstorte\/","og_locale":"de_DE","og_type":"article","og_title":"Nusstorte \/ -t\u00f6rtchen - B\u00e4ckerei-Konditorei Vincenz AG","og_description":"Die Nusstorte ist ein Klassiker und begeistert jeden Nuss-Liebhaber Die weit bekannte Nusstorte aus M\u00fcrbeteig, mit karamellisierten, grob gehackten Baumn\u00fcssen gef\u00fcllt ist immer eine Versuchung wert. Hier finden Sie die Wengener Variante der Nusstorte, auch in Kleinformat als T\u00f6rtchen oder als Schnitte.   Gr\u00f6ssen\/Gewicht: Torte 430 Gramm, T\u00f6rtchen 150 Gramm, Schnitte 100 Gramm  Haltbarkeit: ca. 45 Tage  Lieferfrist: ca. 2\u20133 Tage","og_url":"https:\/\/vincenz-wengen.ch\/shop\/produkt\/nusstorte\/","og_site_name":"B\u00e4ckerei-Konditorei Vincenz AG","article_modified_time":"2023-09-20T10:13:38+00:00","og_image":[{"width":2100,"height":1400,"url":"https:\/\/vincenz-wengen.ch\/shop\/wp-content\/uploads\/2021\/11\/Nusstorte-mit-Nuss-IMG_2776-bear.jpg","type":"image\/jpeg"}],"twitter_card":"summary_large_image","twitter_misc":{"Gesch\u00e4tzte Lesezeit":"1\u00a0Minute"},"schema":{"@context":"https:\/\/schema.org","@graph":[{"@type":"WebPage","@id":"https:\/\/vincenz-wengen.ch\/shop\/produkt\/nusstorte\/","url":"https:\/\/vincenz-wengen.ch\/shop\/produkt\/nusstorte\/","name":"Nusstorte \/ -t\u00f6rtchen - B\u00e4ckerei-Konditorei Vincenz AG","isPartOf":{"@id":"https:\/\/vincenz-wengen.ch\/shop\/#website"},"primaryImageOfPage":{"@id":"https:\/\/vincenz-wengen.ch\/shop\/produkt\/nusstorte\/#primaryimage"},"image":{"@id":"https:\/\/vincenz-wengen.ch\/shop\/produkt\/nusstorte\/#primaryimage"},"thumbnailUrl":"https:\/\/vincenz-wengen.ch\/shop\/wp-content\/uploads\/2021\/11\/Nusstorte-mit-Nuss-IMG_2776-bear.jpg","datePublished":"2021-11-18T22:46:53+00:00","dateModified":"2023-09-20T10:13:38+00:00","breadcrumb":{"@id":"https:\/\/vincenz-wengen.ch\/shop\/produkt\/nusstorte\/#breadcrumb"},"inLanguage":"de","potentialAction":[{"@type":"ReadAction","target":["https:\/\/vincenz-wengen.ch\/shop\/produkt\/nusstorte\/"]}]},{"@type":"ImageObject","inLanguage":"de","@id":"https:\/\/vincenz-wengen.ch\/shop\/produkt\/nusstorte\/#primaryimage","url":"https:\/\/vincenz-wengen.ch\/shop\/wp-content\/uploads\/2021\/11\/Nusstorte-mit-Nuss-IMG_2776-bear.jpg","contentUrl":"https:\/\/vincenz-wengen.ch\/shop\/wp-content\/uploads\/2021\/11\/Nusstorte-mit-Nuss-IMG_2776-bear.jpg","width":2100,"height":1400},{"@type":"BreadcrumbList","@id":"https:\/\/vincenz-wengen.ch\/shop\/produkt\/nusstorte\/#breadcrumb","itemListElement":[{"@type":"ListItem","position":1,"name":"Startseite","item":"https:\/\/vincenz-wengen.ch\/shop\/"},{"@type":"ListItem","position":2,"name":"Shop","item":"https:\/\/vincenz-wengen.ch\/shop\/shop\/"},{"@type":"ListItem","position":3,"name":"Nusstorte \/ -t\u00f6rtchen"}]},{"@type":"WebSite","@id":"https:\/\/vincenz-wengen.ch\/shop\/#website","url":"https:\/\/vincenz-wengen.ch\/shop\/","name":"B\u00e4ckerei-Konditorei Vincenz AG","description":"SHOP","potentialAction":[{"@type":"SearchAction","target":{"@type":"EntryPoint","urlTemplate":"https:\/\/vincenz-wengen.ch\/shop\/?s={search_term_string}"},"query-input":{"@type":"PropertyValueSpecification","valueRequired":true,"valueName":"search_term_string"}}],"inLanguage":"de"}]}},"_links":{"self":[{"href":"https:\/\/vincenz-wengen.ch\/shop\/wp-json\/wp\/v2\/product\/244","targetHints":{"allow":["GET"]}}],"collection":[{"href":"https:\/\/vincenz-wengen.ch\/shop\/wp-json\/wp\/v2\/product"}],"about":[{"href":"https:\/\/vincenz-wengen.ch\/shop\/wp-json\/wp\/v2\/types\/product"}],"replies":[{"embeddable":true,"href":"https:\/\/vincenz-wengen.ch\/shop\/wp-json\/wp\/v2\/comments?post=244"}],"wp:featuredmedia":[{"embeddable":true,"href":"https:\/\/vincenz-wengen.ch\/shop\/wp-json\/wp\/v2\/media\/248"}],"wp:attachment":[{"href":"https:\/\/vincenz-wengen.ch\/shop\/wp-json\/wp\/v2\/media?parent=244"}],"wp:term":[{"taxonomy":"product_brand","embeddable":true,"href":"https:\/\/vincenz-wengen.ch\/shop\/wp-json\/wp\/v2\/product_brand?post=244"},{"taxonomy":"product_cat","embeddable":true,"href":"https:\/\/vincenz-wengen.ch\/shop\/wp-json\/wp\/v2\/product_cat?post=244"},{"taxonomy":"product_tag","embeddable":true,"href":"https:\/\/vincenz-wengen.ch\/shop\/wp-json\/wp\/v2\/product_tag?post=244"}],"curies":[{"name":"wp","href":"https:\/\/api.w.org\/{rel}","templated":true}]}}