
{"id":409,"date":"2021-12-02T16:52:28","date_gmt":"2021-12-02T16:52:28","guid":{"rendered":"https:\/\/vincenz-wengen.ch\/shop\/?post_type=product&#038;p=409"},"modified":"2024-04-29T15:38:44","modified_gmt":"2024-04-29T15:38:44","slug":"birnbrot","status":"publish","type":"product","link":"https:\/\/vincenz-wengen.ch\/shop\/produkt\/birnbrot\/","title":{"rendered":"Birnbrot"},"content":{"rendered":"<p style=\"text-align: center;\">D\u00f6rrbirnen, Weizenmehl, Milch, Birnentr\u00e4sch 43 VOL. % , Feigen, Sultaninen, Baumnusskerne, Zucker, Wasser, Zitronen- und Orangenschalen, Haseln\u00fcsse, Butter, Backhefe, Gew\u00fcrze, Speisesalz, Gerstenmalz<\/p>\n","protected":false},"excerpt":{"rendered":"<p><span style=\"font-size: 12pt;\"><strong>Schweizer Tradition, Birnbrot mit etwas Pfiff\u00a0<\/strong><\/span><br \/>\n<span style=\"font-size: 12pt;\">Das traditionelle Schweizer Kult-Geb\u00e4ck gibt es auch bei Vincenz. Klassisch im Grundrezept, aber mit Berner Charakter, sprich mit einem Schuss Birnentr\u00e4sch (43 VOL. %). Ganz sanft um den Birnengeschmack zu verst\u00e4rken. Birnenborte gibt es in verschieden Gr\u00f6ssen.<\/span><\/p>\n<ul>\n<li><span style=\"font-size: 10pt;\">Gewicht: Gross: 500 Gramm \/ Mini: 240 Gramm<\/span><\/li>\n<li><span style=\"font-size: 10pt;\">Haltbarkeit: ca. 60 Tage<\/span><\/li>\n<li><span style=\"font-size: 10pt;\">Lieferzeit: ca. 2-3 Tage<\/span><\/li>\n<\/ul>\n<p>&nbsp;<\/p>\n","protected":false},"featured_media":413,"comment_status":"closed","ping_status":"closed","template":"","meta":[],"product_brand":[],"product_cat":[17],"product_tag":[],"class_list":{"0":"post-409","1":"product","2":"type-product","3":"status-publish","4":"has-post-thumbnail","6":"product_cat-suesswaren","8":"first","9":"instock","10":"taxable","11":"shipping-taxable","12":"purchasable","13":"product-type-variable"},"yoast_head":"<!-- This site is optimized with the Yoast SEO plugin v27.4 - https:\/\/yoast.com\/product\/yoast-seo-wordpress\/ -->\n<title>Birnbrot - B\u00e4ckerei-Konditorei Vincenz AG<\/title>\n<meta name=\"robots\" content=\"index, follow, max-snippet:-1, max-image-preview:large, max-video-preview:-1\" \/>\n<link rel=\"canonical\" href=\"https:\/\/vincenz-wengen.ch\/shop\/produkt\/birnbrot\/\" \/>\n<meta property=\"og:locale\" content=\"de_DE\" \/>\n<meta property=\"og:type\" content=\"article\" \/>\n<meta property=\"og:title\" content=\"Birnbrot - B\u00e4ckerei-Konditorei Vincenz AG\" \/>\n<meta property=\"og:description\" content=\"Schweizer Tradition, Birnbrot mit etwas Pfiff\u00a0 Das traditionelle Schweizer Kult-Geb\u00e4ck gibt es auch bei Vincenz. Klassisch im Grundrezept, aber mit Berner Charakter, sprich mit einem Schuss Birnentr\u00e4sch (43 VOL. %). Ganz sanft um den Birnengeschmack zu verst\u00e4rken. Birnenborte gibt es in verschieden Gr\u00f6ssen.   Gewicht: Gross: 500 Gramm \/ Mini: 240 Gramm  Haltbarkeit: ca. 60 Tage  Lieferzeit: ca. 2-3 Tage  &nbsp;\" \/>\n<meta property=\"og:url\" content=\"https:\/\/vincenz-wengen.ch\/shop\/produkt\/birnbrot\/\" \/>\n<meta property=\"og:site_name\" content=\"B\u00e4ckerei-Konditorei Vincenz AG\" \/>\n<meta property=\"article:modified_time\" content=\"2024-04-29T15:38:44+00:00\" \/>\n<meta property=\"og:image\" content=\"https:\/\/vincenz-wengen.ch\/shop\/wp-content\/uploads\/2021\/12\/Birnbrot-solo-IMG_2782-bear.jpg\" \/>\n\t<meta property=\"og:image:width\" content=\"2100\" \/>\n\t<meta property=\"og:image:height\" content=\"1400\" \/>\n\t<meta property=\"og:image:type\" content=\"image\/jpeg\" \/>\n<meta name=\"twitter:card\" content=\"summary_large_image\" \/>\n<script type=\"application\/ld+json\" class=\"yoast-schema-graph\">{\"@context\":\"https:\\\/\\\/schema.org\",\"@graph\":[{\"@type\":\"WebPage\",\"@id\":\"https:\\\/\\\/vincenz-wengen.ch\\\/shop\\\/produkt\\\/birnbrot\\\/\",\"url\":\"https:\\\/\\\/vincenz-wengen.ch\\\/shop\\\/produkt\\\/birnbrot\\\/\",\"name\":\"Birnbrot - B\u00e4ckerei-Konditorei Vincenz AG\",\"isPartOf\":{\"@id\":\"https:\\\/\\\/vincenz-wengen.ch\\\/shop\\\/#website\"},\"primaryImageOfPage\":{\"@id\":\"https:\\\/\\\/vincenz-wengen.ch\\\/shop\\\/produkt\\\/birnbrot\\\/#primaryimage\"},\"image\":{\"@id\":\"https:\\\/\\\/vincenz-wengen.ch\\\/shop\\\/produkt\\\/birnbrot\\\/#primaryimage\"},\"thumbnailUrl\":\"https:\\\/\\\/vincenz-wengen.ch\\\/shop\\\/wp-content\\\/uploads\\\/2021\\\/12\\\/Birnbrot-solo-IMG_2782-bear.jpg\",\"datePublished\":\"2021-12-02T16:52:28+00:00\",\"dateModified\":\"2024-04-29T15:38:44+00:00\",\"breadcrumb\":{\"@id\":\"https:\\\/\\\/vincenz-wengen.ch\\\/shop\\\/produkt\\\/birnbrot\\\/#breadcrumb\"},\"inLanguage\":\"de\",\"potentialAction\":[{\"@type\":\"ReadAction\",\"target\":[\"https:\\\/\\\/vincenz-wengen.ch\\\/shop\\\/produkt\\\/birnbrot\\\/\"]}]},{\"@type\":\"ImageObject\",\"inLanguage\":\"de\",\"@id\":\"https:\\\/\\\/vincenz-wengen.ch\\\/shop\\\/produkt\\\/birnbrot\\\/#primaryimage\",\"url\":\"https:\\\/\\\/vincenz-wengen.ch\\\/shop\\\/wp-content\\\/uploads\\\/2021\\\/12\\\/Birnbrot-solo-IMG_2782-bear.jpg\",\"contentUrl\":\"https:\\\/\\\/vincenz-wengen.ch\\\/shop\\\/wp-content\\\/uploads\\\/2021\\\/12\\\/Birnbrot-solo-IMG_2782-bear.jpg\",\"width\":2100,\"height\":1400},{\"@type\":\"BreadcrumbList\",\"@id\":\"https:\\\/\\\/vincenz-wengen.ch\\\/shop\\\/produkt\\\/birnbrot\\\/#breadcrumb\",\"itemListElement\":[{\"@type\":\"ListItem\",\"position\":1,\"name\":\"Startseite\",\"item\":\"https:\\\/\\\/vincenz-wengen.ch\\\/shop\\\/\"},{\"@type\":\"ListItem\",\"position\":2,\"name\":\"Shop\",\"item\":\"https:\\\/\\\/vincenz-wengen.ch\\\/shop\\\/shop\\\/\"},{\"@type\":\"ListItem\",\"position\":3,\"name\":\"Birnbrot\"}]},{\"@type\":\"WebSite\",\"@id\":\"https:\\\/\\\/vincenz-wengen.ch\\\/shop\\\/#website\",\"url\":\"https:\\\/\\\/vincenz-wengen.ch\\\/shop\\\/\",\"name\":\"B\u00e4ckerei-Konditorei Vincenz AG\",\"description\":\"SHOP\",\"potentialAction\":[{\"@type\":\"SearchAction\",\"target\":{\"@type\":\"EntryPoint\",\"urlTemplate\":\"https:\\\/\\\/vincenz-wengen.ch\\\/shop\\\/?s={search_term_string}\"},\"query-input\":{\"@type\":\"PropertyValueSpecification\",\"valueRequired\":true,\"valueName\":\"search_term_string\"}}],\"inLanguage\":\"de\"}]}<\/script>\n<!-- \/ Yoast SEO plugin. -->","yoast_head_json":{"title":"Birnbrot - B\u00e4ckerei-Konditorei Vincenz AG","robots":{"index":"index","follow":"follow","max-snippet":"max-snippet:-1","max-image-preview":"max-image-preview:large","max-video-preview":"max-video-preview:-1"},"canonical":"https:\/\/vincenz-wengen.ch\/shop\/produkt\/birnbrot\/","og_locale":"de_DE","og_type":"article","og_title":"Birnbrot - B\u00e4ckerei-Konditorei Vincenz AG","og_description":"Schweizer Tradition, Birnbrot mit etwas Pfiff\u00a0 Das traditionelle Schweizer Kult-Geb\u00e4ck gibt es auch bei Vincenz. Klassisch im Grundrezept, aber mit Berner Charakter, sprich mit einem Schuss Birnentr\u00e4sch (43 VOL. %). Ganz sanft um den Birnengeschmack zu verst\u00e4rken. Birnenborte gibt es in verschieden Gr\u00f6ssen.   Gewicht: Gross: 500 Gramm \/ Mini: 240 Gramm  Haltbarkeit: ca. 60 Tage  Lieferzeit: ca. 2-3 Tage  &nbsp;","og_url":"https:\/\/vincenz-wengen.ch\/shop\/produkt\/birnbrot\/","og_site_name":"B\u00e4ckerei-Konditorei Vincenz AG","article_modified_time":"2024-04-29T15:38:44+00:00","og_image":[{"width":2100,"height":1400,"url":"https:\/\/vincenz-wengen.ch\/shop\/wp-content\/uploads\/2021\/12\/Birnbrot-solo-IMG_2782-bear.jpg","type":"image\/jpeg"}],"twitter_card":"summary_large_image","schema":{"@context":"https:\/\/schema.org","@graph":[{"@type":"WebPage","@id":"https:\/\/vincenz-wengen.ch\/shop\/produkt\/birnbrot\/","url":"https:\/\/vincenz-wengen.ch\/shop\/produkt\/birnbrot\/","name":"Birnbrot - B\u00e4ckerei-Konditorei Vincenz AG","isPartOf":{"@id":"https:\/\/vincenz-wengen.ch\/shop\/#website"},"primaryImageOfPage":{"@id":"https:\/\/vincenz-wengen.ch\/shop\/produkt\/birnbrot\/#primaryimage"},"image":{"@id":"https:\/\/vincenz-wengen.ch\/shop\/produkt\/birnbrot\/#primaryimage"},"thumbnailUrl":"https:\/\/vincenz-wengen.ch\/shop\/wp-content\/uploads\/2021\/12\/Birnbrot-solo-IMG_2782-bear.jpg","datePublished":"2021-12-02T16:52:28+00:00","dateModified":"2024-04-29T15:38:44+00:00","breadcrumb":{"@id":"https:\/\/vincenz-wengen.ch\/shop\/produkt\/birnbrot\/#breadcrumb"},"inLanguage":"de","potentialAction":[{"@type":"ReadAction","target":["https:\/\/vincenz-wengen.ch\/shop\/produkt\/birnbrot\/"]}]},{"@type":"ImageObject","inLanguage":"de","@id":"https:\/\/vincenz-wengen.ch\/shop\/produkt\/birnbrot\/#primaryimage","url":"https:\/\/vincenz-wengen.ch\/shop\/wp-content\/uploads\/2021\/12\/Birnbrot-solo-IMG_2782-bear.jpg","contentUrl":"https:\/\/vincenz-wengen.ch\/shop\/wp-content\/uploads\/2021\/12\/Birnbrot-solo-IMG_2782-bear.jpg","width":2100,"height":1400},{"@type":"BreadcrumbList","@id":"https:\/\/vincenz-wengen.ch\/shop\/produkt\/birnbrot\/#breadcrumb","itemListElement":[{"@type":"ListItem","position":1,"name":"Startseite","item":"https:\/\/vincenz-wengen.ch\/shop\/"},{"@type":"ListItem","position":2,"name":"Shop","item":"https:\/\/vincenz-wengen.ch\/shop\/shop\/"},{"@type":"ListItem","position":3,"name":"Birnbrot"}]},{"@type":"WebSite","@id":"https:\/\/vincenz-wengen.ch\/shop\/#website","url":"https:\/\/vincenz-wengen.ch\/shop\/","name":"B\u00e4ckerei-Konditorei Vincenz AG","description":"SHOP","potentialAction":[{"@type":"SearchAction","target":{"@type":"EntryPoint","urlTemplate":"https:\/\/vincenz-wengen.ch\/shop\/?s={search_term_string}"},"query-input":{"@type":"PropertyValueSpecification","valueRequired":true,"valueName":"search_term_string"}}],"inLanguage":"de"}]}},"_links":{"self":[{"href":"https:\/\/vincenz-wengen.ch\/shop\/wp-json\/wp\/v2\/product\/409","targetHints":{"allow":["GET"]}}],"collection":[{"href":"https:\/\/vincenz-wengen.ch\/shop\/wp-json\/wp\/v2\/product"}],"about":[{"href":"https:\/\/vincenz-wengen.ch\/shop\/wp-json\/wp\/v2\/types\/product"}],"replies":[{"embeddable":true,"href":"https:\/\/vincenz-wengen.ch\/shop\/wp-json\/wp\/v2\/comments?post=409"}],"wp:featuredmedia":[{"embeddable":true,"href":"https:\/\/vincenz-wengen.ch\/shop\/wp-json\/wp\/v2\/media\/413"}],"wp:attachment":[{"href":"https:\/\/vincenz-wengen.ch\/shop\/wp-json\/wp\/v2\/media?parent=409"}],"wp:term":[{"taxonomy":"product_brand","embeddable":true,"href":"https:\/\/vincenz-wengen.ch\/shop\/wp-json\/wp\/v2\/product_brand?post=409"},{"taxonomy":"product_cat","embeddable":true,"href":"https:\/\/vincenz-wengen.ch\/shop\/wp-json\/wp\/v2\/product_cat?post=409"},{"taxonomy":"product_tag","embeddable":true,"href":"https:\/\/vincenz-wengen.ch\/shop\/wp-json\/wp\/v2\/product_tag?post=409"}],"curies":[{"name":"wp","href":"https:\/\/api.w.org\/{rel}","templated":true}]}}