
{"id":416,"date":"2021-12-02T17:16:31","date_gmt":"2021-12-02T17:16:31","guid":{"rendered":"https:\/\/vincenz-wengen.ch\/shop\/?post_type=product&#038;p=416"},"modified":"2021-12-06T22:06:51","modified_gmt":"2021-12-06T22:06:51","slug":"fruechtebrot","status":"publish","type":"product","link":"https:\/\/vincenz-wengen.ch\/shop\/produkt\/fruechtebrot\/","title":{"rendered":"Fr\u00fcchtebrot"},"content":{"rendered":"<p style=\"text-align: center;\">Weizenmehl, Sultaninen, Feigenmasse, Feigen, Zucker, Wasser, Baumn\u00fcsse Aprikosenw\u00fcrfel getrocknet, Orangenschalen, Backhefe, Zimt, Kardamomen , Nelken, Salz<\/p>\n","protected":false},"excerpt":{"rendered":"<p><span style=\"font-size: 12pt;\"><strong>Handgeformt muss es sein, unser Fr\u00fcchtebrot<br \/>\n<\/strong><\/span><span style=\"font-size: 12pt;\">Doch begeistert sind unsere Kunden vom Geschmack und langen Haltbarkeit. Beides sind einem idealen, ausgewogenen Mix an nat\u00fcrlich getrockneten Fr\u00fcchten wie Feigen und Aprikosen in Kombination mit verschiedenen Nusskernen zu verdanken. In Kombination bleibt dadurch das Fr\u00fcchtebrot richtig lange saftig feucht und haltbar. Die Geschmackskrone bildet sich aber durch eine winterlich angehauchte Gew\u00fcrzmischung, die dank feiner Abstimmung mit den D\u00f6rrfr\u00fcchten und N\u00fcssen eine einzigartige Harmonie bildet. <\/span><\/p>\n<ul>\n<li>Gewicht: 350 Gramm<\/li>\n<li>Haltbarkeit: ca. 40 Tage<\/li>\n<li>Lieferfrist: ca. 2\u20133 Tage<\/li>\n<li>Art.Nr.: VIN-6009<\/li>\n<\/ul>\n","protected":false},"featured_media":414,"comment_status":"closed","ping_status":"closed","template":"","meta":[],"product_brand":[],"product_cat":[17],"product_tag":[],"class_list":{"0":"post-416","1":"product","2":"type-product","3":"status-publish","4":"has-post-thumbnail","6":"product_cat-suesswaren","8":"first","9":"instock","10":"taxable","11":"shipping-taxable","12":"purchasable","13":"product-type-simple"},"yoast_head":"<!-- This site is optimized with the Yoast SEO plugin v27.4 - https:\/\/yoast.com\/product\/yoast-seo-wordpress\/ -->\n<title>Fr\u00fcchtebrot - B\u00e4ckerei-Konditorei Vincenz AG<\/title>\n<meta name=\"robots\" content=\"index, follow, max-snippet:-1, max-image-preview:large, max-video-preview:-1\" \/>\n<link rel=\"canonical\" href=\"https:\/\/vincenz-wengen.ch\/shop\/produkt\/fruechtebrot\/\" \/>\n<meta property=\"og:locale\" content=\"de_DE\" \/>\n<meta property=\"og:type\" content=\"article\" \/>\n<meta property=\"og:title\" content=\"Fr\u00fcchtebrot - B\u00e4ckerei-Konditorei Vincenz AG\" \/>\n<meta property=\"og:description\" content=\"Handgeformt muss es sein, unser Fr\u00fcchtebrot Doch begeistert sind unsere Kunden vom Geschmack und langen Haltbarkeit. Beides sind einem idealen, ausgewogenen Mix an nat\u00fcrlich getrockneten Fr\u00fcchten wie Feigen und Aprikosen in Kombination mit verschiedenen Nusskernen zu verdanken. In Kombination bleibt dadurch das Fr\u00fcchtebrot richtig lange saftig feucht und haltbar. Die Geschmackskrone bildet sich aber durch eine winterlich angehauchte Gew\u00fcrzmischung, die dank feiner Abstimmung mit den D\u00f6rrfr\u00fcchten und N\u00fcssen eine einzigartige Harmonie bildet.    Gewicht: 350 Gramm  Haltbarkeit: ca. 40 Tage  Lieferfrist: ca. 2\u20133 Tage  Art.Nr.: VIN-6009\" \/>\n<meta property=\"og:url\" content=\"https:\/\/vincenz-wengen.ch\/shop\/produkt\/fruechtebrot\/\" \/>\n<meta property=\"og:site_name\" content=\"B\u00e4ckerei-Konditorei Vincenz AG\" \/>\n<meta property=\"article:modified_time\" content=\"2021-12-06T22:06:51+00:00\" \/>\n<meta property=\"og:image\" content=\"https:\/\/vincenz-wengen.ch\/shop\/wp-content\/uploads\/2021\/12\/Fruechtebrot-geschnitten-IMG_2803-bear.jpg\" \/>\n\t<meta property=\"og:image:width\" content=\"2100\" \/>\n\t<meta property=\"og:image:height\" content=\"1400\" \/>\n\t<meta property=\"og:image:type\" content=\"image\/jpeg\" \/>\n<meta name=\"twitter:card\" content=\"summary_large_image\" \/>\n<script type=\"application\/ld+json\" class=\"yoast-schema-graph\">{\"@context\":\"https:\\\/\\\/schema.org\",\"@graph\":[{\"@type\":\"WebPage\",\"@id\":\"https:\\\/\\\/vincenz-wengen.ch\\\/shop\\\/produkt\\\/fruechtebrot\\\/\",\"url\":\"https:\\\/\\\/vincenz-wengen.ch\\\/shop\\\/produkt\\\/fruechtebrot\\\/\",\"name\":\"Fr\u00fcchtebrot - B\u00e4ckerei-Konditorei Vincenz AG\",\"isPartOf\":{\"@id\":\"https:\\\/\\\/vincenz-wengen.ch\\\/shop\\\/#website\"},\"primaryImageOfPage\":{\"@id\":\"https:\\\/\\\/vincenz-wengen.ch\\\/shop\\\/produkt\\\/fruechtebrot\\\/#primaryimage\"},\"image\":{\"@id\":\"https:\\\/\\\/vincenz-wengen.ch\\\/shop\\\/produkt\\\/fruechtebrot\\\/#primaryimage\"},\"thumbnailUrl\":\"https:\\\/\\\/vincenz-wengen.ch\\\/shop\\\/wp-content\\\/uploads\\\/2021\\\/12\\\/Fruechtebrot-geschnitten-IMG_2803-bear.jpg\",\"datePublished\":\"2021-12-02T17:16:31+00:00\",\"dateModified\":\"2021-12-06T22:06:51+00:00\",\"breadcrumb\":{\"@id\":\"https:\\\/\\\/vincenz-wengen.ch\\\/shop\\\/produkt\\\/fruechtebrot\\\/#breadcrumb\"},\"inLanguage\":\"de\",\"potentialAction\":[{\"@type\":\"ReadAction\",\"target\":[\"https:\\\/\\\/vincenz-wengen.ch\\\/shop\\\/produkt\\\/fruechtebrot\\\/\"]}]},{\"@type\":\"ImageObject\",\"inLanguage\":\"de\",\"@id\":\"https:\\\/\\\/vincenz-wengen.ch\\\/shop\\\/produkt\\\/fruechtebrot\\\/#primaryimage\",\"url\":\"https:\\\/\\\/vincenz-wengen.ch\\\/shop\\\/wp-content\\\/uploads\\\/2021\\\/12\\\/Fruechtebrot-geschnitten-IMG_2803-bear.jpg\",\"contentUrl\":\"https:\\\/\\\/vincenz-wengen.ch\\\/shop\\\/wp-content\\\/uploads\\\/2021\\\/12\\\/Fruechtebrot-geschnitten-IMG_2803-bear.jpg\",\"width\":2100,\"height\":1400},{\"@type\":\"BreadcrumbList\",\"@id\":\"https:\\\/\\\/vincenz-wengen.ch\\\/shop\\\/produkt\\\/fruechtebrot\\\/#breadcrumb\",\"itemListElement\":[{\"@type\":\"ListItem\",\"position\":1,\"name\":\"Startseite\",\"item\":\"https:\\\/\\\/vincenz-wengen.ch\\\/shop\\\/\"},{\"@type\":\"ListItem\",\"position\":2,\"name\":\"Shop\",\"item\":\"https:\\\/\\\/vincenz-wengen.ch\\\/shop\\\/shop\\\/\"},{\"@type\":\"ListItem\",\"position\":3,\"name\":\"Fr\u00fcchtebrot\"}]},{\"@type\":\"WebSite\",\"@id\":\"https:\\\/\\\/vincenz-wengen.ch\\\/shop\\\/#website\",\"url\":\"https:\\\/\\\/vincenz-wengen.ch\\\/shop\\\/\",\"name\":\"B\u00e4ckerei-Konditorei Vincenz AG\",\"description\":\"SHOP\",\"potentialAction\":[{\"@type\":\"SearchAction\",\"target\":{\"@type\":\"EntryPoint\",\"urlTemplate\":\"https:\\\/\\\/vincenz-wengen.ch\\\/shop\\\/?s={search_term_string}\"},\"query-input\":{\"@type\":\"PropertyValueSpecification\",\"valueRequired\":true,\"valueName\":\"search_term_string\"}}],\"inLanguage\":\"de\"}]}<\/script>\n<!-- \/ Yoast SEO plugin. -->","yoast_head_json":{"title":"Fr\u00fcchtebrot - B\u00e4ckerei-Konditorei Vincenz AG","robots":{"index":"index","follow":"follow","max-snippet":"max-snippet:-1","max-image-preview":"max-image-preview:large","max-video-preview":"max-video-preview:-1"},"canonical":"https:\/\/vincenz-wengen.ch\/shop\/produkt\/fruechtebrot\/","og_locale":"de_DE","og_type":"article","og_title":"Fr\u00fcchtebrot - B\u00e4ckerei-Konditorei Vincenz AG","og_description":"Handgeformt muss es sein, unser Fr\u00fcchtebrot Doch begeistert sind unsere Kunden vom Geschmack und langen Haltbarkeit. Beides sind einem idealen, ausgewogenen Mix an nat\u00fcrlich getrockneten Fr\u00fcchten wie Feigen und Aprikosen in Kombination mit verschiedenen Nusskernen zu verdanken. In Kombination bleibt dadurch das Fr\u00fcchtebrot richtig lange saftig feucht und haltbar. Die Geschmackskrone bildet sich aber durch eine winterlich angehauchte Gew\u00fcrzmischung, die dank feiner Abstimmung mit den D\u00f6rrfr\u00fcchten und N\u00fcssen eine einzigartige Harmonie bildet.    Gewicht: 350 Gramm  Haltbarkeit: ca. 40 Tage  Lieferfrist: ca. 2\u20133 Tage  Art.Nr.: VIN-6009","og_url":"https:\/\/vincenz-wengen.ch\/shop\/produkt\/fruechtebrot\/","og_site_name":"B\u00e4ckerei-Konditorei Vincenz AG","article_modified_time":"2021-12-06T22:06:51+00:00","og_image":[{"width":2100,"height":1400,"url":"https:\/\/vincenz-wengen.ch\/shop\/wp-content\/uploads\/2021\/12\/Fruechtebrot-geschnitten-IMG_2803-bear.jpg","type":"image\/jpeg"}],"twitter_card":"summary_large_image","schema":{"@context":"https:\/\/schema.org","@graph":[{"@type":"WebPage","@id":"https:\/\/vincenz-wengen.ch\/shop\/produkt\/fruechtebrot\/","url":"https:\/\/vincenz-wengen.ch\/shop\/produkt\/fruechtebrot\/","name":"Fr\u00fcchtebrot - B\u00e4ckerei-Konditorei Vincenz AG","isPartOf":{"@id":"https:\/\/vincenz-wengen.ch\/shop\/#website"},"primaryImageOfPage":{"@id":"https:\/\/vincenz-wengen.ch\/shop\/produkt\/fruechtebrot\/#primaryimage"},"image":{"@id":"https:\/\/vincenz-wengen.ch\/shop\/produkt\/fruechtebrot\/#primaryimage"},"thumbnailUrl":"https:\/\/vincenz-wengen.ch\/shop\/wp-content\/uploads\/2021\/12\/Fruechtebrot-geschnitten-IMG_2803-bear.jpg","datePublished":"2021-12-02T17:16:31+00:00","dateModified":"2021-12-06T22:06:51+00:00","breadcrumb":{"@id":"https:\/\/vincenz-wengen.ch\/shop\/produkt\/fruechtebrot\/#breadcrumb"},"inLanguage":"de","potentialAction":[{"@type":"ReadAction","target":["https:\/\/vincenz-wengen.ch\/shop\/produkt\/fruechtebrot\/"]}]},{"@type":"ImageObject","inLanguage":"de","@id":"https:\/\/vincenz-wengen.ch\/shop\/produkt\/fruechtebrot\/#primaryimage","url":"https:\/\/vincenz-wengen.ch\/shop\/wp-content\/uploads\/2021\/12\/Fruechtebrot-geschnitten-IMG_2803-bear.jpg","contentUrl":"https:\/\/vincenz-wengen.ch\/shop\/wp-content\/uploads\/2021\/12\/Fruechtebrot-geschnitten-IMG_2803-bear.jpg","width":2100,"height":1400},{"@type":"BreadcrumbList","@id":"https:\/\/vincenz-wengen.ch\/shop\/produkt\/fruechtebrot\/#breadcrumb","itemListElement":[{"@type":"ListItem","position":1,"name":"Startseite","item":"https:\/\/vincenz-wengen.ch\/shop\/"},{"@type":"ListItem","position":2,"name":"Shop","item":"https:\/\/vincenz-wengen.ch\/shop\/shop\/"},{"@type":"ListItem","position":3,"name":"Fr\u00fcchtebrot"}]},{"@type":"WebSite","@id":"https:\/\/vincenz-wengen.ch\/shop\/#website","url":"https:\/\/vincenz-wengen.ch\/shop\/","name":"B\u00e4ckerei-Konditorei Vincenz AG","description":"SHOP","potentialAction":[{"@type":"SearchAction","target":{"@type":"EntryPoint","urlTemplate":"https:\/\/vincenz-wengen.ch\/shop\/?s={search_term_string}"},"query-input":{"@type":"PropertyValueSpecification","valueRequired":true,"valueName":"search_term_string"}}],"inLanguage":"de"}]}},"_links":{"self":[{"href":"https:\/\/vincenz-wengen.ch\/shop\/wp-json\/wp\/v2\/product\/416","targetHints":{"allow":["GET"]}}],"collection":[{"href":"https:\/\/vincenz-wengen.ch\/shop\/wp-json\/wp\/v2\/product"}],"about":[{"href":"https:\/\/vincenz-wengen.ch\/shop\/wp-json\/wp\/v2\/types\/product"}],"replies":[{"embeddable":true,"href":"https:\/\/vincenz-wengen.ch\/shop\/wp-json\/wp\/v2\/comments?post=416"}],"wp:featuredmedia":[{"embeddable":true,"href":"https:\/\/vincenz-wengen.ch\/shop\/wp-json\/wp\/v2\/media\/414"}],"wp:attachment":[{"href":"https:\/\/vincenz-wengen.ch\/shop\/wp-json\/wp\/v2\/media?parent=416"}],"wp:term":[{"taxonomy":"product_brand","embeddable":true,"href":"https:\/\/vincenz-wengen.ch\/shop\/wp-json\/wp\/v2\/product_brand?post=416"},{"taxonomy":"product_cat","embeddable":true,"href":"https:\/\/vincenz-wengen.ch\/shop\/wp-json\/wp\/v2\/product_cat?post=416"},{"taxonomy":"product_tag","embeddable":true,"href":"https:\/\/vincenz-wengen.ch\/shop\/wp-json\/wp\/v2\/product_tag?post=416"}],"curies":[{"name":"wp","href":"https:\/\/api.w.org\/{rel}","templated":true}]}}