
{"id":643,"date":"2026-02-24T15:39:26","date_gmt":"2026-02-24T15:39:26","guid":{"rendered":"https:\/\/vincenz-wengen.ch\/shop\/?post_type=product&#038;p=643"},"modified":"2026-02-24T14:53:40","modified_gmt":"2026-02-24T14:53:40","slug":"ostereili-saeckli-bunt","status":"publish","type":"product","link":"https:\/\/vincenz-wengen.ch\/shop\/produkt\/ostereili-saeckli-bunt\/","title":{"rendered":"Ostereili S\u00e4ckli bunt"},"content":{"rendered":"<p style=\"text-align: center;\"><strong>Couv. Marac. Criolait 38% <\/strong>(Zucker, Kakaobutter, Kakaokerne, <strong>Magermilchpulver<\/strong> (CH), <strong>Vollmilchpulver<\/strong> (CH), <strong>Rahmpulver<\/strong> (CH), Vanille<br \/>\n<strong>F\u00fcllung:<\/strong> Tonkabohnen, Kaffee, Himbeere 18%, Zucker, Kakaokerne, Kakaobutter, Feuchthaltemittel (Sorbit), <strong>Vollmilchpulver<\/strong>, <strong>Butter<\/strong>, Glukosesirup (Weizenglukose), <strong>Magermilchpulver<\/strong>, Emulgator (Sojalecithin), Vanilleextrakt, Vanille, Farben (E132, E129, E102)<\/p>\n","protected":false},"excerpt":{"rendered":"<p><span style=\"font-size: 12pt;\"><strong>Ostereili &#8211; bunter Mix verzaubert alle<br \/>\n<\/strong>Einzigartige, marmorierte Schokoladen-Ostereili in verschiedenen Farben, assortiert. Aussen bunt und innen feinste Rahm-Ganache.<\/span><\/p>\n<p>Mit dieser \u00dcberraschung werden Sie immer ganz viel Freude bereiten.<\/p>\n<ul>\n<li><span style=\"font-size: 10pt;\">Einheit: Beutel mit 6 St\u00fcck<\/span><\/li>\n<li><span style=\"font-size: 10pt;\">Gewicht: 115 Gramm<\/span><\/li>\n<li><span style=\"font-size: 10pt;\">Haltbarkeit: ca. 75 Tage<\/span><\/li>\n<li><span style=\"font-size: 10pt;\">Art.Nr. VIN-7872<\/span><\/li>\n<\/ul>\n<p>Auslieferung erfolgt ab 16. M\u00e4rz 2026<\/p>\n","protected":false},"featured_media":638,"comment_status":"closed","ping_status":"closed","template":"","meta":[],"product_brand":[],"product_cat":[18],"product_tag":[],"class_list":{"0":"post-643","1":"product","2":"type-product","3":"status-publish","4":"has-post-thumbnail","6":"product_cat-schoko-spezialitaeten","8":"first","9":"instock","10":"taxable","11":"shipping-taxable","12":"purchasable","13":"product-type-simple"},"yoast_head":"<!-- This site is optimized with the Yoast SEO plugin v27.4 - https:\/\/yoast.com\/product\/yoast-seo-wordpress\/ -->\n<title>Ostereili S\u00e4ckli bunt - B\u00e4ckerei-Konditorei Vincenz AG<\/title>\n<meta name=\"robots\" content=\"index, follow, max-snippet:-1, max-image-preview:large, max-video-preview:-1\" \/>\n<link rel=\"canonical\" href=\"https:\/\/vincenz-wengen.ch\/shop\/produkt\/ostereili-saeckli-bunt\/\" \/>\n<meta property=\"og:locale\" content=\"de_DE\" \/>\n<meta property=\"og:type\" content=\"article\" \/>\n<meta property=\"og:title\" content=\"Ostereili S\u00e4ckli bunt - B\u00e4ckerei-Konditorei Vincenz AG\" \/>\n<meta property=\"og:description\" content=\"Ostereili - bunter Mix verzaubert alle Einzigartige, marmorierte Schokoladen-Ostereili in verschiedenen Farben, assortiert. Aussen bunt und innen feinste Rahm-Ganache.  Mit dieser \u00dcberraschung werden Sie immer ganz viel Freude bereiten.   Einheit: Beutel mit 6 St\u00fcck  Gewicht: 115 Gramm  Haltbarkeit: ca. 75 Tage  Art.Nr. VIN-7872  Auslieferung erfolgt ab 16. M\u00e4rz 2026\" \/>\n<meta property=\"og:url\" content=\"https:\/\/vincenz-wengen.ch\/shop\/produkt\/ostereili-saeckli-bunt\/\" \/>\n<meta property=\"og:site_name\" content=\"B\u00e4ckerei-Konditorei Vincenz AG\" \/>\n<meta property=\"og:image\" content=\"https:\/\/vincenz-wengen.ch\/shop\/wp-content\/uploads\/2022\/03\/Ostereier-farbig-Saeckli-IMG_6539-1400px.jpg\" \/>\n\t<meta property=\"og:image:width\" content=\"1400\" \/>\n\t<meta property=\"og:image:height\" content=\"1400\" \/>\n\t<meta property=\"og:image:type\" content=\"image\/jpeg\" \/>\n<meta name=\"twitter:card\" content=\"summary_large_image\" \/>\n<meta name=\"twitter:label1\" content=\"Gesch\u00e4tzte Lesezeit\" \/>\n\t<meta name=\"twitter:data1\" content=\"1\u00a0Minute\" \/>\n<script type=\"application\/ld+json\" class=\"yoast-schema-graph\">{\"@context\":\"https:\\\/\\\/schema.org\",\"@graph\":[{\"@type\":\"WebPage\",\"@id\":\"https:\\\/\\\/vincenz-wengen.ch\\\/shop\\\/produkt\\\/ostereili-saeckli-bunt\\\/\",\"url\":\"https:\\\/\\\/vincenz-wengen.ch\\\/shop\\\/produkt\\\/ostereili-saeckli-bunt\\\/\",\"name\":\"Ostereili S\u00e4ckli bunt - B\u00e4ckerei-Konditorei Vincenz AG\",\"isPartOf\":{\"@id\":\"https:\\\/\\\/vincenz-wengen.ch\\\/shop\\\/#website\"},\"primaryImageOfPage\":{\"@id\":\"https:\\\/\\\/vincenz-wengen.ch\\\/shop\\\/produkt\\\/ostereili-saeckli-bunt\\\/#primaryimage\"},\"image\":{\"@id\":\"https:\\\/\\\/vincenz-wengen.ch\\\/shop\\\/produkt\\\/ostereili-saeckli-bunt\\\/#primaryimage\"},\"thumbnailUrl\":\"https:\\\/\\\/vincenz-wengen.ch\\\/shop\\\/wp-content\\\/uploads\\\/2022\\\/03\\\/Ostereier-farbig-Saeckli-IMG_6539-1400px.jpg\",\"datePublished\":\"2026-02-24T15:39:26+00:00\",\"breadcrumb\":{\"@id\":\"https:\\\/\\\/vincenz-wengen.ch\\\/shop\\\/produkt\\\/ostereili-saeckli-bunt\\\/#breadcrumb\"},\"inLanguage\":\"de\",\"potentialAction\":[{\"@type\":\"ReadAction\",\"target\":[\"https:\\\/\\\/vincenz-wengen.ch\\\/shop\\\/produkt\\\/ostereili-saeckli-bunt\\\/\"]}]},{\"@type\":\"ImageObject\",\"inLanguage\":\"de\",\"@id\":\"https:\\\/\\\/vincenz-wengen.ch\\\/shop\\\/produkt\\\/ostereili-saeckli-bunt\\\/#primaryimage\",\"url\":\"https:\\\/\\\/vincenz-wengen.ch\\\/shop\\\/wp-content\\\/uploads\\\/2022\\\/03\\\/Ostereier-farbig-Saeckli-IMG_6539-1400px.jpg\",\"contentUrl\":\"https:\\\/\\\/vincenz-wengen.ch\\\/shop\\\/wp-content\\\/uploads\\\/2022\\\/03\\\/Ostereier-farbig-Saeckli-IMG_6539-1400px.jpg\",\"width\":1400,\"height\":1400},{\"@type\":\"BreadcrumbList\",\"@id\":\"https:\\\/\\\/vincenz-wengen.ch\\\/shop\\\/produkt\\\/ostereili-saeckli-bunt\\\/#breadcrumb\",\"itemListElement\":[{\"@type\":\"ListItem\",\"position\":1,\"name\":\"Startseite\",\"item\":\"https:\\\/\\\/vincenz-wengen.ch\\\/shop\\\/\"},{\"@type\":\"ListItem\",\"position\":2,\"name\":\"Shop\",\"item\":\"https:\\\/\\\/vincenz-wengen.ch\\\/shop\\\/shop\\\/\"},{\"@type\":\"ListItem\",\"position\":3,\"name\":\"Ostereili S\u00e4ckli bunt\"}]},{\"@type\":\"WebSite\",\"@id\":\"https:\\\/\\\/vincenz-wengen.ch\\\/shop\\\/#website\",\"url\":\"https:\\\/\\\/vincenz-wengen.ch\\\/shop\\\/\",\"name\":\"B\u00e4ckerei-Konditorei Vincenz AG\",\"description\":\"SHOP\",\"potentialAction\":[{\"@type\":\"SearchAction\",\"target\":{\"@type\":\"EntryPoint\",\"urlTemplate\":\"https:\\\/\\\/vincenz-wengen.ch\\\/shop\\\/?s={search_term_string}\"},\"query-input\":{\"@type\":\"PropertyValueSpecification\",\"valueRequired\":true,\"valueName\":\"search_term_string\"}}],\"inLanguage\":\"de\"}]}<\/script>\n<!-- \/ Yoast SEO plugin. -->","yoast_head_json":{"title":"Ostereili S\u00e4ckli bunt - B\u00e4ckerei-Konditorei Vincenz AG","robots":{"index":"index","follow":"follow","max-snippet":"max-snippet:-1","max-image-preview":"max-image-preview:large","max-video-preview":"max-video-preview:-1"},"canonical":"https:\/\/vincenz-wengen.ch\/shop\/produkt\/ostereili-saeckli-bunt\/","og_locale":"de_DE","og_type":"article","og_title":"Ostereili S\u00e4ckli bunt - B\u00e4ckerei-Konditorei Vincenz AG","og_description":"Ostereili - bunter Mix verzaubert alle Einzigartige, marmorierte Schokoladen-Ostereili in verschiedenen Farben, assortiert. Aussen bunt und innen feinste Rahm-Ganache.  Mit dieser \u00dcberraschung werden Sie immer ganz viel Freude bereiten.   Einheit: Beutel mit 6 St\u00fcck  Gewicht: 115 Gramm  Haltbarkeit: ca. 75 Tage  Art.Nr. VIN-7872  Auslieferung erfolgt ab 16. M\u00e4rz 2026","og_url":"https:\/\/vincenz-wengen.ch\/shop\/produkt\/ostereili-saeckli-bunt\/","og_site_name":"B\u00e4ckerei-Konditorei Vincenz AG","og_image":[{"width":1400,"height":1400,"url":"https:\/\/vincenz-wengen.ch\/shop\/wp-content\/uploads\/2022\/03\/Ostereier-farbig-Saeckli-IMG_6539-1400px.jpg","type":"image\/jpeg"}],"twitter_card":"summary_large_image","twitter_misc":{"Gesch\u00e4tzte Lesezeit":"1\u00a0Minute"},"schema":{"@context":"https:\/\/schema.org","@graph":[{"@type":"WebPage","@id":"https:\/\/vincenz-wengen.ch\/shop\/produkt\/ostereili-saeckli-bunt\/","url":"https:\/\/vincenz-wengen.ch\/shop\/produkt\/ostereili-saeckli-bunt\/","name":"Ostereili S\u00e4ckli bunt - B\u00e4ckerei-Konditorei Vincenz AG","isPartOf":{"@id":"https:\/\/vincenz-wengen.ch\/shop\/#website"},"primaryImageOfPage":{"@id":"https:\/\/vincenz-wengen.ch\/shop\/produkt\/ostereili-saeckli-bunt\/#primaryimage"},"image":{"@id":"https:\/\/vincenz-wengen.ch\/shop\/produkt\/ostereili-saeckli-bunt\/#primaryimage"},"thumbnailUrl":"https:\/\/vincenz-wengen.ch\/shop\/wp-content\/uploads\/2022\/03\/Ostereier-farbig-Saeckli-IMG_6539-1400px.jpg","datePublished":"2026-02-24T15:39:26+00:00","breadcrumb":{"@id":"https:\/\/vincenz-wengen.ch\/shop\/produkt\/ostereili-saeckli-bunt\/#breadcrumb"},"inLanguage":"de","potentialAction":[{"@type":"ReadAction","target":["https:\/\/vincenz-wengen.ch\/shop\/produkt\/ostereili-saeckli-bunt\/"]}]},{"@type":"ImageObject","inLanguage":"de","@id":"https:\/\/vincenz-wengen.ch\/shop\/produkt\/ostereili-saeckli-bunt\/#primaryimage","url":"https:\/\/vincenz-wengen.ch\/shop\/wp-content\/uploads\/2022\/03\/Ostereier-farbig-Saeckli-IMG_6539-1400px.jpg","contentUrl":"https:\/\/vincenz-wengen.ch\/shop\/wp-content\/uploads\/2022\/03\/Ostereier-farbig-Saeckli-IMG_6539-1400px.jpg","width":1400,"height":1400},{"@type":"BreadcrumbList","@id":"https:\/\/vincenz-wengen.ch\/shop\/produkt\/ostereili-saeckli-bunt\/#breadcrumb","itemListElement":[{"@type":"ListItem","position":1,"name":"Startseite","item":"https:\/\/vincenz-wengen.ch\/shop\/"},{"@type":"ListItem","position":2,"name":"Shop","item":"https:\/\/vincenz-wengen.ch\/shop\/shop\/"},{"@type":"ListItem","position":3,"name":"Ostereili S\u00e4ckli bunt"}]},{"@type":"WebSite","@id":"https:\/\/vincenz-wengen.ch\/shop\/#website","url":"https:\/\/vincenz-wengen.ch\/shop\/","name":"B\u00e4ckerei-Konditorei Vincenz AG","description":"SHOP","potentialAction":[{"@type":"SearchAction","target":{"@type":"EntryPoint","urlTemplate":"https:\/\/vincenz-wengen.ch\/shop\/?s={search_term_string}"},"query-input":{"@type":"PropertyValueSpecification","valueRequired":true,"valueName":"search_term_string"}}],"inLanguage":"de"}]}},"_links":{"self":[{"href":"https:\/\/vincenz-wengen.ch\/shop\/wp-json\/wp\/v2\/product\/643","targetHints":{"allow":["GET"]}}],"collection":[{"href":"https:\/\/vincenz-wengen.ch\/shop\/wp-json\/wp\/v2\/product"}],"about":[{"href":"https:\/\/vincenz-wengen.ch\/shop\/wp-json\/wp\/v2\/types\/product"}],"replies":[{"embeddable":true,"href":"https:\/\/vincenz-wengen.ch\/shop\/wp-json\/wp\/v2\/comments?post=643"}],"wp:featuredmedia":[{"embeddable":true,"href":"https:\/\/vincenz-wengen.ch\/shop\/wp-json\/wp\/v2\/media\/638"}],"wp:attachment":[{"href":"https:\/\/vincenz-wengen.ch\/shop\/wp-json\/wp\/v2\/media?parent=643"}],"wp:term":[{"taxonomy":"product_brand","embeddable":true,"href":"https:\/\/vincenz-wengen.ch\/shop\/wp-json\/wp\/v2\/product_brand?post=643"},{"taxonomy":"product_cat","embeddable":true,"href":"https:\/\/vincenz-wengen.ch\/shop\/wp-json\/wp\/v2\/product_cat?post=643"},{"taxonomy":"product_tag","embeddable":true,"href":"https:\/\/vincenz-wengen.ch\/shop\/wp-json\/wp\/v2\/product_tag?post=643"}],"curies":[{"name":"wp","href":"https:\/\/api.w.org\/{rel}","templated":true}]}}